{"id":3385,"date":"2025-07-03T13:24:21","date_gmt":"2025-07-03T13:24:21","guid":{"rendered":"https:\/\/www.strzelnica-magnum.pl\/?post_type=product&#038;p=3385"},"modified":"2025-07-03T13:38:45","modified_gmt":"2025-07-03T13:38:45","slug":"mossberg-mmr-pro","status":"publish","type":"product","link":"https:\/\/www.strzelnica-magnum.pl\/en\/uzbrojenie\/bron-dluga\/mossberg-mmr-pro\/","title":{"rendered":"Mossberg MMR Pro"},"content":{"rendered":"<p><strong>Mossberg MMR Pro<\/strong> karabinek z rodziny AR-15, kt\u00f3ry zosta\u0142 zaprojektowany od podstaw, by sprosta\u0107 oczekiwaniom najbardziej wymagaj\u0105cych strzelc\u00f3w sportowych i taktycznych. To bro\u0144, kt\u00f3ra eliminuje kompromisy, dostarczaj\u0105c topow\u0105 wydajno\u015b\u0107 prosto z fabrycznego pude\u0142ka.<\/p>\n<p>Model MMR Pro to kulminacja do\u015bwiadczenia firmy Mossberg w tworzeniu niezawodnej broni, przeniesiona na najpopularniejsz\u0105 platform\u0119 karabinkow\u0105 na \u015bwiecie. Stworzony z my\u015bl\u0105 o rywalizacji w konkurencjach dynamicznych, takich jak 3-Gun czy IPSC, jest r\u00f3wnie\u017c doskona\u0142ym wyborem dla ka\u017cdego, kto poszukuje bezkonkurencyjnej celno\u015bci i ergonomii.<\/p>\n<p>&#8211; Spust JM Pro: Regulowany, sportowy mechanizm spustowy typu &#8220;drop-in&#8221; o wyj\u0105tkowo kr\u00f3tkim resecie.<br \/>\n&#8211; Swobodnie P\u0142ywaj\u0105ca Lufa: 18-calowa lufa ze stali nierdzewnej gwarantuje maksymaln\u0105 precyzj\u0119 strza\u0142u.<br \/>\n&#8211; Wydajny Hamulec Wylotowy: Znacz\u0105co ogranicza odrzut, umo\u017cliwiaj\u0105c szybsze i celniejsze strzelanie.<br \/>\n&#8211; System Gazowy &#8220;Rifle-Length&#8221;: D\u0142ugi system gazowy zapewnia p\u0142ynniejsz\u0105 prac\u0119 automatyki i \u0142agodniejszy impuls odrzutu.<br \/>\n&#8211; Smuk\u0142e \u0141o\u017ce M-LOK: Nowoczesne, aluminiowe \u0142o\u017ce pozwala na monta\u017c dowolnych akcesori\u00f3w i nie wp\u0142ywa na prac\u0119 lufy.<br \/>\n&#8211; Ulepszona Ergonomia: Regulowana kolba Magpul\u00ae CTR\u00ae oraz wygodny chwyt pistoletowy zapewniaj\u0105 doskona\u0142\u0105 kontrol\u0119 i komfort.<\/p>\n<p><strong>Cena 6 990 z\u0142<\/strong><\/p>\n<p><em>Bro\u0144 palna, amunicja i istotne elementy broni nie s\u0105 sprzedawane on-line. Mo\u017cna je naby\u0107 osobi\u015bcie w naszym sklepie. Warunkiem nabycia broni jest przed\u0142o\u017cenie aktualnego za\u015bwiadczenia (promesy) uprawniaj\u0105cej do zakupu broni oraz dowodu osobistego. Niniejsz\u0105 ofert\u0119 zamieszczamy w celu pogl\u0105dowym. Przed zakupem broni prosimy o kontakt telefoniczny.<\/em><\/p>\n","protected":false},"excerpt":{"rendered":"<p>Mossberg MMR Pro karabinek z rodziny AR-15, kt\u00f3ry zosta\u0142 zaprojektowany od podstaw, by sprosta\u0107 oczekiwaniom najbardziej wymagaj\u0105cych strzelc\u00f3w sportowych i taktycznych. To bro\u0144, kt\u00f3ra eliminuje kompromisy,<span class=\"excerpt-hellip\"> [\u2026]<\/span><\/p>\n","protected":false},"featured_media":3389,"comment_status":"closed","ping_status":"closed","template":"","meta":[],"product_cat":[43,157],"product_tag":[],"class_list":{"0":"post-3385","1":"product","2":"type-product","3":"status-publish","4":"has-post-thumbnail","6":"product_cat-bron-dluga","7":"product_cat-mossberg","9":"first","10":"instock","11":"shipping-taxable","12":"product-type-simple"},"_links":{"self":[{"href":"https:\/\/www.strzelnica-magnum.pl\/en\/wp-json\/wp\/v2\/product\/3385","targetHints":{"allow":["GET"]}}],"collection":[{"href":"https:\/\/www.strzelnica-magnum.pl\/en\/wp-json\/wp\/v2\/product"}],"about":[{"href":"https:\/\/www.strzelnica-magnum.pl\/en\/wp-json\/wp\/v2\/types\/product"}],"replies":[{"embeddable":true,"href":"https:\/\/www.strzelnica-magnum.pl\/en\/wp-json\/wp\/v2\/comments?post=3385"}],"wp:featuredmedia":[{"embeddable":true,"href":"https:\/\/www.strzelnica-magnum.pl\/en\/wp-json\/wp\/v2\/media\/3389"}],"wp:attachment":[{"href":"https:\/\/www.strzelnica-magnum.pl\/en\/wp-json\/wp\/v2\/media?parent=3385"}],"wp:term":[{"taxonomy":"product_cat","embeddable":true,"href":"https:\/\/www.strzelnica-magnum.pl\/en\/wp-json\/wp\/v2\/product_cat?post=3385"},{"taxonomy":"product_tag","embeddable":true,"href":"https:\/\/www.strzelnica-magnum.pl\/en\/wp-json\/wp\/v2\/product_tag?post=3385"}],"curies":[{"name":"wp","href":"https:\/\/api.w.org\/{rel}","templated":true}]}}