{"id":3382,"date":"2025-07-03T13:19:55","date_gmt":"2025-07-03T13:19:55","guid":{"rendered":"https:\/\/www.strzelnica-magnum.pl\/?post_type=product&#038;p=3382"},"modified":"2025-07-03T13:19:55","modified_gmt":"2025-07-03T13:19:55","slug":"mossberg-940-jm-pro","status":"publish","type":"product","link":"https:\/\/www.strzelnica-magnum.pl\/en\/uzbrojenie\/bron-dluga\/mossberg-940-jm-pro\/","title":{"rendered":"Mossberg 940 JM Pro"},"content":{"rendered":"<p><strong>Mossberg 940 JM Pro<\/strong> strzelba samopowtarzalna, kt\u00f3ra jest wynikiem po\u0142\u0105czenia legendarnej in\u017cynierii Mossberga z bezkonkurencyjnym do\u015bwiadczeniem mistrza \u015bwiata w strzelectwie praktycznym, Jerry&#8217;ego Miculeka. To nie jest zwyk\u0142a bro\u0144. To precyzyjnie dostrojona maszyna, gotowa do wygrywania zawod\u00f3w prosto z pude\u0142ka.<\/p>\n<p>&#8211; <strong>System Gazowy Gotowy na Maraton<\/strong>: Ca\u0142kowicie nowy, wytrzyma\u0142y system gazowy pozwala na wystrzelenie nawet 1500 naboj\u00f3w bez czyszczenia, gwarantuj\u0105c absolutn\u0105 niezawodno\u015b\u0107 podczas d\u0142ugich i wymagaj\u0105cych zawod\u00f3w.<br \/>\n&#8211; <strong>Intuicyjne i Szybkie Manipulatory:<\/strong> Powi\u0119kszone, profilowane manipulatory, w tym charakterystyczna r\u0105czka prze\u0142adowania i przycisk zwalniania zamka, zosta\u0142y zaprojektowane z my\u015bl\u0105 o b\u0142yskawicznej obs\u0142udze pod presj\u0105 czasu.<br \/>\n&#8211; <strong>B\u0142yskawiczne \u0141adowanie:<\/strong> Specjalnie wyprofilowany, powi\u0119kszony port \u0142adowania u\u0142atwia i przyspiesza uzupe\u0142nianie amunicji, w tym popularn\u0105 technik\u0105 &#8220;quad-loading&#8221;.<br \/>\n&#8211; <strong>Pe\u0142na Regulacja i Dopasowanie:<\/strong> Kolba o sportowym profilu oferuje szeroki zakres regulacji d\u0142ugo\u015bci (LOP) oraz wysoko\u015bci baki, co pozwala na idealne dopasowanie broni do sylwetki i stylu strzelca.<\/p>\n<p><strong>Cena 5 090 z\u0142<\/strong><\/p>\n<p><em>Bro\u0144 palna, amunicja i istotne elementy broni nie s\u0105 sprzedawane on-line. Mo\u017cna je naby\u0107 osobi\u015bcie w naszym sklepie. Warunkiem nabycia broni jest przed\u0142o\u017cenie aktualnego za\u015bwiadczenia (promesy) uprawniaj\u0105cej do zakupu broni oraz dowodu osobistego. Niniejsz\u0105 ofert\u0119 zamieszczamy w celu pogl\u0105dowym. Przed zakupem broni prosimy o kontakt telefoniczny.<\/em><\/p>\n","protected":false},"excerpt":{"rendered":"<p>Mossberg 940 JM Pro strzelba samopowtarzalna, kt\u00f3ra jest wynikiem po\u0142\u0105czenia legendarnej in\u017cynierii Mossberga z bezkonkurencyjnym do\u015bwiadczeniem mistrza \u015bwiata w strzelectwie praktycznym, Jerry&#8217;ego Miculeka. To nie jest<span class=\"excerpt-hellip\"> [\u2026]<\/span><\/p>\n","protected":false},"featured_media":3383,"comment_status":"closed","ping_status":"closed","template":"","meta":[],"product_cat":[43,157],"product_tag":[],"class_list":{"0":"post-3382","1":"product","2":"type-product","3":"status-publish","4":"has-post-thumbnail","6":"product_cat-bron-dluga","7":"product_cat-mossberg","9":"first","10":"instock","11":"shipping-taxable","12":"product-type-simple"},"_links":{"self":[{"href":"https:\/\/www.strzelnica-magnum.pl\/en\/wp-json\/wp\/v2\/product\/3382","targetHints":{"allow":["GET"]}}],"collection":[{"href":"https:\/\/www.strzelnica-magnum.pl\/en\/wp-json\/wp\/v2\/product"}],"about":[{"href":"https:\/\/www.strzelnica-magnum.pl\/en\/wp-json\/wp\/v2\/types\/product"}],"replies":[{"embeddable":true,"href":"https:\/\/www.strzelnica-magnum.pl\/en\/wp-json\/wp\/v2\/comments?post=3382"}],"wp:featuredmedia":[{"embeddable":true,"href":"https:\/\/www.strzelnica-magnum.pl\/en\/wp-json\/wp\/v2\/media\/3383"}],"wp:attachment":[{"href":"https:\/\/www.strzelnica-magnum.pl\/en\/wp-json\/wp\/v2\/media?parent=3382"}],"wp:term":[{"taxonomy":"product_cat","embeddable":true,"href":"https:\/\/www.strzelnica-magnum.pl\/en\/wp-json\/wp\/v2\/product_cat?post=3382"},{"taxonomy":"product_tag","embeddable":true,"href":"https:\/\/www.strzelnica-magnum.pl\/en\/wp-json\/wp\/v2\/product_tag?post=3382"}],"curies":[{"name":"wp","href":"https:\/\/api.w.org\/{rel}","templated":true}]}}