{"id":3374,"date":"2025-07-03T13:10:31","date_gmt":"2025-07-03T13:10:31","guid":{"rendered":"https:\/\/www.strzelnica-magnum.pl\/?post_type=product&#038;p=3374"},"modified":"2025-07-03T13:10:31","modified_gmt":"2025-07-03T13:10:31","slug":"mossberg-940-pro-tactical-holosun","status":"publish","type":"product","link":"https:\/\/www.strzelnica-magnum.pl\/en\/uzbrojenie\/bron-dluga\/mossberg-940-pro-tactical-holosun\/","title":{"rendered":"Mossberg 940 Pro Tactical Holosun"},"content":{"rendered":"<p><strong>Mossberg 940 Pro Tactical Holosun<\/strong> <\/p>\n<p>Mossberg przeni\u00f3s\u0142 model 940 Pro Tactical na wy\u017cszy poziom. Od innowacyjnej kombinacji cz\u00f3\u0142enka z os\u0142on\u0105 termiczn\u0105, po dodan\u0105 \u0142adownic\u0119 na naboje, monta\u017ce QD i niskoprofilow\u0105 muszk\u0119, wyposa\u017cyli seri\u0119 940 Pro Tactical &#8211; SPX w funkcjonalne, wysokiej klasy cechy, kt\u00f3rych strzelcy poszukuj\u0105 w taktycznej strzelbie samopowtarzalnej. Ten model zawiera mikrokolimator Holosun HS407K.<\/p>\n<p>&#8211; Przygotowany pod monta\u017c optyki (standard mocowania Shield RMSc)<br \/>\n&#8211; Zamontowany kolimator Holosun HS407k<br \/>\n&#8211; Zawiera 3 dodatkowe p\u0142ytki monta\u017cowe do optyki w standardzie RMR, Docter i Leupold<br \/>\n&#8211; Nowe cz\u00f3\u0142enko posiada zintegrowan\u0105 os\u0142on\u0119 termiczn\u0105, liczne gniazda na akcesoria w systemie M-Lok oraz porty QD<br \/>\n&#8211; System 6-nabojowej \u0142adownicy Vang Comp<br \/>\n&#8211; Niezawodny system gazowy (Clean-Running Gas-Vent System)<br \/>\n&#8211; Powi\u0119kszony, ergonomiczny bezpiecznik i przycisk zwalniania zamka<br \/>\n&#8211; Kolba z regulowan\u0105 d\u0142ugo\u015bci\u0105 (Length of Pull) i portami QD<br \/>\n&#8211; Komora zamkowa z otworami do monta\u017cu optyki<\/p>\n<p><strong>Cena 5 990 z\u0142<\/strong><\/p>\n<p><em>Bro\u0144 palna, amunicja i istotne elementy broni nie s\u0105 sprzedawane on-line. Mo\u017cna je naby\u0107 osobi\u015bcie w naszym sklepie. Warunkiem nabycia broni jest przed\u0142o\u017cenie aktualnego za\u015bwiadczenia (promesy) uprawniaj\u0105cej do zakupu broni oraz dowodu osobistego. Niniejsz\u0105 ofert\u0119 zamieszczamy w celu pogl\u0105dowym. Przed zakupem broni prosimy o kontakt telefoniczny.<\/em><\/p>\n","protected":false},"excerpt":{"rendered":"<p>Mossberg 940 Pro Tactical Holosun Mossberg przeni\u00f3s\u0142 model 940 Pro Tactical na wy\u017cszy poziom. Od innowacyjnej kombinacji cz\u00f3\u0142enka z os\u0142on\u0105 termiczn\u0105, po dodan\u0105 \u0142adownic\u0119 na naboje,<span class=\"excerpt-hellip\"> [\u2026]<\/span><\/p>\n","protected":false},"featured_media":3376,"comment_status":"closed","ping_status":"closed","template":"","meta":[],"product_cat":[43,157],"product_tag":[],"class_list":{"0":"post-3374","1":"product","2":"type-product","3":"status-publish","4":"has-post-thumbnail","6":"product_cat-bron-dluga","7":"product_cat-mossberg","9":"first","10":"instock","11":"shipping-taxable","12":"product-type-simple"},"_links":{"self":[{"href":"https:\/\/www.strzelnica-magnum.pl\/en\/wp-json\/wp\/v2\/product\/3374","targetHints":{"allow":["GET"]}}],"collection":[{"href":"https:\/\/www.strzelnica-magnum.pl\/en\/wp-json\/wp\/v2\/product"}],"about":[{"href":"https:\/\/www.strzelnica-magnum.pl\/en\/wp-json\/wp\/v2\/types\/product"}],"replies":[{"embeddable":true,"href":"https:\/\/www.strzelnica-magnum.pl\/en\/wp-json\/wp\/v2\/comments?post=3374"}],"wp:featuredmedia":[{"embeddable":true,"href":"https:\/\/www.strzelnica-magnum.pl\/en\/wp-json\/wp\/v2\/media\/3376"}],"wp:attachment":[{"href":"https:\/\/www.strzelnica-magnum.pl\/en\/wp-json\/wp\/v2\/media?parent=3374"}],"wp:term":[{"taxonomy":"product_cat","embeddable":true,"href":"https:\/\/www.strzelnica-magnum.pl\/en\/wp-json\/wp\/v2\/product_cat?post=3374"},{"taxonomy":"product_tag","embeddable":true,"href":"https:\/\/www.strzelnica-magnum.pl\/en\/wp-json\/wp\/v2\/product_tag?post=3374"}],"curies":[{"name":"wp","href":"https:\/\/api.w.org\/{rel}","templated":true}]}}