{"id":3360,"date":"2025-07-03T12:48:38","date_gmt":"2025-07-03T12:48:38","guid":{"rendered":"https:\/\/www.strzelnica-magnum.pl\/?post_type=product&#038;p=3360"},"modified":"2025-07-03T12:48:38","modified_gmt":"2025-07-03T12:48:38","slug":"mossberg-590a1-xs-ghost-ring","status":"publish","type":"product","link":"https:\/\/www.strzelnica-magnum.pl\/en\/uzbrojenie\/bron-dluga\/mossberg-590a1-xs-ghost-ring\/","title":{"rendered":"Mossberg 590A1 XS Ghost Ring"},"content":{"rendered":"<p><strong>Mossberg 590A1 XS Ghost Ring<\/strong> to najwytrzymalsza ze strzelb typu &#8220;pump-action&#8221; Mossberga, spe\u0142niaj\u0105ca norm\u0119 MIL-SPEC 3443G, dzi\u0119ki grubo\u015bciennej lufie, metalowej os\u0142onie spustu i bezpiecznikowi, rurze magazynka z mo\u017cliwo\u015bci\u0105 \u0142atwego czyszczenia oraz wyko\u0144czeniu fosforanowaniem (parkeryzacji). Jego solidna budowa i sprawdzona wytrzyma\u0142o\u015b\u0107 czyni\u0105 go doskona\u0142ym wyborem do zastosowa\u0144 w obronie domu.<\/p>\n<p>&#8211; Konstrukcja zgodna ze specyfikacj\u0105 wojskow\u0105 (MIL-SPEC)<br \/>\n&#8211; Grubo\u015bcienna lufa<br \/>\n&#8211; Metalowa os\u0142ona spustu i bezpiecznik<br \/>\n&#8211; Rura magazynka z mo\u017cliwo\u015bci\u0105 \u0142atwego czyszczenia<br \/>\n&#8211; Komora zamkowa z otworami do monta\u017cu optyki<br \/>\n&#8211; Wyko\u0144czenie fosforanowaniem (parkeryzacja)<br \/>\n&#8211; Standardowe cechy obejmuj\u0105: podw\u00f3jne ekstraktory, stalow\u0105 blokad\u0119 zamka, umieszczony na g\u00f3rze obustronny bezpiecznik, podw\u00f3jne prowadnice cz\u00f3\u0142enka oraz popychacz zapobiegaj\u0105cy zaci\u0119ciom.<\/p>\n<p><strong>Cena 4 490 z\u0142<\/strong><\/p>\n<p><em>Bro\u0144 palna, amunicja i istotne elementy broni nie s\u0105 sprzedawane on-line. Mo\u017cna je naby\u0107 osobi\u015bcie w naszym sklepie. Warunkiem nabycia broni jest przed\u0142o\u017cenie aktualnego za\u015bwiadczenia (promesy) uprawniaj\u0105cej do zakupu broni oraz dowodu osobistego. Niniejsz\u0105 ofert\u0119 zamieszczamy w celu pogl\u0105dowym. Przed zakupem broni prosimy o kontakt telefoniczny.<\/em><\/p>\n","protected":false},"excerpt":{"rendered":"<p>Mossberg 590A1 XS Ghost Ring to najwytrzymalsza ze strzelb typu &#8220;pump-action&#8221; Mossberga, spe\u0142niaj\u0105ca norm\u0119 MIL-SPEC 3443G, dzi\u0119ki grubo\u015bciennej lufie, metalowej os\u0142onie spustu i bezpiecznikowi, rurze magazynka<span class=\"excerpt-hellip\"> [\u2026]<\/span><\/p>\n","protected":false},"featured_media":3363,"comment_status":"closed","ping_status":"closed","template":"","meta":[],"product_cat":[43,157],"product_tag":[],"class_list":{"0":"post-3360","1":"product","2":"type-product","3":"status-publish","4":"has-post-thumbnail","6":"product_cat-bron-dluga","7":"product_cat-mossberg","9":"first","10":"instock","11":"shipping-taxable","12":"product-type-simple"},"_links":{"self":[{"href":"https:\/\/www.strzelnica-magnum.pl\/en\/wp-json\/wp\/v2\/product\/3360","targetHints":{"allow":["GET"]}}],"collection":[{"href":"https:\/\/www.strzelnica-magnum.pl\/en\/wp-json\/wp\/v2\/product"}],"about":[{"href":"https:\/\/www.strzelnica-magnum.pl\/en\/wp-json\/wp\/v2\/types\/product"}],"replies":[{"embeddable":true,"href":"https:\/\/www.strzelnica-magnum.pl\/en\/wp-json\/wp\/v2\/comments?post=3360"}],"wp:featuredmedia":[{"embeddable":true,"href":"https:\/\/www.strzelnica-magnum.pl\/en\/wp-json\/wp\/v2\/media\/3363"}],"wp:attachment":[{"href":"https:\/\/www.strzelnica-magnum.pl\/en\/wp-json\/wp\/v2\/media?parent=3360"}],"wp:term":[{"taxonomy":"product_cat","embeddable":true,"href":"https:\/\/www.strzelnica-magnum.pl\/en\/wp-json\/wp\/v2\/product_cat?post=3360"},{"taxonomy":"product_tag","embeddable":true,"href":"https:\/\/www.strzelnica-magnum.pl\/en\/wp-json\/wp\/v2\/product_tag?post=3360"}],"curies":[{"name":"wp","href":"https:\/\/api.w.org\/{rel}","templated":true}]}}