{"id":3351,"date":"2025-07-03T10:46:40","date_gmt":"2025-07-03T10:46:40","guid":{"rendered":"https:\/\/www.strzelnica-magnum.pl\/?post_type=product&#038;p=3351"},"modified":"2025-07-03T10:46:40","modified_gmt":"2025-07-03T10:46:40","slug":"mossberg-590-retrograde","status":"publish","type":"product","link":"https:\/\/www.strzelnica-magnum.pl\/en\/uzbrojenie\/bron-dluga\/mossberg-590-retrograde\/","title":{"rendered":"Mossberg 590 Retrograde"},"content":{"rendered":"<p><strong>Mossberg 590 Retrograde<\/strong> <\/p>\n<p>Nawi\u0105zuj\u0105c wygl\u0105dem do pierwszych taktycznych strzelb &#8220;pump-action&#8221; Mossberga, modele z serii Retrograde wyposa\u017cone s\u0105 w orzechow\u0105 osad\u0119 z kratkowanym chwytem i wentylowan\u0105 stopk\u0105 amortyzuj\u0105c\u0105 oraz dopasowane cz\u00f3\u0142enko. Modele te posiadaj\u0105 r\u00f3wnie\u017c cechy, kt\u00f3re uczyni\u0142y Mossberga wyborem dla milion\u00f3w u\u017cytkownik\u00f3w na ca\u0142ym \u015bwiecie, w tym obustronny bezpiecznik, podw\u00f3jne ekstraktory, solidn\u0105 stalow\u0105 blokad\u0119 zamka, podw\u00f3jne prowadnice cz\u00f3\u0142enka oraz popychacz zapobiegaj\u0105cy zaci\u0119ciom, zapewniaj\u0105cy p\u0142ynne dzia\u0142anie.<\/p>\n<p>&#8211; Osada z orzecha i cz\u00f3\u0142enko typu &#8220;Corncob&#8221; (karbowane)<br \/>\n&#8211; Os\u0142ona termiczna<br \/>\n&#8211; Rura magazynka z mo\u017cliwo\u015bci\u0105 \u0142atwego czyszczenia<br \/>\n&#8211; Komora zamkowa z otworami do monta\u017cu optyki<br \/>\n&#8211; Standardowe cechy strzelby pump-action obejmuj\u0105: podw\u00f3jne ekstraktory, stalow\u0105 blokad\u0119 zamka, umieszczony na g\u00f3rze obustronny bezpiecznik, podw\u00f3jne prowadnice cz\u00f3\u0142enka oraz popychacz zapobiegaj\u0105cy zaci\u0119ciom.<\/p>\n<p><strong>Cena 3 590 z\u0142<\/strong><\/p>\n<p><em>Bro\u0144 palna, amunicja i istotne elementy broni nie s\u0105 sprzedawane on-line. Mo\u017cna je naby\u0107 osobi\u015bcie w naszym sklepie. Warunkiem nabycia broni jest przed\u0142o\u017cenie aktualnego za\u015bwiadczenia (promesy) uprawniaj\u0105cej do zakupu broni oraz dowodu osobistego. Niniejsz\u0105 ofert\u0119 zamieszczamy w celu pogl\u0105dowym. Przed zakupem broni prosimy o kontakt telefoniczny.<\/em><\/p>\n","protected":false},"excerpt":{"rendered":"<p>Mossberg 590 Retrograde Nawi\u0105zuj\u0105c wygl\u0105dem do pierwszych taktycznych strzelb &#8220;pump-action&#8221; Mossberga, modele z serii Retrograde wyposa\u017cone s\u0105 w orzechow\u0105 osad\u0119 z kratkowanym chwytem i wentylowan\u0105 stopk\u0105<span class=\"excerpt-hellip\"> [\u2026]<\/span><\/p>\n","protected":false},"featured_media":3352,"comment_status":"closed","ping_status":"closed","template":"","meta":[],"product_cat":[43,157],"product_tag":[],"class_list":{"0":"post-3351","1":"product","2":"type-product","3":"status-publish","4":"has-post-thumbnail","6":"product_cat-bron-dluga","7":"product_cat-mossberg","9":"first","10":"instock","11":"shipping-taxable","12":"product-type-simple"},"_links":{"self":[{"href":"https:\/\/www.strzelnica-magnum.pl\/en\/wp-json\/wp\/v2\/product\/3351","targetHints":{"allow":["GET"]}}],"collection":[{"href":"https:\/\/www.strzelnica-magnum.pl\/en\/wp-json\/wp\/v2\/product"}],"about":[{"href":"https:\/\/www.strzelnica-magnum.pl\/en\/wp-json\/wp\/v2\/types\/product"}],"replies":[{"embeddable":true,"href":"https:\/\/www.strzelnica-magnum.pl\/en\/wp-json\/wp\/v2\/comments?post=3351"}],"wp:featuredmedia":[{"embeddable":true,"href":"https:\/\/www.strzelnica-magnum.pl\/en\/wp-json\/wp\/v2\/media\/3352"}],"wp:attachment":[{"href":"https:\/\/www.strzelnica-magnum.pl\/en\/wp-json\/wp\/v2\/media?parent=3351"}],"wp:term":[{"taxonomy":"product_cat","embeddable":true,"href":"https:\/\/www.strzelnica-magnum.pl\/en\/wp-json\/wp\/v2\/product_cat?post=3351"},{"taxonomy":"product_tag","embeddable":true,"href":"https:\/\/www.strzelnica-magnum.pl\/en\/wp-json\/wp\/v2\/product_tag?post=3351"}],"curies":[{"name":"wp","href":"https:\/\/api.w.org\/{rel}","templated":true}]}}