{"id":3345,"date":"2025-07-03T10:34:28","date_gmt":"2025-07-03T10:34:28","guid":{"rendered":"https:\/\/www.strzelnica-magnum.pl\/?post_type=product&#038;p=3345"},"modified":"2025-07-03T10:34:28","modified_gmt":"2025-07-03T10:34:28","slug":"mossberg-590r","status":"publish","type":"product","link":"https:\/\/www.strzelnica-magnum.pl\/en\/uzbrojenie\/bron-dluga\/mossberg-590r\/","title":{"rendered":"Mossberg 590R"},"content":{"rendered":"<p><strong>Mossberg 590R<\/strong> <\/p>\n<p>Strzelby 590R z Obrotowym Selektorem Bezpiecze\u0144stwa \u0142\u0105cz\u0105 sprawdzon\u0105 w czasie wydajno\u015b\u0107 mechanizmu &#8220;pump-action&#8221; z prze\u0142omowymi nowymi funkcjami, takimi jak obrotowy selektor bezpiecze\u0144stwa, ergonomicznie zaprojektowane cz\u00f3\u0142enko oraz zintegrowane po\u0142\u0105czenie lufy z os\u0142on\u0105 termiczn\u0105.<\/p>\n<p>&#8211; Obustronny obrotowy selektor bezpiecze\u0144stwa w stylu AR<br \/>\n&#8211; Lufa 18,5&#8243; ze zintegrowan\u0105 os\u0142on\u0105 termiczn\u0105<br \/>\n&#8211; Regulowane przyrz\u0105dy celownicze Magpul MBUS 3<br \/>\n&#8211; Powi\u0119kszony, fazowany port \u0142adowania z widocznym popychaczem naboj\u00f3w<br \/>\n&#8211; P\u0142aski profil j\u0119zyka spustowego z p\u0142ynnym, wyra\u017anym prze\u0142amaniem<br \/>\n&#8211; Kolba regulowana w 5 pozycjach z chwytem pistoletowym MOE, wymienn\u0105 stopk\u0105 amortyzuj\u0105c\u0105, 2 portami QD<br \/>\n&#8211; G\u00f3rna szyna Picatinny zoptymalizowana pod optyk\u0119 w stylu AR<\/p>\n<p><strong>Cena 4 990 z\u0142<\/strong><\/p>\n<p><em>Bro\u0144 palna, amunicja i istotne elementy broni nie s\u0105 sprzedawane on-line. Mo\u017cna je naby\u0107 osobi\u015bcie w naszym sklepie. Warunkiem nabycia broni jest przed\u0142o\u017cenie aktualnego za\u015bwiadczenia (promesy) uprawniaj\u0105cej do zakupu broni oraz dowodu osobistego. Niniejsz\u0105 ofert\u0119 zamieszczamy w celu pogl\u0105dowym. Przed zakupem broni prosimy o kontakt telefoniczny.<\/em><\/p>\n","protected":false},"excerpt":{"rendered":"<p>Mossberg 590R Strzelby 590R z Obrotowym Selektorem Bezpiecze\u0144stwa \u0142\u0105cz\u0105 sprawdzon\u0105 w czasie wydajno\u015b\u0107 mechanizmu &#8220;pump-action&#8221; z prze\u0142omowymi nowymi funkcjami, takimi jak obrotowy selektor bezpiecze\u0144stwa, ergonomicznie zaprojektowane<span class=\"excerpt-hellip\"> [\u2026]<\/span><\/p>\n","protected":false},"featured_media":3346,"comment_status":"closed","ping_status":"closed","template":"","meta":[],"product_cat":[43,157],"product_tag":[],"class_list":{"0":"post-3345","1":"product","2":"type-product","3":"status-publish","4":"has-post-thumbnail","6":"product_cat-bron-dluga","7":"product_cat-mossberg","9":"first","10":"instock","11":"shipping-taxable","12":"product-type-simple"},"_links":{"self":[{"href":"https:\/\/www.strzelnica-magnum.pl\/en\/wp-json\/wp\/v2\/product\/3345","targetHints":{"allow":["GET"]}}],"collection":[{"href":"https:\/\/www.strzelnica-magnum.pl\/en\/wp-json\/wp\/v2\/product"}],"about":[{"href":"https:\/\/www.strzelnica-magnum.pl\/en\/wp-json\/wp\/v2\/types\/product"}],"replies":[{"embeddable":true,"href":"https:\/\/www.strzelnica-magnum.pl\/en\/wp-json\/wp\/v2\/comments?post=3345"}],"wp:featuredmedia":[{"embeddable":true,"href":"https:\/\/www.strzelnica-magnum.pl\/en\/wp-json\/wp\/v2\/media\/3346"}],"wp:attachment":[{"href":"https:\/\/www.strzelnica-magnum.pl\/en\/wp-json\/wp\/v2\/media?parent=3345"}],"wp:term":[{"taxonomy":"product_cat","embeddable":true,"href":"https:\/\/www.strzelnica-magnum.pl\/en\/wp-json\/wp\/v2\/product_cat?post=3345"},{"taxonomy":"product_tag","embeddable":true,"href":"https:\/\/www.strzelnica-magnum.pl\/en\/wp-json\/wp\/v2\/product_tag?post=3345"}],"curies":[{"name":"wp","href":"https:\/\/api.w.org\/{rel}","templated":true}]}}