{"id":3342,"date":"2025-07-03T10:29:56","date_gmt":"2025-07-03T10:29:56","guid":{"rendered":"https:\/\/www.strzelnica-magnum.pl\/?post_type=product&#038;p=3342"},"modified":"2025-07-03T10:29:56","modified_gmt":"2025-07-03T10:29:56","slug":"mossberg-590","status":"publish","type":"product","link":"https:\/\/www.strzelnica-magnum.pl\/en\/uzbrojenie\/bron-dluga\/mossberg-590\/","title":{"rendered":"Mossberg 590"},"content":{"rendered":"<p><strong>Mossberg 590<\/strong> <\/p>\n<p>Pot\u0119\u017cny 590. Z dekadami s\u0142u\u017cby w wojsku i organach \u015bcigania oraz niezliczonymi historiami sukces\u00f3w i doskona\u0142ej wydajno\u015bci na swoim koncie, nie jest niespodziank\u0105, \u017ce model 590 wybierany do s\u0142u\u017cby na ca\u0142ym \u015bwiecie jest r\u00f3wnie\u017c idealnym wyborem do obrony domu. Ten model zawiera zestaw do konwersji, pozwalaj\u0105cy na zmian\u0119 z pe\u0142nej kolby na konfiguracj\u0119 z chwytem pistoletowym w stylu &#8220;Cruiser&#8221;.<\/p>\n<p>&#8211; Zestaw do konwersji na chwyt pistoletowy<br \/>\n&#8211; Rura magazynka z mo\u017cliwo\u015bci\u0105 \u0142atwego czyszczenia<br \/>\n&#8211; Komora zamkowa z otworami do monta\u017cu optyki<br \/>\n&#8211; Standardowe cechy strzelby pump-action obejmuj\u0105 podw\u00f3jne ekstraktory, stalow\u0105 blokad\u0119 zamka, umieszczony na g\u00f3rze obustronny bezpiecznik, podw\u00f3jne prowadnice cz\u00f3\u0142enka oraz popychacz zapobiegaj\u0105cy zaci\u0119ciom.<\/p>\n<p><strong>Cena 3 390 z\u0142<\/strong><\/p>\n<p><em>Bro\u0144 palna, amunicja i istotne elementy broni nie s\u0105 sprzedawane on-line. Mo\u017cna je naby\u0107 osobi\u015bcie w naszym sklepie. Warunkiem nabycia broni jest przed\u0142o\u017cenie aktualnego za\u015bwiadczenia (promesy) uprawniaj\u0105cej do zakupu broni oraz dowodu osobistego. Niniejsz\u0105 ofert\u0119 zamieszczamy w celu pogl\u0105dowym. Przed zakupem broni prosimy o kontakt telefoniczny.<\/em><\/p>\n","protected":false},"excerpt":{"rendered":"<p>Mossberg 590 Pot\u0119\u017cny 590. Z dekadami s\u0142u\u017cby w wojsku i organach \u015bcigania oraz niezliczonymi historiami sukces\u00f3w i doskona\u0142ej wydajno\u015bci na swoim koncie, nie jest niespodziank\u0105, \u017ce<span class=\"excerpt-hellip\"> [\u2026]<\/span><\/p>\n","protected":false},"featured_media":3343,"comment_status":"closed","ping_status":"closed","template":"","meta":[],"product_cat":[43,157],"product_tag":[],"class_list":{"0":"post-3342","1":"product","2":"type-product","3":"status-publish","4":"has-post-thumbnail","6":"product_cat-bron-dluga","7":"product_cat-mossberg","9":"first","10":"instock","11":"shipping-taxable","12":"product-type-simple"},"_links":{"self":[{"href":"https:\/\/www.strzelnica-magnum.pl\/en\/wp-json\/wp\/v2\/product\/3342","targetHints":{"allow":["GET"]}}],"collection":[{"href":"https:\/\/www.strzelnica-magnum.pl\/en\/wp-json\/wp\/v2\/product"}],"about":[{"href":"https:\/\/www.strzelnica-magnum.pl\/en\/wp-json\/wp\/v2\/types\/product"}],"replies":[{"embeddable":true,"href":"https:\/\/www.strzelnica-magnum.pl\/en\/wp-json\/wp\/v2\/comments?post=3342"}],"wp:featuredmedia":[{"embeddable":true,"href":"https:\/\/www.strzelnica-magnum.pl\/en\/wp-json\/wp\/v2\/media\/3343"}],"wp:attachment":[{"href":"https:\/\/www.strzelnica-magnum.pl\/en\/wp-json\/wp\/v2\/media?parent=3342"}],"wp:term":[{"taxonomy":"product_cat","embeddable":true,"href":"https:\/\/www.strzelnica-magnum.pl\/en\/wp-json\/wp\/v2\/product_cat?post=3342"},{"taxonomy":"product_tag","embeddable":true,"href":"https:\/\/www.strzelnica-magnum.pl\/en\/wp-json\/wp\/v2\/product_tag?post=3342"}],"curies":[{"name":"wp","href":"https:\/\/api.w.org\/{rel}","templated":true}]}}