{"id":3336,"date":"2025-07-03T10:20:24","date_gmt":"2025-07-03T10:20:24","guid":{"rendered":"https:\/\/www.strzelnica-magnum.pl\/?post_type=product&#038;p=3336"},"modified":"2025-07-03T10:20:51","modified_gmt":"2025-07-03T10:20:51","slug":"mossberg-maverick-88-fde","status":"publish","type":"product","link":"https:\/\/www.strzelnica-magnum.pl\/en\/uzbrojenie\/bron-dluga\/mossberg-maverick-88-fde\/","title":{"rendered":"Mossberg Maverick 88 FDE"},"content":{"rendered":"<p><strong>Mossberg Maverick 88 FDE<\/strong> &#8211; uniwersalny gracz w\u015br\u00f3d strzelb typu pump-action. Te r\u00f3\u017cnorodne modele, przyst\u0119pne cenowo i niezawodne, w r\u00f3wnym stopniu sprawdzaj\u0105 si\u0119 w ka\u017cdym zadaniu, od przemierzania las\u00f3w po zapewnianie bezpiecze\u0144stwa w domu.<\/p>\n<p>Standardowe cechy strzelby pump-action obejmuj\u0105 podw\u00f3jne ekstraktory, stalow\u0105 blokad\u0119 zamka, podw\u00f3jne prowadnice cz\u00f3\u0142enka oraz popychacz zapobiegaj\u0105cy zaci\u0119ciom. Bezpiecznik ko\u0142kowy. Kompatybilna z kolbami, lufami i czokami Accu-choke od modelu 500 \u2013 w ramach tego samego kalibru i pojemno\u015bci magazynka.<\/p>\n<p><strong>Cena 1 990 z\u0142<\/strong><\/p>\n<p><em>Bro\u0144 palna, amunicja i istotne elementy broni nie s\u0105 sprzedawane on-line. Mo\u017cna je naby\u0107 osobi\u015bcie w naszym sklepie. Warunkiem nabycia broni jest przed\u0142o\u017cenie aktualnego za\u015bwiadczenia (promesy) uprawniaj\u0105cej do zakupu broni oraz dowodu osobistego. Niniejsz\u0105 ofert\u0119 zamieszczamy w celu pogl\u0105dowym. Przed zakupem broni prosimy o kontakt telefoniczny.<\/em><\/p>\n","protected":false},"excerpt":{"rendered":"<p>Mossberg Maverick 88 FDE &#8211; uniwersalny gracz w\u015br\u00f3d strzelb typu pump-action. Te r\u00f3\u017cnorodne modele, przyst\u0119pne cenowo i niezawodne, w r\u00f3wnym stopniu sprawdzaj\u0105 si\u0119 w ka\u017cdym zadaniu,<span class=\"excerpt-hellip\"> [\u2026]<\/span><\/p>\n","protected":false},"featured_media":3337,"comment_status":"closed","ping_status":"closed","template":"","meta":[],"product_cat":[43,157],"product_tag":[],"class_list":{"0":"post-3336","1":"product","2":"type-product","3":"status-publish","4":"has-post-thumbnail","6":"product_cat-bron-dluga","7":"product_cat-mossberg","9":"first","10":"instock","11":"shipping-taxable","12":"product-type-simple"},"_links":{"self":[{"href":"https:\/\/www.strzelnica-magnum.pl\/en\/wp-json\/wp\/v2\/product\/3336","targetHints":{"allow":["GET"]}}],"collection":[{"href":"https:\/\/www.strzelnica-magnum.pl\/en\/wp-json\/wp\/v2\/product"}],"about":[{"href":"https:\/\/www.strzelnica-magnum.pl\/en\/wp-json\/wp\/v2\/types\/product"}],"replies":[{"embeddable":true,"href":"https:\/\/www.strzelnica-magnum.pl\/en\/wp-json\/wp\/v2\/comments?post=3336"}],"wp:featuredmedia":[{"embeddable":true,"href":"https:\/\/www.strzelnica-magnum.pl\/en\/wp-json\/wp\/v2\/media\/3337"}],"wp:attachment":[{"href":"https:\/\/www.strzelnica-magnum.pl\/en\/wp-json\/wp\/v2\/media?parent=3336"}],"wp:term":[{"taxonomy":"product_cat","embeddable":true,"href":"https:\/\/www.strzelnica-magnum.pl\/en\/wp-json\/wp\/v2\/product_cat?post=3336"},{"taxonomy":"product_tag","embeddable":true,"href":"https:\/\/www.strzelnica-magnum.pl\/en\/wp-json\/wp\/v2\/product_tag?post=3336"}],"curies":[{"name":"wp","href":"https:\/\/api.w.org\/{rel}","templated":true}]}}