{"id":3309,"date":"2025-06-27T14:08:03","date_gmt":"2025-06-27T14:08:03","guid":{"rendered":"https:\/\/www.strzelnica-magnum.pl\/?post_type=product&#038;p=3309"},"modified":"2025-06-27T14:08:04","modified_gmt":"2025-06-27T14:08:04","slug":"miniset-cz-camo-stainless","status":"publish","type":"product","link":"https:\/\/www.strzelnica-magnum.pl\/en\/uzbrojenie\/bron-dluga\/miniset-cz-camo-stainless\/","title":{"rendered":"Miniset CZ Camo Stainless"},"content":{"rendered":"<p><strong>Miniset CZ Camo Stainless<\/strong> <\/p>\n<p>Miniset zawiera wszystko, czego potrzebujesz, by samodzielnie i w prosty spos\u00f3b zmieni\u0107 kaliber lub profil lufy w swoim karabinku CZ 457 Camo Stainless.<\/p>\n<p>Zmodernizuj sw\u00f3j karabinek CZ 457 z minizestawem Stainless Camo \u2013 to najlepszy wyb\u00f3r dla my\u015bliwego i strzelca, kt\u00f3ry oczekuje od swojego sprz\u0119tu maksymalnej niezawodno\u015bci, trwa\u0142o\u015bci i profesjonalnego wygl\u0105du, bez wzgl\u0119du na pogod\u0119 i warunki.<\/p>\n<p><strong>Cena 1 250 z\u0142<\/strong><\/p>\n<p><em>Bro\u0144 palna, amunicja i istotne elementy broni nie s\u0105 sprzedawane on-line. Mo\u017cna je naby\u0107 osobi\u015bcie w naszym sklepie. Warunkiem nabycia broni jest przed\u0142o\u017cenie aktualnego za\u015bwiadczenia (promesy) uprawniaj\u0105cej do zakupu broni oraz dowodu osobistego. Niniejsz\u0105 ofert\u0119 zamieszczamy w celu pogl\u0105dowym. Przed zakupem broni prosimy o kontakt telefoniczny.<\/em><\/p>\n","protected":false},"excerpt":{"rendered":"<p>Miniset CZ Camo Stainless Miniset zawiera wszystko, czego potrzebujesz, by samodzielnie i w prosty spos\u00f3b zmieni\u0107 kaliber lub profil lufy w swoim karabinku CZ 457 Camo<span class=\"excerpt-hellip\"> [\u2026]<\/span><\/p>\n","protected":false},"featured_media":3310,"comment_status":"closed","ping_status":"closed","template":"","meta":[],"product_cat":[43,156],"product_tag":[],"class_list":{"0":"post-3309","1":"product","2":"type-product","3":"status-publish","4":"has-post-thumbnail","6":"product_cat-bron-dluga","7":"product_cat-istotne-czesci-broni-2","9":"first","10":"instock","11":"shipping-taxable","12":"product-type-simple"},"_links":{"self":[{"href":"https:\/\/www.strzelnica-magnum.pl\/en\/wp-json\/wp\/v2\/product\/3309","targetHints":{"allow":["GET"]}}],"collection":[{"href":"https:\/\/www.strzelnica-magnum.pl\/en\/wp-json\/wp\/v2\/product"}],"about":[{"href":"https:\/\/www.strzelnica-magnum.pl\/en\/wp-json\/wp\/v2\/types\/product"}],"replies":[{"embeddable":true,"href":"https:\/\/www.strzelnica-magnum.pl\/en\/wp-json\/wp\/v2\/comments?post=3309"}],"wp:featuredmedia":[{"embeddable":true,"href":"https:\/\/www.strzelnica-magnum.pl\/en\/wp-json\/wp\/v2\/media\/3310"}],"wp:attachment":[{"href":"https:\/\/www.strzelnica-magnum.pl\/en\/wp-json\/wp\/v2\/media?parent=3309"}],"wp:term":[{"taxonomy":"product_cat","embeddable":true,"href":"https:\/\/www.strzelnica-magnum.pl\/en\/wp-json\/wp\/v2\/product_cat?post=3309"},{"taxonomy":"product_tag","embeddable":true,"href":"https:\/\/www.strzelnica-magnum.pl\/en\/wp-json\/wp\/v2\/product_tag?post=3309"}],"curies":[{"name":"wp","href":"https:\/\/api.w.org\/{rel}","templated":true}]}}