{"id":3303,"date":"2025-06-27T13:59:54","date_gmt":"2025-06-27T13:59:54","guid":{"rendered":"https:\/\/www.strzelnica-magnum.pl\/?post_type=product&#038;p=3303"},"modified":"2025-06-27T13:59:54","modified_gmt":"2025-06-27T13:59:54","slug":"miniset-cz-457-varmint","status":"publish","type":"product","link":"https:\/\/www.strzelnica-magnum.pl\/en\/uzbrojenie\/bron-dluga\/miniset-cz-457-varmint\/","title":{"rendered":"Miniset CZ 457 Varmint"},"content":{"rendered":"<p><strong>Miniset CZ 457 Varmint<\/strong> <\/p>\n<p>Minizestaw do samodzielnej zmiany parametr\u00f3w (kalibru, d\u0142ugo\u015bci i profilu lufy) w karabinkach bocznego zap\u0142onu serii CZ 457.<\/p>\n<p>Ten minizestaw zawiera grub\u0105 luf\u0119 wyposa\u017con\u0105 w komor\u0119 nabojow\u0105 typu MATCH, kt\u00f3ra zapewnia wysok\u0105 precyzj\u0119 strzelania. W komplecie znajduje si\u0119 r\u00f3wnie\u017c wk\u0142adka do gniazda magazynka, pi\u0119cionabojowy magazynek z polimeru wzmocnionego w\u0142\u00f3knem szklanym oraz klucze niezb\u0119dne do wymiany lufy.<\/p>\n<p>Wylot lufy posiada zunifikowany gwint \u00bd\u201cx20 UNF i jest dostarczany z za\u015blepk\u0105.<\/p>\n<p>Dost\u0119pny w wersjach:<br \/>\n&#8211; 17 HMR<br \/>\n&#8211; 22 LR<br \/>\n&#8211; 22 WMR<br \/>\n<strong>Cena 1 050 z\u0142<\/strong><\/p>\n<p><em>Bro\u0144 palna, amunicja i istotne elementy broni nie s\u0105 sprzedawane on-line. Mo\u017cna je naby\u0107 osobi\u015bcie w naszym sklepie. Warunkiem nabycia broni jest przed\u0142o\u017cenie aktualnego za\u015bwiadczenia (promesy) uprawniaj\u0105cej do zakupu broni oraz dowodu osobistego. Niniejsz\u0105 ofert\u0119 zamieszczamy w celu pogl\u0105dowym. Przed zakupem broni prosimy o kontakt telefoniczny.<\/em><\/p>\n","protected":false},"excerpt":{"rendered":"<p>Miniset CZ 457 Varmint Minizestaw do samodzielnej zmiany parametr\u00f3w (kalibru, d\u0142ugo\u015bci i profilu lufy) w karabinkach bocznego zap\u0142onu serii CZ 457. Ten minizestaw zawiera grub\u0105 luf\u0119<span class=\"excerpt-hellip\"> [\u2026]<\/span><\/p>\n","protected":false},"featured_media":3304,"comment_status":"closed","ping_status":"closed","template":"","meta":[],"product_cat":[43,156],"product_tag":[],"class_list":{"0":"post-3303","1":"product","2":"type-product","3":"status-publish","4":"has-post-thumbnail","6":"product_cat-bron-dluga","7":"product_cat-istotne-czesci-broni-2","9":"first","10":"instock","11":"shipping-taxable","12":"product-type-simple"},"_links":{"self":[{"href":"https:\/\/www.strzelnica-magnum.pl\/en\/wp-json\/wp\/v2\/product\/3303","targetHints":{"allow":["GET"]}}],"collection":[{"href":"https:\/\/www.strzelnica-magnum.pl\/en\/wp-json\/wp\/v2\/product"}],"about":[{"href":"https:\/\/www.strzelnica-magnum.pl\/en\/wp-json\/wp\/v2\/types\/product"}],"replies":[{"embeddable":true,"href":"https:\/\/www.strzelnica-magnum.pl\/en\/wp-json\/wp\/v2\/comments?post=3303"}],"wp:featuredmedia":[{"embeddable":true,"href":"https:\/\/www.strzelnica-magnum.pl\/en\/wp-json\/wp\/v2\/media\/3304"}],"wp:attachment":[{"href":"https:\/\/www.strzelnica-magnum.pl\/en\/wp-json\/wp\/v2\/media?parent=3303"}],"wp:term":[{"taxonomy":"product_cat","embeddable":true,"href":"https:\/\/www.strzelnica-magnum.pl\/en\/wp-json\/wp\/v2\/product_cat?post=3303"},{"taxonomy":"product_tag","embeddable":true,"href":"https:\/\/www.strzelnica-magnum.pl\/en\/wp-json\/wp\/v2\/product_tag?post=3303"}],"curies":[{"name":"wp","href":"https:\/\/api.w.org\/{rel}","templated":true}]}}