{"id":3297,"date":"2025-06-27T13:45:31","date_gmt":"2025-06-27T13:45:31","guid":{"rendered":"https:\/\/www.strzelnica-magnum.pl\/?post_type=product&#038;p=3297"},"modified":"2025-06-27T13:45:31","modified_gmt":"2025-06-27T13:45:31","slug":"miniset-cz-457-premium","status":"publish","type":"product","link":"https:\/\/www.strzelnica-magnum.pl\/en\/uzbrojenie\/bron-dluga\/miniset-cz-457-premium\/","title":{"rendered":"Miniset CZ 457 Premium"},"content":{"rendered":"<p><strong>Miniset CZ 457 Premium<\/strong> <\/p>\n<p>Minizestaw do samodzielnej zmiany parametr\u00f3w (kalibru, d\u0142ugo\u015bci i profilu lufy) w karabinkach bocznego zap\u0142onu serii CZ 457.<\/p>\n<p>Ten minizestaw zawiera luf\u0119 o lekkim profilu i d\u0142ugo\u015bci 24 cali, kt\u00f3ra jest wyposa\u017cona w regulowan\u0105 szczerbink\u0119 typu &#8220;tangent&#8221; oraz muszk\u0119 \u015bwiat\u0142owodow\u0105. W komplecie znajduje si\u0119 r\u00f3wnie\u017c pi\u0119cionabojowy magazynek z polimeru wzmocnionego w\u0142\u00f3knem szklanym i klucze wymagane do wymiany lufy.<\/p>\n<p>Wylot lufy posiada zunifikowany gwint \u00bd\u201cx20 UNF i jest dostarczany z za\u015blepk\u0105.<\/p>\n<p>Dost\u0119pny w wersjach:<br \/>\n&#8211; 17 HMR<br \/>\n&#8211; 22 LR<br \/>\n&#8211; 22 WMR<br \/>\n<strong>Cena 1 600 z\u0142<\/strong><\/p>\n<p><em>Bro\u0144 palna, amunicja i istotne elementy broni nie s\u0105 sprzedawane on-line. Mo\u017cna je naby\u0107 osobi\u015bcie w naszym sklepie. Warunkiem nabycia broni jest przed\u0142o\u017cenie aktualnego za\u015bwiadczenia (promesy) uprawniaj\u0105cej do zakupu broni oraz dowodu osobistego. Niniejsz\u0105 ofert\u0119 zamieszczamy w celu pogl\u0105dowym. Przed zakupem broni prosimy o kontakt telefoniczny.<\/em><\/p>\n","protected":false},"excerpt":{"rendered":"<p>Miniset CZ 457 Premium Minizestaw do samodzielnej zmiany parametr\u00f3w (kalibru, d\u0142ugo\u015bci i profilu lufy) w karabinkach bocznego zap\u0142onu serii CZ 457. Ten minizestaw zawiera luf\u0119 o<span class=\"excerpt-hellip\"> [\u2026]<\/span><\/p>\n","protected":false},"featured_media":3298,"comment_status":"closed","ping_status":"closed","template":"","meta":[],"product_cat":[43,156],"product_tag":[],"class_list":{"0":"post-3297","1":"product","2":"type-product","3":"status-publish","4":"has-post-thumbnail","6":"product_cat-bron-dluga","7":"product_cat-istotne-czesci-broni-2","9":"first","10":"instock","11":"shipping-taxable","12":"product-type-simple"},"_links":{"self":[{"href":"https:\/\/www.strzelnica-magnum.pl\/en\/wp-json\/wp\/v2\/product\/3297","targetHints":{"allow":["GET"]}}],"collection":[{"href":"https:\/\/www.strzelnica-magnum.pl\/en\/wp-json\/wp\/v2\/product"}],"about":[{"href":"https:\/\/www.strzelnica-magnum.pl\/en\/wp-json\/wp\/v2\/types\/product"}],"replies":[{"embeddable":true,"href":"https:\/\/www.strzelnica-magnum.pl\/en\/wp-json\/wp\/v2\/comments?post=3297"}],"wp:featuredmedia":[{"embeddable":true,"href":"https:\/\/www.strzelnica-magnum.pl\/en\/wp-json\/wp\/v2\/media\/3298"}],"wp:attachment":[{"href":"https:\/\/www.strzelnica-magnum.pl\/en\/wp-json\/wp\/v2\/media?parent=3297"}],"wp:term":[{"taxonomy":"product_cat","embeddable":true,"href":"https:\/\/www.strzelnica-magnum.pl\/en\/wp-json\/wp\/v2\/product_cat?post=3297"},{"taxonomy":"product_tag","embeddable":true,"href":"https:\/\/www.strzelnica-magnum.pl\/en\/wp-json\/wp\/v2\/product_tag?post=3297"}],"curies":[{"name":"wp","href":"https:\/\/api.w.org\/{rel}","templated":true}]}}