{"id":3291,"date":"2025-06-27T13:40:01","date_gmt":"2025-06-27T13:40:01","guid":{"rendered":"https:\/\/www.strzelnica-magnum.pl\/?post_type=product&#038;p=3291"},"modified":"2025-06-27T13:40:01","modified_gmt":"2025-06-27T13:40:01","slug":"miniset-cz-457-american","status":"publish","type":"product","link":"https:\/\/www.strzelnica-magnum.pl\/en\/uzbrojenie\/bron-dluga\/miniset-cz-457-american\/","title":{"rendered":"Miniset CZ 457 American"},"content":{"rendered":"<p><strong>Miniset CZ 457 American<\/strong> <\/p>\n<p>Zestaw do samodzielnej zmiany parametr\u00f3w (kalibru, d\u0142ugo\u015bci i profilu lufy) w karabinkach bocznego zap\u0142onu serii CZ 457.<\/p>\n<p>Ten minizestaw zawiera lekk\u0105, 24-calow\u0105 luf\u0119 bez przyrz\u0105d\u00f3w celowniczych, polimerowy magazynek na pi\u0119\u0107 naboj\u00f3w oraz klucze niezb\u0119dne do wymiany lufy. Wylot lufy wyposa\u017cony jest w zunifikowany gwint \u00bd\u201cx20 UNF z za\u015blepk\u0105.<\/p>\n<p>Dost\u0119pne wersje:<br \/>\n&#8211; 17 HMR<br \/>\n&#8211; 22 LR<br \/>\n&#8211; 22 WMR<br \/>\n<strong>Cena 1 050 z\u0142<\/strong><\/p>\n<p><em>Bro\u0144 palna, amunicja i istotne elementy broni nie s\u0105 sprzedawane on-line. Mo\u017cna je naby\u0107 osobi\u015bcie w naszym sklepie. Warunkiem nabycia broni jest przed\u0142o\u017cenie aktualnego za\u015bwiadczenia (promesy) uprawniaj\u0105cej do zakupu broni oraz dowodu osobistego. Niniejsz\u0105 ofert\u0119 zamieszczamy w celu pogl\u0105dowym. Przed zakupem broni prosimy o kontakt telefoniczny.<\/em><\/p>\n","protected":false},"excerpt":{"rendered":"<p>Miniset CZ 457 American Zestaw do samodzielnej zmiany parametr\u00f3w (kalibru, d\u0142ugo\u015bci i profilu lufy) w karabinkach bocznego zap\u0142onu serii CZ 457. Ten minizestaw zawiera lekk\u0105, 24-calow\u0105<span class=\"excerpt-hellip\"> [\u2026]<\/span><\/p>\n","protected":false},"featured_media":3292,"comment_status":"closed","ping_status":"closed","template":"","meta":[],"product_cat":[43,156],"product_tag":[],"class_list":{"0":"post-3291","1":"product","2":"type-product","3":"status-publish","4":"has-post-thumbnail","6":"product_cat-bron-dluga","7":"product_cat-istotne-czesci-broni-2","9":"first","10":"instock","11":"shipping-taxable","12":"product-type-simple"},"_links":{"self":[{"href":"https:\/\/www.strzelnica-magnum.pl\/en\/wp-json\/wp\/v2\/product\/3291","targetHints":{"allow":["GET"]}}],"collection":[{"href":"https:\/\/www.strzelnica-magnum.pl\/en\/wp-json\/wp\/v2\/product"}],"about":[{"href":"https:\/\/www.strzelnica-magnum.pl\/en\/wp-json\/wp\/v2\/types\/product"}],"replies":[{"embeddable":true,"href":"https:\/\/www.strzelnica-magnum.pl\/en\/wp-json\/wp\/v2\/comments?post=3291"}],"wp:featuredmedia":[{"embeddable":true,"href":"https:\/\/www.strzelnica-magnum.pl\/en\/wp-json\/wp\/v2\/media\/3292"}],"wp:attachment":[{"href":"https:\/\/www.strzelnica-magnum.pl\/en\/wp-json\/wp\/v2\/media?parent=3291"}],"wp:term":[{"taxonomy":"product_cat","embeddable":true,"href":"https:\/\/www.strzelnica-magnum.pl\/en\/wp-json\/wp\/v2\/product_cat?post=3291"},{"taxonomy":"product_tag","embeddable":true,"href":"https:\/\/www.strzelnica-magnum.pl\/en\/wp-json\/wp\/v2\/product_tag?post=3291"}],"curies":[{"name":"wp","href":"https:\/\/api.w.org\/{rel}","templated":true}]}}