{"id":3288,"date":"2025-06-27T13:32:35","date_gmt":"2025-06-27T13:32:35","guid":{"rendered":"https:\/\/www.strzelnica-magnum.pl\/?post_type=product&#038;p=3288"},"modified":"2025-06-27T13:34:53","modified_gmt":"2025-06-27T13:34:53","slug":"adapter-cz-p-09-22lr","status":"publish","type":"product","link":"https:\/\/www.strzelnica-magnum.pl\/en\/uzbrojenie\/bron-krotka\/adapter-cz-p-09-22lr\/","title":{"rendered":"Adapter CZ P-09 .22LR"},"content":{"rendered":"<p><strong>Adapter CZ P-09 .22LR<\/strong> &#8211; dedykowany zestaw, kt\u00f3ry pozwala w kilka chwil przekszta\u0142ci\u0107 Tw\u00f3j pe\u0142nowymiarowy, s\u0142u\u017cbowy pistolet P-09 w bro\u0144 treningow\u0105 zasilan\u0105 tani\u0105 amunicj\u0105 bocznego zap\u0142onu. To najlepsza inwestycja w rozw\u00f3j swoich umiej\u0119tno\u015bci strzeleckich, pozwalaj\u0105ca trenowa\u0107 wi\u0119cej i efektywniej bez obci\u0105\u017cania bud\u017cetu.<\/p>\n<p>G\u0142\u00f3wn\u0105 zalet\u0105 konwersji Kadet jest radykalne obni\u017cenie koszt\u00f3w strzelania. Dzi\u0119ki mo\u017cliwo\u015bci u\u017cywania amunicji .22 LR, mo\u017cesz pozwoli\u0107 sobie na regularne i intensywne treningi, kt\u00f3re w przypadku amunicji 9&#215;19 mm by\u0142yby znacznie dro\u017csze. \u0106wicz strzelanie dynamiczne, precyzyjne i doskonal obs\u0142ug\u0119 broni bez martwienia si\u0119 o koszty.<\/p>\n<p><strong>Cena 1 900 z\u0142<\/strong><\/p>\n<p><em>Bro\u0144 palna, amunicja i istotne elementy broni nie s\u0105 sprzedawane on-line. Mo\u017cna je naby\u0107 osobi\u015bcie w naszym sklepie. Warunkiem nabycia broni jest przed\u0142o\u017cenie aktualnego za\u015bwiadczenia (promesy) uprawniaj\u0105cej do zakupu broni oraz dowodu osobistego. Niniejsz\u0105 ofert\u0119 zamieszczamy w celu pogl\u0105dowym. Przed zakupem broni prosimy o kontakt telefoniczny.<\/em><\/p>\n","protected":false},"excerpt":{"rendered":"<p>Adapter CZ P-09 .22LR &#8211; dedykowany zestaw, kt\u00f3ry pozwala w kilka chwil przekszta\u0142ci\u0107 Tw\u00f3j pe\u0142nowymiarowy, s\u0142u\u017cbowy pistolet P-09 w bro\u0144 treningow\u0105 zasilan\u0105 tani\u0105 amunicj\u0105 bocznego zap\u0142onu.<span class=\"excerpt-hellip\"> [\u2026]<\/span><\/p>\n","protected":false},"featured_media":3289,"comment_status":"closed","ping_status":"closed","template":"","meta":[],"product_cat":[42,155],"product_tag":[],"class_list":{"0":"post-3288","1":"product","2":"type-product","3":"status-publish","4":"has-post-thumbnail","6":"product_cat-bron-krotka","7":"product_cat-istotne-czesci-broni","9":"first","10":"instock","11":"shipping-taxable","12":"product-type-simple"},"_links":{"self":[{"href":"https:\/\/www.strzelnica-magnum.pl\/en\/wp-json\/wp\/v2\/product\/3288","targetHints":{"allow":["GET"]}}],"collection":[{"href":"https:\/\/www.strzelnica-magnum.pl\/en\/wp-json\/wp\/v2\/product"}],"about":[{"href":"https:\/\/www.strzelnica-magnum.pl\/en\/wp-json\/wp\/v2\/types\/product"}],"replies":[{"embeddable":true,"href":"https:\/\/www.strzelnica-magnum.pl\/en\/wp-json\/wp\/v2\/comments?post=3288"}],"wp:featuredmedia":[{"embeddable":true,"href":"https:\/\/www.strzelnica-magnum.pl\/en\/wp-json\/wp\/v2\/media\/3289"}],"wp:attachment":[{"href":"https:\/\/www.strzelnica-magnum.pl\/en\/wp-json\/wp\/v2\/media?parent=3288"}],"wp:term":[{"taxonomy":"product_cat","embeddable":true,"href":"https:\/\/www.strzelnica-magnum.pl\/en\/wp-json\/wp\/v2\/product_cat?post=3288"},{"taxonomy":"product_tag","embeddable":true,"href":"https:\/\/www.strzelnica-magnum.pl\/en\/wp-json\/wp\/v2\/product_tag?post=3288"}],"curies":[{"name":"wp","href":"https:\/\/api.w.org\/{rel}","templated":true}]}}