{"id":3284,"date":"2025-06-27T13:29:17","date_gmt":"2025-06-27T13:29:17","guid":{"rendered":"https:\/\/www.strzelnica-magnum.pl\/?post_type=product&#038;p=3284"},"modified":"2025-06-27T13:29:17","modified_gmt":"2025-06-27T13:29:17","slug":"adapter-cz-p-07-22lr","status":"publish","type":"product","link":"https:\/\/www.strzelnica-magnum.pl\/en\/uzbrojenie\/bron-krotka\/adapter-cz-p-07-22lr\/","title":{"rendered":"Adapter CZ P-07.22LR"},"content":{"rendered":"<p><strong>Adapter CZ P-07.22LR<\/strong> &#8211; dedykowany zestaw, kt\u00f3ry w mgnieniu oka zamieni Tw\u00f3j niezawodny, kompaktowy pistolet P-07 w bro\u0144 treningow\u0105 kalibru .22 LR. To najprostszy i najskuteczniejszy spos\u00f3b, by trenowa\u0107 cz\u0119\u015bciej i taniej, nie rezygnuj\u0105c z ergonomii i mechaniki swojej ulubionej broni.<\/p>\n<p>Najwi\u0119ksz\u0105 zalet\u0105 posiadania konwersji Kadet jest mo\u017cliwo\u015b\u0107 prowadzenia intensywnego treningu strzeleckiego przy u\u017cyciu niedrogiej i \u0142atwo dost\u0119pnej amunicji bocznego zap\u0142onu (.22 LR). Dzi\u0119ki temu mo\u017cesz \u0107wiczy\u0107 kluczowe elementy rzemios\u0142a strzeleckiego, takie jak praca na spu\u015bcie, kontrola oddechu czy zgrywanie przyrz\u0105d\u00f3w, bez obci\u0105\u017cania portfela.<\/p>\n<p><strong>Cena 1 900 z\u0142<\/strong><\/p>\n<p><em>Bro\u0144 palna, amunicja i istotne elementy broni nie s\u0105 sprzedawane on-line. Mo\u017cna je naby\u0107 osobi\u015bcie w naszym sklepie. Warunkiem nabycia broni jest przed\u0142o\u017cenie aktualnego za\u015bwiadczenia (promesy) uprawniaj\u0105cej do zakupu broni oraz dowodu osobistego. Niniejsz\u0105 ofert\u0119 zamieszczamy w celu pogl\u0105dowym. Przed zakupem broni prosimy o kontakt telefoniczny.<\/em><\/p>\n","protected":false},"excerpt":{"rendered":"<p>Adapter CZ P-07.22LR &#8211; dedykowany zestaw, kt\u00f3ry w mgnieniu oka zamieni Tw\u00f3j niezawodny, kompaktowy pistolet P-07 w bro\u0144 treningow\u0105 kalibru .22 LR. To najprostszy i najskuteczniejszy<span class=\"excerpt-hellip\"> [\u2026]<\/span><\/p>\n","protected":false},"featured_media":3285,"comment_status":"closed","ping_status":"closed","template":"","meta":[],"product_cat":[42,155],"product_tag":[],"class_list":{"0":"post-3284","1":"product","2":"type-product","3":"status-publish","4":"has-post-thumbnail","6":"product_cat-bron-krotka","7":"product_cat-istotne-czesci-broni","9":"first","10":"instock","11":"shipping-taxable","12":"product-type-simple"},"_links":{"self":[{"href":"https:\/\/www.strzelnica-magnum.pl\/en\/wp-json\/wp\/v2\/product\/3284","targetHints":{"allow":["GET"]}}],"collection":[{"href":"https:\/\/www.strzelnica-magnum.pl\/en\/wp-json\/wp\/v2\/product"}],"about":[{"href":"https:\/\/www.strzelnica-magnum.pl\/en\/wp-json\/wp\/v2\/types\/product"}],"replies":[{"embeddable":true,"href":"https:\/\/www.strzelnica-magnum.pl\/en\/wp-json\/wp\/v2\/comments?post=3284"}],"wp:featuredmedia":[{"embeddable":true,"href":"https:\/\/www.strzelnica-magnum.pl\/en\/wp-json\/wp\/v2\/media\/3285"}],"wp:attachment":[{"href":"https:\/\/www.strzelnica-magnum.pl\/en\/wp-json\/wp\/v2\/media?parent=3284"}],"wp:term":[{"taxonomy":"product_cat","embeddable":true,"href":"https:\/\/www.strzelnica-magnum.pl\/en\/wp-json\/wp\/v2\/product_cat?post=3284"},{"taxonomy":"product_tag","embeddable":true,"href":"https:\/\/www.strzelnica-magnum.pl\/en\/wp-json\/wp\/v2\/product_tag?post=3284"}],"curies":[{"name":"wp","href":"https:\/\/api.w.org\/{rel}","templated":true}]}}