{"id":3281,"date":"2025-06-27T13:26:58","date_gmt":"2025-06-27T13:26:58","guid":{"rendered":"https:\/\/www.strzelnica-magnum.pl\/?post_type=product&#038;p=3281"},"modified":"2025-06-27T13:26:58","modified_gmt":"2025-06-27T13:26:58","slug":"adapter-cz-shadow-2-kadet-22lr","status":"publish","type":"product","link":"https:\/\/www.strzelnica-magnum.pl\/en\/uzbrojenie\/bron-krotka\/adapter-cz-shadow-2-kadet-22lr\/","title":{"rendered":"Adapter CZ Shadow 2 Kadet .22LR"},"content":{"rendered":"<p><strong>Adapter CZ Shadow 2 Kadet .22LR<\/strong> &#8211; niezb\u0119dne akcesorium dla ka\u017cdego posiadacza legendarnego pistoletu CZ Shadow 2. Ten wysokiej jako\u015bci zestaw pozwala w kilka sekund przekszta\u0142ci\u0107 Twoj\u0105 wyczynow\u0105 bro\u0144 w pistolet treningowy kalibru .22 LR, otwieraj\u0105c zupe\u0142nie nowe mo\u017cliwo\u015bci treningowe przy minimalnych kosztach.<\/p>\n<p>G\u0142\u00f3wn\u0105 zalet\u0105 konwersji Kadet jest drastyczne obni\u017cenie koszt\u00f3w treningu. Dzi\u0119ki mo\u017cliwo\u015bci u\u017cywania taniej i szeroko dost\u0119pnej amunicji bocznego zap\u0142onu (.22 LR), mo\u017cesz sp\u0119dza\u0107 na strzelnicy znacznie wi\u0119cej czasu, wystrzeliwuj\u0105c setki naboj\u00f3w za cen\u0119 jednego pude\u0142ka amunicji 9&#215;19 mm. To najszybszy i najefektywniejszy spos\u00f3b na popraw\u0119 swoich umiej\u0119tno\u015bci strzeleckich.<\/p>\n<p><strong>Cena 2 700 z\u0142<\/strong><\/p>\n<p><em>Bro\u0144 palna, amunicja i istotne elementy broni nie s\u0105 sprzedawane on-line. Mo\u017cna je naby\u0107 osobi\u015bcie w naszym sklepie. Warunkiem nabycia broni jest przed\u0142o\u017cenie aktualnego za\u015bwiadczenia (promesy) uprawniaj\u0105cej do zakupu broni oraz dowodu osobistego. Niniejsz\u0105 ofert\u0119 zamieszczamy w celu pogl\u0105dowym. Przed zakupem broni prosimy o kontakt telefoniczny.<\/em><\/p>\n","protected":false},"excerpt":{"rendered":"<p>Adapter CZ Shadow 2 Kadet .22LR &#8211; niezb\u0119dne akcesorium dla ka\u017cdego posiadacza legendarnego pistoletu CZ Shadow 2. Ten wysokiej jako\u015bci zestaw pozwala w kilka sekund przekszta\u0142ci\u0107<span class=\"excerpt-hellip\"> [\u2026]<\/span><\/p>\n","protected":false},"featured_media":3282,"comment_status":"closed","ping_status":"closed","template":"","meta":[],"product_cat":[42,155],"product_tag":[],"class_list":{"0":"post-3281","1":"product","2":"type-product","3":"status-publish","4":"has-post-thumbnail","6":"product_cat-bron-krotka","7":"product_cat-istotne-czesci-broni","9":"first","10":"instock","11":"shipping-taxable","12":"product-type-simple"},"_links":{"self":[{"href":"https:\/\/www.strzelnica-magnum.pl\/en\/wp-json\/wp\/v2\/product\/3281","targetHints":{"allow":["GET"]}}],"collection":[{"href":"https:\/\/www.strzelnica-magnum.pl\/en\/wp-json\/wp\/v2\/product"}],"about":[{"href":"https:\/\/www.strzelnica-magnum.pl\/en\/wp-json\/wp\/v2\/types\/product"}],"replies":[{"embeddable":true,"href":"https:\/\/www.strzelnica-magnum.pl\/en\/wp-json\/wp\/v2\/comments?post=3281"}],"wp:featuredmedia":[{"embeddable":true,"href":"https:\/\/www.strzelnica-magnum.pl\/en\/wp-json\/wp\/v2\/media\/3282"}],"wp:attachment":[{"href":"https:\/\/www.strzelnica-magnum.pl\/en\/wp-json\/wp\/v2\/media?parent=3281"}],"wp:term":[{"taxonomy":"product_cat","embeddable":true,"href":"https:\/\/www.strzelnica-magnum.pl\/en\/wp-json\/wp\/v2\/product_cat?post=3281"},{"taxonomy":"product_tag","embeddable":true,"href":"https:\/\/www.strzelnica-magnum.pl\/en\/wp-json\/wp\/v2\/product_tag?post=3281"}],"curies":[{"name":"wp","href":"https:\/\/api.w.org\/{rel}","templated":true}]}}