{"id":3278,"date":"2025-06-27T13:12:33","date_gmt":"2025-06-27T13:12:33","guid":{"rendered":"https:\/\/www.strzelnica-magnum.pl\/?post_type=product&#038;p=3278"},"modified":"2025-06-27T13:12:33","modified_gmt":"2025-06-27T13:12:33","slug":"cz-457-royal","status":"publish","type":"product","link":"https:\/\/www.strzelnica-magnum.pl\/en\/uzbrojenie\/bron-dluga\/cz-457-royal\/","title":{"rendered":"CZ 457 Royal"},"content":{"rendered":"<p><strong>CZ 457 Royal<\/strong> &#8211; prawdziwy klejnot koronny w rodzinie karabink\u00f3w bocznego zap\u0142onu od \u010cesk\u00e1 zbrojovka. Ten model jest ho\u0142dem dla klasycznego rzemios\u0142a i z\u0142otego wieku sztuki rusznikarskiej, \u0142\u0105cz\u0105c w sobie ponadczasowe pi\u0119kno szlachetnego drewna z najnowocze\u015bniejsz\u0105 i najbardziej zaawansowan\u0105 akcj\u0105 sportow\u0105 CZ. To bro\u0144 dla koneser\u00f3w, kt\u00f3rzy ceni\u0105 sobie nie tylko doskona\u0142e wyniki na tarczy, ale tak\u017ce niezr\u00f3wnan\u0105 estetyk\u0119 i styl.<\/p>\n<p>Tym, co na pierwszy rzut oka wyr\u00f3\u017cnia model Royal, jest jego zjawiskowa osada, wykonana z najwy\u017cszej klasy, starannie selekcjonowanego drewna orzecha w\u0142oskiego. Pod klasyczn\u0105 powierzchowno\u015bci\u0105 kryje si\u0119 najnowocze\u015bniejsza i najbardziej zaawansowana platforma bocznego zap\u0142onu od CZ.<\/p>\n<p>CZ 457 Royal to idealny wyb\u00f3r dla strzelca, kt\u00f3ry poszukuje czego\u015b wi\u0119cej ni\u017c tylko narz\u0119dzia. To bro\u0144 z dusz\u0105, kt\u00f3ra \u0142\u0105czy w sobie dum\u0119 posiadania pi\u0119knego przedmiotu z satysfakcj\u0105 osi\u0105gania doskona\u0142ych wynik\u00f3w na strzelnicy. To karabinek, kt\u00f3ry z przyjemno\u015bci\u0105 przekazuje si\u0119 z pokolenia na pokolenie.<\/p>\n<p><strong>Cena 4 100 z\u0142<\/strong><\/p>\n<p><em>Bro\u0144 palna, amunicja i istotne elementy broni nie s\u0105 sprzedawane on-line. Mo\u017cna je naby\u0107 osobi\u015bcie w naszym sklepie. Warunkiem nabycia broni jest przed\u0142o\u017cenie aktualnego za\u015bwiadczenia (promesy) uprawniaj\u0105cej do zakupu broni oraz dowodu osobistego. Niniejsz\u0105 ofert\u0119 zamieszczamy w celu pogl\u0105dowym. Przed zakupem broni prosimy o kontakt telefoniczny.<\/em><\/p>\n","protected":false},"excerpt":{"rendered":"<p>CZ 457 Royal &#8211; prawdziwy klejnot koronny w rodzinie karabink\u00f3w bocznego zap\u0142onu od \u010cesk\u00e1 zbrojovka. Ten model jest ho\u0142dem dla klasycznego rzemios\u0142a i z\u0142otego wieku sztuki<span class=\"excerpt-hellip\"> [\u2026]<\/span><\/p>\n","protected":false},"featured_media":3279,"comment_status":"closed","ping_status":"closed","template":"","meta":[],"product_cat":[43,50],"product_tag":[],"class_list":{"0":"post-3278","1":"product","2":"type-product","3":"status-publish","4":"has-post-thumbnail","6":"product_cat-bron-dluga","7":"product_cat-cz-2","9":"first","10":"instock","11":"shipping-taxable","12":"product-type-simple"},"_links":{"self":[{"href":"https:\/\/www.strzelnica-magnum.pl\/en\/wp-json\/wp\/v2\/product\/3278","targetHints":{"allow":["GET"]}}],"collection":[{"href":"https:\/\/www.strzelnica-magnum.pl\/en\/wp-json\/wp\/v2\/product"}],"about":[{"href":"https:\/\/www.strzelnica-magnum.pl\/en\/wp-json\/wp\/v2\/types\/product"}],"replies":[{"embeddable":true,"href":"https:\/\/www.strzelnica-magnum.pl\/en\/wp-json\/wp\/v2\/comments?post=3278"}],"wp:featuredmedia":[{"embeddable":true,"href":"https:\/\/www.strzelnica-magnum.pl\/en\/wp-json\/wp\/v2\/media\/3279"}],"wp:attachment":[{"href":"https:\/\/www.strzelnica-magnum.pl\/en\/wp-json\/wp\/v2\/media?parent=3278"}],"wp:term":[{"taxonomy":"product_cat","embeddable":true,"href":"https:\/\/www.strzelnica-magnum.pl\/en\/wp-json\/wp\/v2\/product_cat?post=3278"},{"taxonomy":"product_tag","embeddable":true,"href":"https:\/\/www.strzelnica-magnum.pl\/en\/wp-json\/wp\/v2\/product_tag?post=3278"}],"curies":[{"name":"wp","href":"https:\/\/api.w.org\/{rel}","templated":true}]}}