{"id":3274,"date":"2025-06-27T13:09:40","date_gmt":"2025-06-27T13:09:40","guid":{"rendered":"https:\/\/www.strzelnica-magnum.pl\/?post_type=product&#038;p=3274"},"modified":"2025-06-27T13:09:41","modified_gmt":"2025-06-27T13:09:41","slug":"cz-shadow-2-or-gold","status":"publish","type":"product","link":"https:\/\/www.strzelnica-magnum.pl\/en\/uzbrojenie\/bron-krotka\/cz-shadow-2-or-gold\/","title":{"rendered":"CZ Shadow 2 OR Gold"},"content":{"rendered":"<p><strong>CZ Shadow 2 OR Gold<\/strong> <\/p>\n<p>Ta wersja \u0142\u0105czy w sobie wszystkie cechy legendarnej platformy Shadow 2 \u2013 niezr\u00f3wnan\u0105 celno\u015b\u0107, stabilno\u015b\u0107 i ergonomi\u0119 \u2013 z ekskluzywnymi, z\u0142otymi akcentami, kt\u00f3re nadaj\u0105 jej luksusowy i niepowtarzalny charakter. To bro\u0144 dla zawodnika, kt\u00f3ry chce wygrywa\u0107 w wielkim stylu.<\/p>\n<p>Tym, co wyr\u00f3\u017cnia edycj\u0119 Gold, jest jej unikalna estetyka. Kluczowe, aluminiowe komponenty pistoletu zosta\u0142y poddane procesowi anodowania na zjawiskowy, z\u0142oty kolor, kt\u00f3ry wspaniale kontrastuje z g\u0142\u0119bok\u0105 czerni\u0105 stalowego szkieletu i zamka.<\/p>\n<p>Model OR (Optics-Ready) zosta\u0142 fabrycznie przygotowany do startu w dynamicznie rozwijaj\u0105cych si\u0119 konkurencjach z u\u017cyciem celownik\u00f3w kolimatorowych, takich jak IPSC Production Optics.<\/p>\n<p>Pod pi\u0119knym wyko\u0144czeniem kryje si\u0119 ta sama, w pe\u0142ni stalowa konstrukcja, kt\u00f3ra uczyni\u0142a Shadow 2 mistrzem. Waga pistoletu (ok. 1,33 kg) w po\u0142\u0105czeniu z nisko osadzon\u0105 osi\u0105 lufy sprawia, \u017ce odrzut jest minimalny, a bro\u0144 strzela niezwykle &#8220;p\u0142asko&#8221;. Doskona\u0142y, p\u0142ynny mechanizm spustowy SA\/DA oraz legendarna ergonomia chwytu sprawiaj\u0105, \u017ce pistolet staje si\u0119 naturalnym przed\u0142u\u017ceniem d\u0142oni strzelca.<\/p>\n<p>CZ Shadow 2 OR Gold to idealne po\u0142\u0105czenie \u015bwiatowej klasy osi\u0105g\u00f3w z wyrafinowanym stylem. To bro\u0144 dla zawodnika, kt\u00f3ry nie uznaje kompromis\u00f3w i oczekuje absolutnie najlepszego \u2013 zar\u00f3wno pod wzgl\u0119dem wynik\u00f3w na torze, jak i estetyki.<\/p>\n<p><strong>Cena 7 700 z\u0142<\/strong><\/p>\n<p><em>Bro\u0144 palna, amunicja i istotne elementy broni nie s\u0105 sprzedawane on-line. Mo\u017cna je naby\u0107 osobi\u015bcie w naszym sklepie. Warunkiem nabycia broni jest przed\u0142o\u017cenie aktualnego za\u015bwiadczenia (promesy) uprawniaj\u0105cej do zakupu broni oraz dowodu osobistego. Niniejsz\u0105 ofert\u0119 zamieszczamy w celu pogl\u0105dowym. Przed zakupem broni prosimy o kontakt telefoniczny.<\/em><\/p>\n","protected":false},"excerpt":{"rendered":"<p>CZ Shadow 2 OR Gold Ta wersja \u0142\u0105czy w sobie wszystkie cechy legendarnej platformy Shadow 2 \u2013 niezr\u00f3wnan\u0105 celno\u015b\u0107, stabilno\u015b\u0107 i ergonomi\u0119 \u2013 z ekskluzywnymi, z\u0142otymi<span class=\"excerpt-hellip\"> [\u2026]<\/span><\/p>\n","protected":false},"featured_media":3276,"comment_status":"closed","ping_status":"closed","template":"","meta":[],"product_cat":[42,49],"product_tag":[],"class_list":{"0":"post-3274","1":"product","2":"type-product","3":"status-publish","4":"has-post-thumbnail","6":"product_cat-bron-krotka","7":"product_cat-cz","9":"first","10":"instock","11":"shipping-taxable","12":"product-type-simple"},"_links":{"self":[{"href":"https:\/\/www.strzelnica-magnum.pl\/en\/wp-json\/wp\/v2\/product\/3274","targetHints":{"allow":["GET"]}}],"collection":[{"href":"https:\/\/www.strzelnica-magnum.pl\/en\/wp-json\/wp\/v2\/product"}],"about":[{"href":"https:\/\/www.strzelnica-magnum.pl\/en\/wp-json\/wp\/v2\/types\/product"}],"replies":[{"embeddable":true,"href":"https:\/\/www.strzelnica-magnum.pl\/en\/wp-json\/wp\/v2\/comments?post=3274"}],"wp:featuredmedia":[{"embeddable":true,"href":"https:\/\/www.strzelnica-magnum.pl\/en\/wp-json\/wp\/v2\/media\/3276"}],"wp:attachment":[{"href":"https:\/\/www.strzelnica-magnum.pl\/en\/wp-json\/wp\/v2\/media?parent=3274"}],"wp:term":[{"taxonomy":"product_cat","embeddable":true,"href":"https:\/\/www.strzelnica-magnum.pl\/en\/wp-json\/wp\/v2\/product_cat?post=3274"},{"taxonomy":"product_tag","embeddable":true,"href":"https:\/\/www.strzelnica-magnum.pl\/en\/wp-json\/wp\/v2\/product_tag?post=3274"}],"curies":[{"name":"wp","href":"https:\/\/api.w.org\/{rel}","templated":true}]}}