{"id":3271,"date":"2025-06-27T13:01:16","date_gmt":"2025-06-27T13:01:16","guid":{"rendered":"https:\/\/www.strzelnica-magnum.pl\/?post_type=product&#038;p=3271"},"modified":"2025-06-27T13:01:16","modified_gmt":"2025-06-27T13:01:16","slug":"cz-p-10-f-sr","status":"publish","type":"product","link":"https:\/\/www.strzelnica-magnum.pl\/en\/uzbrojenie\/bron-krotka\/cz-p-10-f-sr\/","title":{"rendered":"CZ P-10 F SR"},"content":{"rendered":"<p><strong>CZ P-10 F SR<\/strong> <\/p>\n<p>To bro\u0144 stworzona dla strzelc\u00f3w, kt\u00f3rzy nie uznaj\u0105 kompromis\u00f3w, oferuj\u0105c maksymaln\u0105 pojemno\u015b\u0107 magazynka, doskona\u0142\u0105 kontrol\u0119 i pe\u0142n\u0105 gotowo\u015b\u0107 do monta\u017cu t\u0142umika d\u017awi\u0119ku oraz celownika kolimatorowego prosto z pude\u0142ka.<\/p>\n<p>CZ P-10 F SR to najlepszy wyb\u00f3r dla strzelc\u00f3w poszukuj\u0105cych pe\u0142nowymiarowego pistoletu do zastosowa\u0144 s\u0142u\u017cbowych, ochrony miru domowego czy strzelectwa sportowego. To platforma, kt\u00f3ra oferuje maksimum kontroli, pojemno\u015bci i wszechstronno\u015bci w jednym, niezawodnym pakiecie.<\/p>\n<p><strong>Cena 3 100 z\u0142<\/strong><\/p>\n<p><em>Bro\u0144 palna, amunicja i istotne elementy broni nie s\u0105 sprzedawane on-line. Mo\u017cna je naby\u0107 osobi\u015bcie w naszym sklepie. Warunkiem nabycia broni jest przed\u0142o\u017cenie aktualnego za\u015bwiadczenia (promesy) uprawniaj\u0105cej do zakupu broni oraz dowodu osobistego. Niniejsz\u0105 ofert\u0119 zamieszczamy w celu pogl\u0105dowym. Przed zakupem broni prosimy o kontakt telefoniczny.<\/em><\/p>\n","protected":false},"excerpt":{"rendered":"<p>CZ P-10 F SR To bro\u0144 stworzona dla strzelc\u00f3w, kt\u00f3rzy nie uznaj\u0105 kompromis\u00f3w, oferuj\u0105c maksymaln\u0105 pojemno\u015b\u0107 magazynka, doskona\u0142\u0105 kontrol\u0119 i pe\u0142n\u0105 gotowo\u015b\u0107 do monta\u017cu t\u0142umika d\u017awi\u0119ku<span class=\"excerpt-hellip\"> [\u2026]<\/span><\/p>\n","protected":false},"featured_media":3272,"comment_status":"closed","ping_status":"closed","template":"","meta":[],"product_cat":[42,49],"product_tag":[],"class_list":{"0":"post-3271","1":"product","2":"type-product","3":"status-publish","4":"has-post-thumbnail","6":"product_cat-bron-krotka","7":"product_cat-cz","9":"first","10":"instock","11":"shipping-taxable","12":"product-type-simple"},"_links":{"self":[{"href":"https:\/\/www.strzelnica-magnum.pl\/en\/wp-json\/wp\/v2\/product\/3271","targetHints":{"allow":["GET"]}}],"collection":[{"href":"https:\/\/www.strzelnica-magnum.pl\/en\/wp-json\/wp\/v2\/product"}],"about":[{"href":"https:\/\/www.strzelnica-magnum.pl\/en\/wp-json\/wp\/v2\/types\/product"}],"replies":[{"embeddable":true,"href":"https:\/\/www.strzelnica-magnum.pl\/en\/wp-json\/wp\/v2\/comments?post=3271"}],"wp:featuredmedia":[{"embeddable":true,"href":"https:\/\/www.strzelnica-magnum.pl\/en\/wp-json\/wp\/v2\/media\/3272"}],"wp:attachment":[{"href":"https:\/\/www.strzelnica-magnum.pl\/en\/wp-json\/wp\/v2\/media?parent=3271"}],"wp:term":[{"taxonomy":"product_cat","embeddable":true,"href":"https:\/\/www.strzelnica-magnum.pl\/en\/wp-json\/wp\/v2\/product_cat?post=3271"},{"taxonomy":"product_tag","embeddable":true,"href":"https:\/\/www.strzelnica-magnum.pl\/en\/wp-json\/wp\/v2\/product_tag?post=3271"}],"curies":[{"name":"wp","href":"https:\/\/api.w.org\/{rel}","templated":true}]}}