{"id":3268,"date":"2025-06-27T12:57:15","date_gmt":"2025-06-27T12:57:15","guid":{"rendered":"https:\/\/www.strzelnica-magnum.pl\/?post_type=product&#038;p=3268"},"modified":"2025-06-27T13:05:13","modified_gmt":"2025-06-27T13:05:13","slug":"cz-p-10-c-sr","status":"publish","type":"product","link":"https:\/\/www.strzelnica-magnum.pl\/en\/uzbrojenie\/bron-krotka\/cz-p-10-c-sr\/","title":{"rendered":"CZ P-10 C SR"},"content":{"rendered":"<p><strong>CZ P-10 C SR<\/strong> <\/p>\n<p>Model ten zosta\u0142 fabrycznie przygotowany do wsp\u00f3\u0142pracy z t\u0142umikami d\u017awi\u0119ku i celownikami kolimatorowymi, tworz\u0105c tym samym jedn\u0105 z najbardziej wszechstronnych i po\u017c\u0105danych platform na rynku \u2013 idealn\u0105 do ochrony osobistej, sportu i zastosowa\u0144 taktycznych.<\/p>\n<p>CZ P-10 C SR to definicja nowoczesnego pistoletu typu &#8220;do-it-all&#8221;. Oferuje idealny balans pomi\u0119dzy kompaktowymi wymiarami do skrytego noszenia, a pe\u0142n\u0105 gotowo\u015bci\u0105 do zaawansowanych zastosowa\u0144 sportowych i taktycznych. To najlepszy wyb\u00f3r dla strzelca, kt\u00f3ry oczekuje maksymalnej wszechstronno\u015bci bez \u017cadnych kompromis\u00f3w.<\/p>\n<p><strong>Cena 3 100 z\u0142<\/strong><\/p>\n<p><em>Bro\u0144 palna, amunicja i istotne elementy broni nie s\u0105 sprzedawane on-line. Mo\u017cna je naby\u0107 osobi\u015bcie w naszym sklepie. Warunkiem nabycia broni jest przed\u0142o\u017cenie aktualnego za\u015bwiadczenia (promesy) uprawniaj\u0105cej do zakupu broni oraz dowodu osobistego. Niniejsz\u0105 ofert\u0119 zamieszczamy w celu pogl\u0105dowym. Przed zakupem broni prosimy o kontakt telefoniczny.<\/em><\/p>\n","protected":false},"excerpt":{"rendered":"<p>CZ P-10 C SR Model ten zosta\u0142 fabrycznie przygotowany do wsp\u00f3\u0142pracy z t\u0142umikami d\u017awi\u0119ku i celownikami kolimatorowymi, tworz\u0105c tym samym jedn\u0105 z najbardziej wszechstronnych i po\u017c\u0105danych<span class=\"excerpt-hellip\"> [\u2026]<\/span><\/p>\n","protected":false},"featured_media":3269,"comment_status":"closed","ping_status":"closed","template":"","meta":[],"product_cat":[42,49],"product_tag":[],"class_list":{"0":"post-3268","1":"product","2":"type-product","3":"status-publish","4":"has-post-thumbnail","6":"product_cat-bron-krotka","7":"product_cat-cz","9":"first","10":"instock","11":"shipping-taxable","12":"product-type-simple"},"_links":{"self":[{"href":"https:\/\/www.strzelnica-magnum.pl\/en\/wp-json\/wp\/v2\/product\/3268","targetHints":{"allow":["GET"]}}],"collection":[{"href":"https:\/\/www.strzelnica-magnum.pl\/en\/wp-json\/wp\/v2\/product"}],"about":[{"href":"https:\/\/www.strzelnica-magnum.pl\/en\/wp-json\/wp\/v2\/types\/product"}],"replies":[{"embeddable":true,"href":"https:\/\/www.strzelnica-magnum.pl\/en\/wp-json\/wp\/v2\/comments?post=3268"}],"wp:featuredmedia":[{"embeddable":true,"href":"https:\/\/www.strzelnica-magnum.pl\/en\/wp-json\/wp\/v2\/media\/3269"}],"wp:attachment":[{"href":"https:\/\/www.strzelnica-magnum.pl\/en\/wp-json\/wp\/v2\/media?parent=3268"}],"wp:term":[{"taxonomy":"product_cat","embeddable":true,"href":"https:\/\/www.strzelnica-magnum.pl\/en\/wp-json\/wp\/v2\/product_cat?post=3268"},{"taxonomy":"product_tag","embeddable":true,"href":"https:\/\/www.strzelnica-magnum.pl\/en\/wp-json\/wp\/v2\/product_tag?post=3268"}],"curies":[{"name":"wp","href":"https:\/\/api.w.org\/{rel}","templated":true}]}}