{"id":3265,"date":"2025-06-27T12:52:44","date_gmt":"2025-06-27T12:52:44","guid":{"rendered":"https:\/\/www.strzelnica-magnum.pl\/?post_type=product&#038;p=3265"},"modified":"2025-06-27T12:52:44","modified_gmt":"2025-06-27T12:52:44","slug":"cz-550-safari-classic","status":"publish","type":"product","link":"https:\/\/www.strzelnica-magnum.pl\/en\/uzbrojenie\/bron-dluga\/cz-550-safari-classic\/","title":{"rendered":"CZ 550 Safari Classic"},"content":{"rendered":"<p><strong>CZ 550 Safari Classic<\/strong> &#8211; sztucer, kt\u00f3ry jest ho\u0142dem dla tradycji i uosobieniem niezawodno\u015bci. To bro\u0144 stworzona dla prawdziwych my\u015bliwych i podr\u00f3\u017cnik\u00f3w, kt\u00f3rzy na najdalszych kra\u0144cach \u015bwiata staj\u0105 oko w oko z najwi\u0119ksz\u0105 i najniebezpieczniejsz\u0105 zwierzyn\u0105. Zbudowany w oparciu o legendarny system Mausera, jest narz\u0119dziem, kt\u00f3remu mo\u017cna bezgranicznie zaufa\u0107, gdy wszystko inne zawiedzie.<\/p>\n<p>Tym, co stanowi o absolutnej niezawodno\u015bci sztucera, jest jego akcja oparta na nie\u015bmiertelnym systemie Mauser 98, wyposa\u017cona w kluczowy dla bezpiecze\u0144stwa mechanizm kontrolowanego podawania naboju. Sztucer CZ 550 Safari Classic jest dost\u0119pny w legendarnych, sprawdzonych w Afryce kalibrach, kt\u00f3re sta\u0142y si\u0119 synonimem polowa\u0144 na &#8220;Wielk\u0105 Pi\u0105tk\u0119&#8221;. Dost\u0119pne kalibry to mi\u0119dzy innymi .375 H&#038;H Magnum, .416 Rigby czy .458 Lott, kt\u00f3re zapewniaj\u0105 pot\u0119\u017cn\u0105 moc obalaj\u0105c\u0105, niezb\u0119dn\u0105 do zatrzymania najwi\u0119kszej zwierzyny.<\/p>\n<p>CZ 550 Safari Classic to wi\u0119cej ni\u017c bro\u0144. To zaufany partner w najwi\u0119kszej my\u015bliwskiej przygodzie \u017cycia. To klasyczne rzemios\u0142o i absolutna niezawodno\u015b\u0107, kt\u00f3re daj\u0105 spok\u00f3j ducha, gdy stoisz w obliczu prawdziwej pot\u0119gi natury.<\/p>\n<p>Dost\u0119pny w wersjach:<br \/>\n&#8211; .375 H&#038;H Mag<br \/>\n&#8211; .416 Rigby<br \/>\n&#8211; .458 Lott<br \/>\n<strong>Cena 28 000 z\u0142<\/strong><\/p>\n<p><em>Bro\u0144 palna, amunicja i istotne elementy broni nie s\u0105 sprzedawane on-line. Mo\u017cna je naby\u0107 osobi\u015bcie w naszym sklepie. Warunkiem nabycia broni jest przed\u0142o\u017cenie aktualnego za\u015bwiadczenia (promesy) uprawniaj\u0105cej do zakupu broni oraz dowodu osobistego. Niniejsz\u0105 ofert\u0119 zamieszczamy w celu pogl\u0105dowym. Przed zakupem broni prosimy o kontakt telefoniczny.<\/em><\/p>\n","protected":false},"excerpt":{"rendered":"<p>CZ 550 Safari Classic &#8211; sztucer, kt\u00f3ry jest ho\u0142dem dla tradycji i uosobieniem niezawodno\u015bci. To bro\u0144 stworzona dla prawdziwych my\u015bliwych i podr\u00f3\u017cnik\u00f3w, kt\u00f3rzy na najdalszych kra\u0144cach<span class=\"excerpt-hellip\"> [\u2026]<\/span><\/p>\n","protected":false},"featured_media":3266,"comment_status":"closed","ping_status":"closed","template":"","meta":[],"product_cat":[43,50],"product_tag":[],"class_list":{"0":"post-3265","1":"product","2":"type-product","3":"status-publish","4":"has-post-thumbnail","6":"product_cat-bron-dluga","7":"product_cat-cz-2","9":"first","10":"instock","11":"shipping-taxable","12":"product-type-simple"},"_links":{"self":[{"href":"https:\/\/www.strzelnica-magnum.pl\/en\/wp-json\/wp\/v2\/product\/3265","targetHints":{"allow":["GET"]}}],"collection":[{"href":"https:\/\/www.strzelnica-magnum.pl\/en\/wp-json\/wp\/v2\/product"}],"about":[{"href":"https:\/\/www.strzelnica-magnum.pl\/en\/wp-json\/wp\/v2\/types\/product"}],"replies":[{"embeddable":true,"href":"https:\/\/www.strzelnica-magnum.pl\/en\/wp-json\/wp\/v2\/comments?post=3265"}],"wp:featuredmedia":[{"embeddable":true,"href":"https:\/\/www.strzelnica-magnum.pl\/en\/wp-json\/wp\/v2\/media\/3266"}],"wp:attachment":[{"href":"https:\/\/www.strzelnica-magnum.pl\/en\/wp-json\/wp\/v2\/media?parent=3265"}],"wp:term":[{"taxonomy":"product_cat","embeddable":true,"href":"https:\/\/www.strzelnica-magnum.pl\/en\/wp-json\/wp\/v2\/product_cat?post=3265"},{"taxonomy":"product_tag","embeddable":true,"href":"https:\/\/www.strzelnica-magnum.pl\/en\/wp-json\/wp\/v2\/product_tag?post=3265"}],"curies":[{"name":"wp","href":"https:\/\/api.w.org\/{rel}","templated":true}]}}