{"id":3262,"date":"2025-06-27T12:47:13","date_gmt":"2025-06-27T12:47:13","guid":{"rendered":"https:\/\/www.strzelnica-magnum.pl\/?post_type=product&#038;p=3262"},"modified":"2025-06-27T12:47:13","modified_gmt":"2025-06-27T12:47:13","slug":"cz-75-czechmate-parrot","status":"publish","type":"product","link":"https:\/\/www.strzelnica-magnum.pl\/en\/uzbrojenie\/bron-krotka\/cz-75-czechmate-parrot\/","title":{"rendered":"CZ 75 Czechmate Parrot"},"content":{"rendered":"<p><strong>CZ 75 Czechmate Parrot<\/strong> \u2013 bro\u0144, kt\u00f3ra nie jest tylko pistoletem, ale kompletnym, fabrycznie przygotowanym systemem do wygrywania w najbardziej ekstremalnej klasie sprz\u0119towej IPSC \u2013 klasie Open. To szczytowe osi\u0105gni\u0119cie in\u017cynier\u00f3w z Uherskiego Brodu, a wersja &#8220;Parrot&#8221; z unikalnym, wielokolorowym wyko\u0144czeniem to propozycja dla zawodnik\u00f3w, kt\u00f3rzy chc\u0105 dominowa\u0107 nie tylko wynikami, ale i niepowtarzalnym stylem.<\/p>\n<p>Ka\u017cdy element pistoletu Czechmate zosta\u0142 zaprojektowany z my\u015bl\u0105 o strzelaniu amunicj\u0105 o wysokim wsp\u00f3\u0142czynniku mocy (&#8220;Major&#8221;) z maksymaln\u0105 szybko\u015bci\u0105 i precyzj\u0105.<\/p>\n<p>Wersja &#8220;Parrot&#8221; to prawdziwy pokaz mo\u017cliwo\u015bci estetycznych. Kluczowe, aluminiowe komponenty pistoletu zosta\u0142y poddane procesowi wielokolorowego anodowania, tworz\u0105c \u017cywy, mieni\u0105cy si\u0119 i absolutnie unikalny wygl\u0105d.<\/p>\n<p>CZ 75 Czechmate Parrot to ostateczne narz\u0119dzie dla strzelca klasy Open. To bezkompromisowa wydajno\u015b\u0107, niezawodno\u015b\u0107 i styl, kt\u00f3re pozwol\u0105 Ci w pe\u0142ni zrealizowa\u0107 sw\u00f3j potencja\u0142 na torze.<\/p>\n<p>Dost\u0119pny w wersji z luf\u0105 w cenie <strong>21 900 z\u0142<\/strong> oraz w wersji bez lufy w cenie <strong>20 500 z\u0142<\/strong>.<\/p>\n<p><em>Bro\u0144 palna, amunicja i istotne elementy broni nie s\u0105 sprzedawane on-line. Mo\u017cna je naby\u0107 osobi\u015bcie w naszym sklepie. Warunkiem nabycia broni jest przed\u0142o\u017cenie aktualnego za\u015bwiadczenia (promesy) uprawniaj\u0105cej do zakupu broni oraz dowodu osobistego. Niniejsz\u0105 ofert\u0119 zamieszczamy w celu pogl\u0105dowym. Przed zakupem broni prosimy o kontakt telefoniczny.<\/em><\/p>\n","protected":false},"excerpt":{"rendered":"<p>CZ 75 Czechmate Parrot \u2013 bro\u0144, kt\u00f3ra nie jest tylko pistoletem, ale kompletnym, fabrycznie przygotowanym systemem do wygrywania w najbardziej ekstremalnej klasie sprz\u0119towej IPSC \u2013 klasie<span class=\"excerpt-hellip\"> [\u2026]<\/span><\/p>\n","protected":false},"featured_media":3263,"comment_status":"closed","ping_status":"closed","template":"","meta":[],"product_cat":[42,49],"product_tag":[],"class_list":{"0":"post-3262","1":"product","2":"type-product","3":"status-publish","4":"has-post-thumbnail","6":"product_cat-bron-krotka","7":"product_cat-cz","9":"first","10":"instock","11":"shipping-taxable","12":"product-type-simple"},"_links":{"self":[{"href":"https:\/\/www.strzelnica-magnum.pl\/en\/wp-json\/wp\/v2\/product\/3262","targetHints":{"allow":["GET"]}}],"collection":[{"href":"https:\/\/www.strzelnica-magnum.pl\/en\/wp-json\/wp\/v2\/product"}],"about":[{"href":"https:\/\/www.strzelnica-magnum.pl\/en\/wp-json\/wp\/v2\/types\/product"}],"replies":[{"embeddable":true,"href":"https:\/\/www.strzelnica-magnum.pl\/en\/wp-json\/wp\/v2\/comments?post=3262"}],"wp:featuredmedia":[{"embeddable":true,"href":"https:\/\/www.strzelnica-magnum.pl\/en\/wp-json\/wp\/v2\/media\/3263"}],"wp:attachment":[{"href":"https:\/\/www.strzelnica-magnum.pl\/en\/wp-json\/wp\/v2\/media?parent=3262"}],"wp:term":[{"taxonomy":"product_cat","embeddable":true,"href":"https:\/\/www.strzelnica-magnum.pl\/en\/wp-json\/wp\/v2\/product_cat?post=3262"},{"taxonomy":"product_tag","embeddable":true,"href":"https:\/\/www.strzelnica-magnum.pl\/en\/wp-json\/wp\/v2\/product_tag?post=3262"}],"curies":[{"name":"wp","href":"https:\/\/api.w.org\/{rel}","templated":true}]}}