{"id":3259,"date":"2025-06-27T12:42:52","date_gmt":"2025-06-27T12:42:52","guid":{"rendered":"https:\/\/www.strzelnica-magnum.pl\/?post_type=product&#038;p=3259"},"modified":"2025-06-27T12:42:52","modified_gmt":"2025-06-27T12:42:52","slug":"cz-75-ts-orange","status":"publish","type":"product","link":"https:\/\/www.strzelnica-magnum.pl\/en\/uzbrojenie\/bron-krotka\/cz-75-ts-orange\/","title":{"rendered":"CZ 75 TS Orange"},"content":{"rendered":"<p><strong>CZ 75 TS Orange<\/strong> \u2013 pistolet, kt\u00f3ry jest legend\u0105 i synonimem sukcesu w strzelectwie dynamicznym. To nie jest zwyk\u0142a bro\u0144, to fabrycznie tuningowana maszyna stworzona w jednym celu: by dominowa\u0107 w klasie Standard federacji IPSC. Model &#8220;Orange&#8221; to najwy\u017csza, przed-customowa wersja serii Tactical Sports, w kt\u00f3rej ka\u017cdy detal zosta\u0142 podporz\u0105dkowany szybko\u015bci i precyzji.<\/p>\n<p>Ka\u017cdy element pistoletu TS Orange zosta\u0142 zaprojektowany, by urwa\u0107 cenne u\u0142amki sekund na torze strzeleckim.<\/p>\n<p>CZ 75 TS Orange to bro\u0144 dla ambitnego zawodnika, kt\u00f3ry poszukuje gotowego, fabrycznego rozwi\u0105zania na najwy\u017cszym \u015bwiatowym poziomie. To inwestycja w wyniki i niezr\u00f3wnan\u0105 przyjemno\u015b\u0107 ze strzelania.<\/p>\n<p>Dost\u0119pny w wersji 9&#215;19 w cenie <strong>10 300 z\u0142<\/strong> oraz w wersji 40SW w cenie <strong>9 900 z\u0142<\/strong>.<\/p>\n<p><em>Bro\u0144 palna, amunicja i istotne elementy broni nie s\u0105 sprzedawane on-line. Mo\u017cna je naby\u0107 osobi\u015bcie w naszym sklepie. Warunkiem nabycia broni jest przed\u0142o\u017cenie aktualnego za\u015bwiadczenia (promesy) uprawniaj\u0105cej do zakupu broni oraz dowodu osobistego. Niniejsz\u0105 ofert\u0119 zamieszczamy w celu pogl\u0105dowym. Przed zakupem broni prosimy o kontakt telefoniczny.<\/em><\/p>\n","protected":false},"excerpt":{"rendered":"<p>CZ 75 TS Orange \u2013 pistolet, kt\u00f3ry jest legend\u0105 i synonimem sukcesu w strzelectwie dynamicznym. To nie jest zwyk\u0142a bro\u0144, to fabrycznie tuningowana maszyna stworzona w<span class=\"excerpt-hellip\"> [\u2026]<\/span><\/p>\n","protected":false},"featured_media":3260,"comment_status":"closed","ping_status":"closed","template":"","meta":[],"product_cat":[42,49],"product_tag":[],"class_list":{"0":"post-3259","1":"product","2":"type-product","3":"status-publish","4":"has-post-thumbnail","6":"product_cat-bron-krotka","7":"product_cat-cz","9":"first","10":"instock","11":"shipping-taxable","12":"product-type-simple"},"_links":{"self":[{"href":"https:\/\/www.strzelnica-magnum.pl\/en\/wp-json\/wp\/v2\/product\/3259","targetHints":{"allow":["GET"]}}],"collection":[{"href":"https:\/\/www.strzelnica-magnum.pl\/en\/wp-json\/wp\/v2\/product"}],"about":[{"href":"https:\/\/www.strzelnica-magnum.pl\/en\/wp-json\/wp\/v2\/types\/product"}],"replies":[{"embeddable":true,"href":"https:\/\/www.strzelnica-magnum.pl\/en\/wp-json\/wp\/v2\/comments?post=3259"}],"wp:featuredmedia":[{"embeddable":true,"href":"https:\/\/www.strzelnica-magnum.pl\/en\/wp-json\/wp\/v2\/media\/3260"}],"wp:attachment":[{"href":"https:\/\/www.strzelnica-magnum.pl\/en\/wp-json\/wp\/v2\/media?parent=3259"}],"wp:term":[{"taxonomy":"product_cat","embeddable":true,"href":"https:\/\/www.strzelnica-magnum.pl\/en\/wp-json\/wp\/v2\/product_cat?post=3259"},{"taxonomy":"product_tag","embeddable":true,"href":"https:\/\/www.strzelnica-magnum.pl\/en\/wp-json\/wp\/v2\/product_tag?post=3259"}],"curies":[{"name":"wp","href":"https:\/\/api.w.org\/{rel}","templated":true}]}}