{"id":3256,"date":"2025-06-27T12:36:38","date_gmt":"2025-06-27T12:36:38","guid":{"rendered":"https:\/\/www.strzelnica-magnum.pl\/?post_type=product&#038;p=3256"},"modified":"2025-06-27T12:36:38","modified_gmt":"2025-06-27T12:36:38","slug":"cz-75-bd","status":"publish","type":"product","link":"https:\/\/www.strzelnica-magnum.pl\/en\/uzbrojenie\/bron-krotka\/cz-75-bd\/","title":{"rendered":"CZ 75 BD"},"content":{"rendered":"<p><strong>CZ 75 BD<\/strong> \u2013 wariant jednej z najbardziej ikonicznych i cenionych konstrukcji pistoletowych w historii. Model ten zachowuje wszystkie legendarne cechy, kt\u00f3re przynios\u0142y s\u0142aw\u0119 platformie CZ 75 \u2013 w pe\u0142ni stalow\u0105 budow\u0119, niezr\u00f3wnan\u0105 ergonomi\u0119 i celno\u015b\u0107 \u2013 dodaj\u0105c do nich popularny i ceniony przez s\u0142u\u017cby na ca\u0142ym \u015bwiecie mechanizm zwalniacza kurka (decockera).<\/p>\n<p>G\u0142\u00f3wn\u0105 cech\u0105, kt\u00f3ra wyr\u00f3\u017cnia model BD, jest zast\u0105pienie klasycznego bezpiecznika skrzyde\u0142kowego d\u017awigni\u0105 bezpiecznego zwalniania napi\u0119tego kurka.<br \/>\nCZ 75 BD to bro\u0144 zbudowana by trwa\u0107. Jej w pe\u0142ni stalowa konstrukcja nie tylko gwarantuje dziesi\u0119ciolecia niezawodnej s\u0142u\u017cby, ale tak\u017ce zapewnia wyj\u0105tkowe w\u0142a\u015bciwo\u015bci strzeleckie.<\/p>\n<p>CZ 75 BD to idealny wyb\u00f3r dla strzelc\u00f3w, kt\u00f3rzy ceni\u0105 sobie klasyczn\u0105, niezawodn\u0105 platform\u0119, ale preferuj\u0105 nowoczesne i sprawdzone rozwi\u0105zania w zakresie bezpiecze\u0144stwa. To dow\u00f3d na to, \u017ce doskona\u0142o\u015b\u0107 mo\u017cna udoskonali\u0107, dostosowuj\u0105c j\u0105 do wsp\u00f3\u0142czesnych wymaga\u0144.<\/p>\n<p><strong>Cena 4 000 z\u0142<\/strong> <\/p>\n<p><em>Bro\u0144 palna, amunicja i istotne elementy broni nie s\u0105 sprzedawane on-line. Mo\u017cna je naby\u0107 osobi\u015bcie w naszym sklepie. Warunkiem nabycia broni jest przed\u0142o\u017cenie aktualnego za\u015bwiadczenia (promesy) uprawniaj\u0105cej do zakupu broni oraz dowodu osobistego. Niniejsz\u0105 ofert\u0119 zamieszczamy w celu pogl\u0105dowym. Przed zakupem broni prosimy o kontakt telefoniczny.<\/em><\/p>\n","protected":false},"excerpt":{"rendered":"<p>CZ 75 BD \u2013 wariant jednej z najbardziej ikonicznych i cenionych konstrukcji pistoletowych w historii. Model ten zachowuje wszystkie legendarne cechy, kt\u00f3re przynios\u0142y s\u0142aw\u0119 platformie CZ<span class=\"excerpt-hellip\"> [\u2026]<\/span><\/p>\n","protected":false},"featured_media":3257,"comment_status":"closed","ping_status":"closed","template":"","meta":[],"product_cat":[42,49],"product_tag":[],"class_list":{"0":"post-3256","1":"product","2":"type-product","3":"status-publish","4":"has-post-thumbnail","6":"product_cat-bron-krotka","7":"product_cat-cz","9":"first","10":"instock","11":"shipping-taxable","12":"product-type-simple"},"_links":{"self":[{"href":"https:\/\/www.strzelnica-magnum.pl\/en\/wp-json\/wp\/v2\/product\/3256","targetHints":{"allow":["GET"]}}],"collection":[{"href":"https:\/\/www.strzelnica-magnum.pl\/en\/wp-json\/wp\/v2\/product"}],"about":[{"href":"https:\/\/www.strzelnica-magnum.pl\/en\/wp-json\/wp\/v2\/types\/product"}],"replies":[{"embeddable":true,"href":"https:\/\/www.strzelnica-magnum.pl\/en\/wp-json\/wp\/v2\/comments?post=3256"}],"wp:featuredmedia":[{"embeddable":true,"href":"https:\/\/www.strzelnica-magnum.pl\/en\/wp-json\/wp\/v2\/media\/3257"}],"wp:attachment":[{"href":"https:\/\/www.strzelnica-magnum.pl\/en\/wp-json\/wp\/v2\/media?parent=3256"}],"wp:term":[{"taxonomy":"product_cat","embeddable":true,"href":"https:\/\/www.strzelnica-magnum.pl\/en\/wp-json\/wp\/v2\/product_cat?post=3256"},{"taxonomy":"product_tag","embeddable":true,"href":"https:\/\/www.strzelnica-magnum.pl\/en\/wp-json\/wp\/v2\/product_tag?post=3256"}],"curies":[{"name":"wp","href":"https:\/\/api.w.org\/{rel}","templated":true}]}}