{"id":3253,"date":"2025-06-27T12:34:12","date_gmt":"2025-06-27T12:34:12","guid":{"rendered":"https:\/\/www.strzelnica-magnum.pl\/?post_type=product&#038;p=3253"},"modified":"2025-06-27T13:04:48","modified_gmt":"2025-06-27T13:04:48","slug":"cz-75-sp-01","status":"publish","type":"product","link":"https:\/\/www.strzelnica-magnum.pl\/en\/uzbrojenie\/bron-krotka\/cz-75-sp-01\/","title":{"rendered":"CZ 75 SP-01"},"content":{"rendered":"<p><strong>CZ 75 SP-01<\/strong> \u2013 pistolet, kt\u00f3ry jest ikon\u0105 i \u017cyw\u0105 legend\u0105. Stanowi on ewolucj\u0119 ponadczasowej platformy CZ 75, zaprojektowan\u0105 pierwotnie we wsp\u00f3\u0142pracy z elitarnymi jednostkami antyterrorystycznymi, a nast\u0119pnie udoskonalon\u0105, by zdominowa\u0107 \u015bwiatowe strzelnice sportowe. To bro\u0144 dla strzelc\u00f3w, kt\u00f3rzy oczekuj\u0105 absolutnej niezawodno\u015bci, precyzji i niezr\u00f3wnanej kontroli.<\/p>\n<p>CZ 75 SP-01 to bro\u0144 wszechstronna, kt\u00f3ra swoje triumfy \u015bwi\u0119ci zar\u00f3wno na torach IPSC, jak i w kaburach funkcjonariuszy na ca\u0142ym \u015bwiecie.<\/p>\n<p>CZ 75 SP-01 to nie tylko pistolet. To synonim celno\u015bci, niezawodno\u015bci i przyjemno\u015bci ze strzelania. To bro\u0144, kt\u00f3ra zbudowa\u0142a swoj\u0105 reputacj\u0119 na wynikach i zaufaniu najlepszych strzelc\u00f3w na \u015bwiecie, a dzi\u015b jest dost\u0119pna dla ka\u017cdego, kto poszukuje absolutnej perfekcji w stalowym wydaniu.<\/p>\n<p><strong>Cena 4 200 z\u0142<\/strong> <\/p>\n<p><em>Bro\u0144 palna, amunicja i istotne elementy broni nie s\u0105 sprzedawane on-line. Mo\u017cna je naby\u0107 osobi\u015bcie w naszym sklepie. Warunkiem nabycia broni jest przed\u0142o\u017cenie aktualnego za\u015bwiadczenia (promesy) uprawniaj\u0105cej do zakupu broni oraz dowodu osobistego. Niniejsz\u0105 ofert\u0119 zamieszczamy w celu pogl\u0105dowym. Przed zakupem broni prosimy o kontakt telefoniczny.<\/em><\/p>\n","protected":false},"excerpt":{"rendered":"<p>CZ 75 SP-01 \u2013 pistolet, kt\u00f3ry jest ikon\u0105 i \u017cyw\u0105 legend\u0105. Stanowi on ewolucj\u0119 ponadczasowej platformy CZ 75, zaprojektowan\u0105 pierwotnie we wsp\u00f3\u0142pracy z elitarnymi jednostkami antyterrorystycznymi,<span class=\"excerpt-hellip\"> [\u2026]<\/span><\/p>\n","protected":false},"featured_media":3254,"comment_status":"closed","ping_status":"closed","template":"","meta":[],"product_cat":[42,49],"product_tag":[],"class_list":{"0":"post-3253","1":"product","2":"type-product","3":"status-publish","4":"has-post-thumbnail","6":"product_cat-bron-krotka","7":"product_cat-cz","9":"first","10":"instock","11":"shipping-taxable","12":"product-type-simple"},"_links":{"self":[{"href":"https:\/\/www.strzelnica-magnum.pl\/en\/wp-json\/wp\/v2\/product\/3253","targetHints":{"allow":["GET"]}}],"collection":[{"href":"https:\/\/www.strzelnica-magnum.pl\/en\/wp-json\/wp\/v2\/product"}],"about":[{"href":"https:\/\/www.strzelnica-magnum.pl\/en\/wp-json\/wp\/v2\/types\/product"}],"replies":[{"embeddable":true,"href":"https:\/\/www.strzelnica-magnum.pl\/en\/wp-json\/wp\/v2\/comments?post=3253"}],"wp:featuredmedia":[{"embeddable":true,"href":"https:\/\/www.strzelnica-magnum.pl\/en\/wp-json\/wp\/v2\/media\/3254"}],"wp:attachment":[{"href":"https:\/\/www.strzelnica-magnum.pl\/en\/wp-json\/wp\/v2\/media?parent=3253"}],"wp:term":[{"taxonomy":"product_cat","embeddable":true,"href":"https:\/\/www.strzelnica-magnum.pl\/en\/wp-json\/wp\/v2\/product_cat?post=3253"},{"taxonomy":"product_tag","embeddable":true,"href":"https:\/\/www.strzelnica-magnum.pl\/en\/wp-json\/wp\/v2\/product_tag?post=3253"}],"curies":[{"name":"wp","href":"https:\/\/api.w.org\/{rel}","templated":true}]}}