{"id":3250,"date":"2025-06-27T12:31:13","date_gmt":"2025-06-27T12:31:13","guid":{"rendered":"https:\/\/www.strzelnica-magnum.pl\/?post_type=product&#038;p=3250"},"modified":"2025-06-27T12:31:13","modified_gmt":"2025-06-27T12:31:13","slug":"cz-p-07-sr","status":"publish","type":"product","link":"https:\/\/www.strzelnica-magnum.pl\/en\/uzbrojenie\/bron-krotka\/cz-p-07-sr\/","title":{"rendered":"CZ P-07 SR"},"content":{"rendered":"<p><strong>CZ P-07 SR<\/strong> <\/p>\n<p>CZ P-07 SR to pistolet stworzony dla u\u017cytkownik\u00f3w, kt\u00f3rzy nie chc\u0105 i\u015b\u0107 na kompromis. Zapewnia idealny balans mi\u0119dzy kompaktowymi wymiarami, u\u0142atwiaj\u0105cymi codzienne noszenie, a zaawansowanymi funkcjami taktycznymi.<\/p>\n<p>Sercem pistoletu jest sprawdzona, niezwykle ceniona platforma P-07, znana ze swojej wyj\u0105tkowej ergonomii i niezawodno\u015bci.<\/p>\n<p>CZ P-07 SR to najlepszy wyb\u00f3r dla strzelca poszukuj\u0105cego jednego, uniwersalnego pistoletu, kt\u00f3ry doskonale sprawdzi si\u0119 zar\u00f3wno jako dyskretna bro\u0144 do codziennego noszenia, jak i cichy, celny &#8220;host&#8221; dla t\u0142umika na strzelnicy. To kwintesencja nowoczesnej, kompaktowej broni kr\u00f3tkiej.<\/p>\n<p><strong>Cena 3 100 z\u0142<\/strong> <\/p>\n<p><em>Bro\u0144 palna, amunicja i istotne elementy broni nie s\u0105 sprzedawane on-line. Mo\u017cna je naby\u0107 osobi\u015bcie w naszym sklepie. Warunkiem nabycia broni jest przed\u0142o\u017cenie aktualnego za\u015bwiadczenia (promesy) uprawniaj\u0105cej do zakupu broni oraz dowodu osobistego. Niniejsz\u0105 ofert\u0119 zamieszczamy w celu pogl\u0105dowym. Przed zakupem broni prosimy o kontakt telefoniczny.<\/em><\/p>\n","protected":false},"excerpt":{"rendered":"<p>CZ P-07 SR CZ P-07 SR to pistolet stworzony dla u\u017cytkownik\u00f3w, kt\u00f3rzy nie chc\u0105 i\u015b\u0107 na kompromis. Zapewnia idealny balans mi\u0119dzy kompaktowymi wymiarami, u\u0142atwiaj\u0105cymi codzienne noszenie,<span class=\"excerpt-hellip\"> [\u2026]<\/span><\/p>\n","protected":false},"featured_media":3251,"comment_status":"closed","ping_status":"closed","template":"","meta":[],"product_cat":[42,49],"product_tag":[],"class_list":{"0":"post-3250","1":"product","2":"type-product","3":"status-publish","4":"has-post-thumbnail","6":"product_cat-bron-krotka","7":"product_cat-cz","9":"first","10":"instock","11":"shipping-taxable","12":"product-type-simple"},"_links":{"self":[{"href":"https:\/\/www.strzelnica-magnum.pl\/en\/wp-json\/wp\/v2\/product\/3250","targetHints":{"allow":["GET"]}}],"collection":[{"href":"https:\/\/www.strzelnica-magnum.pl\/en\/wp-json\/wp\/v2\/product"}],"about":[{"href":"https:\/\/www.strzelnica-magnum.pl\/en\/wp-json\/wp\/v2\/types\/product"}],"replies":[{"embeddable":true,"href":"https:\/\/www.strzelnica-magnum.pl\/en\/wp-json\/wp\/v2\/comments?post=3250"}],"wp:featuredmedia":[{"embeddable":true,"href":"https:\/\/www.strzelnica-magnum.pl\/en\/wp-json\/wp\/v2\/media\/3251"}],"wp:attachment":[{"href":"https:\/\/www.strzelnica-magnum.pl\/en\/wp-json\/wp\/v2\/media?parent=3250"}],"wp:term":[{"taxonomy":"product_cat","embeddable":true,"href":"https:\/\/www.strzelnica-magnum.pl\/en\/wp-json\/wp\/v2\/product_cat?post=3250"},{"taxonomy":"product_tag","embeddable":true,"href":"https:\/\/www.strzelnica-magnum.pl\/en\/wp-json\/wp\/v2\/product_tag?post=3250"}],"curies":[{"name":"wp","href":"https:\/\/api.w.org\/{rel}","templated":true}]}}