{"id":3247,"date":"2025-06-27T12:28:07","date_gmt":"2025-06-27T12:28:07","guid":{"rendered":"https:\/\/www.strzelnica-magnum.pl\/?post_type=product&#038;p=3247"},"modified":"2025-06-27T13:04:13","modified_gmt":"2025-06-27T13:04:13","slug":"cz-p-09-sr","status":"publish","type":"product","link":"https:\/\/www.strzelnica-magnum.pl\/en\/uzbrojenie\/bron-krotka\/cz-p-09-sr\/","title":{"rendered":"CZ P-09 SR"},"content":{"rendered":"<p><strong>CZ P-09 SR<\/strong> <\/p>\n<p>Ten model zosta\u0142 fabrycznie przygotowany do wsp\u00f3\u0142pracy z t\u0142umikami d\u017awi\u0119ku, \u0142\u0105cz\u0105c pot\u0119\u017cn\u0105 si\u0142\u0119 ognia, niezr\u00f3wnan\u0105 pojemno\u015b\u0107 magazynka i legendarn\u0105 ergonomi\u0119 z nowym wymiarem wszechstronno\u015bci strzeleckiej.<\/p>\n<p>CZ P-09 SR to najlepszy wyb\u00f3r dla strzelc\u00f3w poszukuj\u0105cych nowoczesnego, kurkowego pistoletu o du\u017cej pojemno\u015bci, kt\u00f3ry oferuje fabryczn\u0105 gotowo\u015b\u0107 do monta\u017cu t\u0142umika. To doskona\u0142a, stabilna platforma do strzelectwa sportowego, rekreacyjnego i ochrony miru domowego.<\/p>\n<p><strong>Cena 3 100 z\u0142<\/strong> <\/p>\n<p><em>Bro\u0144 palna, amunicja i istotne elementy broni nie s\u0105 sprzedawane on-line. Mo\u017cna je naby\u0107 osobi\u015bcie w naszym sklepie. Warunkiem nabycia broni jest przed\u0142o\u017cenie aktualnego za\u015bwiadczenia (promesy) uprawniaj\u0105cej do zakupu broni oraz dowodu osobistego. Niniejsz\u0105 ofert\u0119 zamieszczamy w celu pogl\u0105dowym. Przed zakupem broni prosimy o kontakt telefoniczny.<\/em><\/p>\n","protected":false},"excerpt":{"rendered":"<p>CZ P-09 SR Ten model zosta\u0142 fabrycznie przygotowany do wsp\u00f3\u0142pracy z t\u0142umikami d\u017awi\u0119ku, \u0142\u0105cz\u0105c pot\u0119\u017cn\u0105 si\u0142\u0119 ognia, niezr\u00f3wnan\u0105 pojemno\u015b\u0107 magazynka i legendarn\u0105 ergonomi\u0119 z nowym wymiarem<span class=\"excerpt-hellip\"> [\u2026]<\/span><\/p>\n","protected":false},"featured_media":3248,"comment_status":"closed","ping_status":"closed","template":"","meta":[],"product_cat":[42,49],"product_tag":[],"class_list":{"0":"post-3247","1":"product","2":"type-product","3":"status-publish","4":"has-post-thumbnail","6":"product_cat-bron-krotka","7":"product_cat-cz","9":"first","10":"instock","11":"shipping-taxable","12":"product-type-simple"},"_links":{"self":[{"href":"https:\/\/www.strzelnica-magnum.pl\/en\/wp-json\/wp\/v2\/product\/3247","targetHints":{"allow":["GET"]}}],"collection":[{"href":"https:\/\/www.strzelnica-magnum.pl\/en\/wp-json\/wp\/v2\/product"}],"about":[{"href":"https:\/\/www.strzelnica-magnum.pl\/en\/wp-json\/wp\/v2\/types\/product"}],"replies":[{"embeddable":true,"href":"https:\/\/www.strzelnica-magnum.pl\/en\/wp-json\/wp\/v2\/comments?post=3247"}],"wp:featuredmedia":[{"embeddable":true,"href":"https:\/\/www.strzelnica-magnum.pl\/en\/wp-json\/wp\/v2\/media\/3248"}],"wp:attachment":[{"href":"https:\/\/www.strzelnica-magnum.pl\/en\/wp-json\/wp\/v2\/media?parent=3247"}],"wp:term":[{"taxonomy":"product_cat","embeddable":true,"href":"https:\/\/www.strzelnica-magnum.pl\/en\/wp-json\/wp\/v2\/product_cat?post=3247"},{"taxonomy":"product_tag","embeddable":true,"href":"https:\/\/www.strzelnica-magnum.pl\/en\/wp-json\/wp\/v2\/product_tag?post=3247"}],"curies":[{"name":"wp","href":"https:\/\/api.w.org\/{rel}","templated":true}]}}