{"id":3244,"date":"2025-06-27T12:25:23","date_gmt":"2025-06-27T12:25:23","guid":{"rendered":"https:\/\/www.strzelnica-magnum.pl\/?post_type=product&#038;p=3244"},"modified":"2025-06-27T13:03:36","modified_gmt":"2025-06-27T13:03:36","slug":"cz-p-07-kadet-urban-grey","status":"publish","type":"product","link":"https:\/\/www.strzelnica-magnum.pl\/en\/uzbrojenie\/bron-krotka\/cz\/cz-p-07-kadet-urban-grey\/","title":{"rendered":"CZ P-07 Kadet Urban Grey"},"content":{"rendered":"<p><strong>CZ P-07 Kadet Urban Grey<\/strong> to idealne narz\u0119dzie treningowe, kt\u00f3re \u0142\u0105czy \u015bwiatowej klasy ergonomi\u0119 i mechanik\u0119 bojowego pistoletu P-07 z minimalnymi kosztami amunicji bocznego zap\u0142onu. Ta specjalna edycja w nowoczesnym wyko\u0144czeniu Urban Grey jest fabrycznie przygotowana na monta\u017c t\u0142umika, co czyni j\u0105 jedn\u0105 z najbardziej wszechstronnych i po\u017c\u0105danych broni w swojej klasie.<\/p>\n<p>CZ P-07 Kadet Urban Grey to najlepszy wyb\u00f3r dla posiadaczy pistolet\u00f3w serii P-07\/P-09 oraz dla ka\u017cdego strzelca poszukuj\u0105cego najwy\u017cszej jako\u015bci pistoletu bocznego zap\u0142onu, kt\u00f3ry oferuje funkcjonalno\u015b\u0107, ergonomi\u0119 i mo\u017cliwo\u015bci personalizacji broni bojowej.<\/p>\n<p><strong>Cena 2 850 z\u0142<\/strong> <\/p>\n<p><em>Bro\u0144 palna, amunicja i istotne elementy broni nie s\u0105 sprzedawane on-line. Mo\u017cna je naby\u0107 osobi\u015bcie w naszym sklepie. Warunkiem nabycia broni jest przed\u0142o\u017cenie aktualnego za\u015bwiadczenia (promesy) uprawniaj\u0105cej do zakupu broni oraz dowodu osobistego. Niniejsz\u0105 ofert\u0119 zamieszczamy w celu pogl\u0105dowym. Przed zakupem broni prosimy o kontakt telefoniczny.<\/em><\/p>\n","protected":false},"excerpt":{"rendered":"<p>CZ P-07 Kadet Urban Grey to idealne narz\u0119dzie treningowe, kt\u00f3re \u0142\u0105czy \u015bwiatowej klasy ergonomi\u0119 i mechanik\u0119 bojowego pistoletu P-07 z minimalnymi kosztami amunicji bocznego zap\u0142onu. Ta<span class=\"excerpt-hellip\"> [\u2026]<\/span><\/p>\n","protected":false},"featured_media":3245,"comment_status":"closed","ping_status":"closed","template":"","meta":[],"product_cat":[49,42],"product_tag":[],"class_list":{"0":"post-3244","1":"product","2":"type-product","3":"status-publish","4":"has-post-thumbnail","6":"product_cat-cz","7":"product_cat-bron-krotka","9":"first","10":"instock","11":"shipping-taxable","12":"product-type-simple"},"_links":{"self":[{"href":"https:\/\/www.strzelnica-magnum.pl\/en\/wp-json\/wp\/v2\/product\/3244","targetHints":{"allow":["GET"]}}],"collection":[{"href":"https:\/\/www.strzelnica-magnum.pl\/en\/wp-json\/wp\/v2\/product"}],"about":[{"href":"https:\/\/www.strzelnica-magnum.pl\/en\/wp-json\/wp\/v2\/types\/product"}],"replies":[{"embeddable":true,"href":"https:\/\/www.strzelnica-magnum.pl\/en\/wp-json\/wp\/v2\/comments?post=3244"}],"wp:featuredmedia":[{"embeddable":true,"href":"https:\/\/www.strzelnica-magnum.pl\/en\/wp-json\/wp\/v2\/media\/3245"}],"wp:attachment":[{"href":"https:\/\/www.strzelnica-magnum.pl\/en\/wp-json\/wp\/v2\/media?parent=3244"}],"wp:term":[{"taxonomy":"product_cat","embeddable":true,"href":"https:\/\/www.strzelnica-magnum.pl\/en\/wp-json\/wp\/v2\/product_cat?post=3244"},{"taxonomy":"product_tag","embeddable":true,"href":"https:\/\/www.strzelnica-magnum.pl\/en\/wp-json\/wp\/v2\/product_tag?post=3244"}],"curies":[{"name":"wp","href":"https:\/\/api.w.org\/{rel}","templated":true}]}}