{"id":3241,"date":"2025-06-27T12:21:08","date_gmt":"2025-06-27T12:21:08","guid":{"rendered":"https:\/\/www.strzelnica-magnum.pl\/?post_type=product&#038;p=3241"},"modified":"2025-06-27T12:21:08","modified_gmt":"2025-06-27T12:21:08","slug":"cz-p-10-sc","status":"publish","type":"product","link":"https:\/\/www.strzelnica-magnum.pl\/en\/uzbrojenie\/bron-krotka\/cz-p-10-sc\/","title":{"rendered":"CZ P-10 SC"},"content":{"rendered":"<p><strong>CZ P-10 SC<\/strong> <\/p>\n<p>Model P-10 SC zosta\u0142 zaprojektowany w odpowiedzi na potrzeby rynku, tworz\u0105c unikaln\u0105 hybryd\u0119:<br \/>\n&#8211; Pe\u0142nowymiarowy Chwyt (z modelu P-10 C): Pistolet wykorzystuje sprawdzony, ergonomiczny szkielet z kompaktowego modelu P-10 C. Daje to strzelcowi mo\u017cliwo\u015b\u0107 pewnego, pe\u0142nego chwytu ca\u0142\u0105 d\u0142oni\u0105, co przek\u0142ada si\u0119 na doskona\u0142\u0105 kontrol\u0119 nad odrzutem i komfort strzelania. Dodatkowo, pistolet korzysta ze standardowych, pojemnych magazynk\u00f3w od wersji Compact.<br \/>\n&#8211; Skr\u00f3cony Zamek i Lufa (z modelu P-10 S): Zastosowanie kr\u00f3tszego zespo\u0142u zamka i lufy z wersji Subcompact znacz\u0105co u\u0142atwia skryte noszenie broni (EDC). Kr\u00f3tszy zamek to mniejsza masa, szybsze dobycie broni i wi\u0119kszy komfort, zw\u0142aszcza przy noszeniu pistoletu w kaburze z przodu (appendix carry).<\/p>\n<p>CZ P-10 SC to bro\u0144 dla tych, kt\u00f3rzy nie chc\u0105 wybiera\u0107 mi\u0119dzy komfortem noszenia a pewno\u015bci\u0105 chwytu. To wszechstronny pistolet, kt\u00f3ry doskonale sprawdzi si\u0119 jako narz\u0119dzie do ochrony osobistej, zachowuj\u0105c przy tym wszystkie zalety broni sportowej na strzelnicy.<\/p>\n<p><strong>Cena 2 850 z\u0142<\/strong> <\/p>\n<p><em>Bro\u0144 palna, amunicja i istotne elementy broni nie s\u0105 sprzedawane on-line. Mo\u017cna je naby\u0107 osobi\u015bcie w naszym sklepie. Warunkiem nabycia broni jest przed\u0142o\u017cenie aktualnego za\u015bwiadczenia (promesy) uprawniaj\u0105cej do zakupu broni oraz dowodu osobistego. Niniejsz\u0105 ofert\u0119 zamieszczamy w celu pogl\u0105dowym. Przed zakupem broni prosimy o kontakt telefoniczny.<\/em><\/p>\n","protected":false},"excerpt":{"rendered":"<p>CZ P-10 SC Model P-10 SC zosta\u0142 zaprojektowany w odpowiedzi na potrzeby rynku, tworz\u0105c unikaln\u0105 hybryd\u0119: &#8211; Pe\u0142nowymiarowy Chwyt (z modelu P-10 C): Pistolet wykorzystuje sprawdzony,<span class=\"excerpt-hellip\"> [\u2026]<\/span><\/p>\n","protected":false},"featured_media":3242,"comment_status":"closed","ping_status":"closed","template":"","meta":[],"product_cat":[42,49],"product_tag":[],"class_list":{"0":"post-3241","1":"product","2":"type-product","3":"status-publish","4":"has-post-thumbnail","6":"product_cat-bron-krotka","7":"product_cat-cz","9":"first","10":"instock","11":"shipping-taxable","12":"product-type-simple"},"_links":{"self":[{"href":"https:\/\/www.strzelnica-magnum.pl\/en\/wp-json\/wp\/v2\/product\/3241","targetHints":{"allow":["GET"]}}],"collection":[{"href":"https:\/\/www.strzelnica-magnum.pl\/en\/wp-json\/wp\/v2\/product"}],"about":[{"href":"https:\/\/www.strzelnica-magnum.pl\/en\/wp-json\/wp\/v2\/types\/product"}],"replies":[{"embeddable":true,"href":"https:\/\/www.strzelnica-magnum.pl\/en\/wp-json\/wp\/v2\/comments?post=3241"}],"wp:featuredmedia":[{"embeddable":true,"href":"https:\/\/www.strzelnica-magnum.pl\/en\/wp-json\/wp\/v2\/media\/3242"}],"wp:attachment":[{"href":"https:\/\/www.strzelnica-magnum.pl\/en\/wp-json\/wp\/v2\/media?parent=3241"}],"wp:term":[{"taxonomy":"product_cat","embeddable":true,"href":"https:\/\/www.strzelnica-magnum.pl\/en\/wp-json\/wp\/v2\/product_cat?post=3241"},{"taxonomy":"product_tag","embeddable":true,"href":"https:\/\/www.strzelnica-magnum.pl\/en\/wp-json\/wp\/v2\/product_tag?post=3241"}],"curies":[{"name":"wp","href":"https:\/\/api.w.org\/{rel}","templated":true}]}}