{"id":3238,"date":"2025-06-27T12:11:27","date_gmt":"2025-06-27T12:11:27","guid":{"rendered":"https:\/\/www.strzelnica-magnum.pl\/?post_type=product&#038;p=3238"},"modified":"2025-06-27T12:11:28","modified_gmt":"2025-06-27T12:11:28","slug":"cz-bren-2ms-camo","status":"publish","type":"product","link":"https:\/\/www.strzelnica-magnum.pl\/en\/uzbrojenie\/bron-dluga\/cz-bren-2ms-camo\/","title":{"rendered":"CZ BREN 2Ms Camo"},"content":{"rendered":"<p><strong>CZ BREN 2Ms Camo<\/strong> <\/p>\n<p>Tym, co wyr\u00f3\u017cnia ten model, jest profesjonalne, niezwykle trwa\u0142e wyko\u0144czenie w nowoczesnym wzorze kamufla\u017cu (np. cyfrowy kamufla\u017c pustynny lub inny wz\u00f3r tematyczny). To nie jest zwyk\u0142a farba \u2013 to zaawansowana pow\u0142oka naniesiona fabrycznie.<\/p>\n<p>CZ BREN 2 Ms Camo to nie tylko karabin \u2013 to kompletny, zaawansowany system uzbrojenia w cywilnej wersji samopowtarzalnej. To idealny wyb\u00f3r dla strzelc\u00f3w sportowych startuj\u0105cych w konkurencjach dynamicznych oraz dla kolekcjoner\u00f3w i entuzjast\u00f3w poszukuj\u0105cych broni o militarnej specyfikacji, najwy\u017cszej jako\u015bci wykonania i unikalnym wygl\u0105dzie.<\/p>\n<p><strong>Cena 12 000 z\u0142<\/strong> <\/p>\n<p><em>Bro\u0144 palna, amunicja i istotne elementy broni nie s\u0105 sprzedawane on-line. Mo\u017cna je naby\u0107 osobi\u015bcie w naszym sklepie. Warunkiem nabycia broni jest przed\u0142o\u017cenie aktualnego za\u015bwiadczenia (promesy) uprawniaj\u0105cej do zakupu broni oraz dowodu osobistego. Niniejsz\u0105 ofert\u0119 zamieszczamy w celu pogl\u0105dowym. Przed zakupem broni prosimy o kontakt telefoniczny.<\/em><\/p>\n","protected":false},"excerpt":{"rendered":"<p>CZ BREN 2Ms Camo Tym, co wyr\u00f3\u017cnia ten model, jest profesjonalne, niezwykle trwa\u0142e wyko\u0144czenie w nowoczesnym wzorze kamufla\u017cu (np. cyfrowy kamufla\u017c pustynny lub inny wz\u00f3r tematyczny).<span class=\"excerpt-hellip\"> [\u2026]<\/span><\/p>\n","protected":false},"featured_media":3239,"comment_status":"closed","ping_status":"closed","template":"","meta":[],"product_cat":[43,50],"product_tag":[],"class_list":{"0":"post-3238","1":"product","2":"type-product","3":"status-publish","4":"has-post-thumbnail","6":"product_cat-bron-dluga","7":"product_cat-cz-2","9":"first","10":"instock","11":"shipping-taxable","12":"product-type-simple"},"_links":{"self":[{"href":"https:\/\/www.strzelnica-magnum.pl\/en\/wp-json\/wp\/v2\/product\/3238","targetHints":{"allow":["GET"]}}],"collection":[{"href":"https:\/\/www.strzelnica-magnum.pl\/en\/wp-json\/wp\/v2\/product"}],"about":[{"href":"https:\/\/www.strzelnica-magnum.pl\/en\/wp-json\/wp\/v2\/types\/product"}],"replies":[{"embeddable":true,"href":"https:\/\/www.strzelnica-magnum.pl\/en\/wp-json\/wp\/v2\/comments?post=3238"}],"wp:featuredmedia":[{"embeddable":true,"href":"https:\/\/www.strzelnica-magnum.pl\/en\/wp-json\/wp\/v2\/media\/3239"}],"wp:attachment":[{"href":"https:\/\/www.strzelnica-magnum.pl\/en\/wp-json\/wp\/v2\/media?parent=3238"}],"wp:term":[{"taxonomy":"product_cat","embeddable":true,"href":"https:\/\/www.strzelnica-magnum.pl\/en\/wp-json\/wp\/v2\/product_cat?post=3238"},{"taxonomy":"product_tag","embeddable":true,"href":"https:\/\/www.strzelnica-magnum.pl\/en\/wp-json\/wp\/v2\/product_tag?post=3238"}],"curies":[{"name":"wp","href":"https:\/\/api.w.org\/{rel}","templated":true}]}}