{"id":3235,"date":"2025-06-27T12:04:36","date_gmt":"2025-06-27T12:04:36","guid":{"rendered":"https:\/\/www.strzelnica-magnum.pl\/?post_type=product&#038;p=3235"},"modified":"2025-06-27T12:04:37","modified_gmt":"2025-06-27T12:04:37","slug":"cz-512-tactical","status":"publish","type":"product","link":"https:\/\/www.strzelnica-magnum.pl\/en\/uzbrojenie\/bron-dluga\/cz-512-tactical\/","title":{"rendered":"CZ 512 Tactical"},"content":{"rendered":"<p><strong>CZ 512 Tactical<\/strong> zosta\u0142 gruntownie przeprojektowany, by dostarczy\u0107 wra\u017ce\u0144 i funkcjonalno\u015bci znanych z platform centralnego zap\u0142onu.<\/p>\n<p>Dzi\u0119ki zastosowaniu ekonomicznej amunicji bocznego zap\u0142onu .22 LR, karabinek CZ 512 Tactical jest doskona\u0142ym narz\u0119dziem do budowania umiej\u0119tno\u015bci. Pozwala na tani i efektywny trening strzelania dynamicznego, obs\u0142ugi broni i pracy na manipulatorach, co stanowi \u015bwietne przygotowanie do obs\u0142ugi broni w mocniejszych kalibrach. To tak\u017ce fantastyczny wyb\u00f3r do rekreacyjnego strzelania i udzia\u0142u w zawodach mini-rifle.<\/p>\n<p>CZ 512 Tactical to bro\u0144, kt\u00f3ra daje rado\u015b\u0107 ze strzelania i ogromne mo\u017cliwo\u015bci personalizacji, a wszystko to w formie nowoczesnego, niezawodnego i taniego w eksploatacji karabinka.<\/p>\n<p><strong>Cena 3 600 z\u0142<\/strong> <\/p>\n<p><em>Bro\u0144 palna, amunicja i istotne elementy broni nie s\u0105 sprzedawane on-line. Mo\u017cna je naby\u0107 osobi\u015bcie w naszym sklepie. Warunkiem nabycia broni jest przed\u0142o\u017cenie aktualnego za\u015bwiadczenia (promesy) uprawniaj\u0105cej do zakupu broni oraz dowodu osobistego. Niniejsz\u0105 ofert\u0119 zamieszczamy w celu pogl\u0105dowym. Przed zakupem broni prosimy o kontakt telefoniczny.<\/em><\/p>\n","protected":false},"excerpt":{"rendered":"<p>CZ 512 Tactical zosta\u0142 gruntownie przeprojektowany, by dostarczy\u0107 wra\u017ce\u0144 i funkcjonalno\u015bci znanych z platform centralnego zap\u0142onu. Dzi\u0119ki zastosowaniu ekonomicznej amunicji bocznego zap\u0142onu .22 LR, karabinek CZ<span class=\"excerpt-hellip\"> [\u2026]<\/span><\/p>\n","protected":false},"featured_media":3236,"comment_status":"closed","ping_status":"closed","template":"","meta":[],"product_cat":[43,50],"product_tag":[],"class_list":{"0":"post-3235","1":"product","2":"type-product","3":"status-publish","4":"has-post-thumbnail","6":"product_cat-bron-dluga","7":"product_cat-cz-2","9":"first","10":"instock","11":"shipping-taxable","12":"product-type-simple"},"_links":{"self":[{"href":"https:\/\/www.strzelnica-magnum.pl\/en\/wp-json\/wp\/v2\/product\/3235","targetHints":{"allow":["GET"]}}],"collection":[{"href":"https:\/\/www.strzelnica-magnum.pl\/en\/wp-json\/wp\/v2\/product"}],"about":[{"href":"https:\/\/www.strzelnica-magnum.pl\/en\/wp-json\/wp\/v2\/types\/product"}],"replies":[{"embeddable":true,"href":"https:\/\/www.strzelnica-magnum.pl\/en\/wp-json\/wp\/v2\/comments?post=3235"}],"wp:featuredmedia":[{"embeddable":true,"href":"https:\/\/www.strzelnica-magnum.pl\/en\/wp-json\/wp\/v2\/media\/3236"}],"wp:attachment":[{"href":"https:\/\/www.strzelnica-magnum.pl\/en\/wp-json\/wp\/v2\/media?parent=3235"}],"wp:term":[{"taxonomy":"product_cat","embeddable":true,"href":"https:\/\/www.strzelnica-magnum.pl\/en\/wp-json\/wp\/v2\/product_cat?post=3235"},{"taxonomy":"product_tag","embeddable":true,"href":"https:\/\/www.strzelnica-magnum.pl\/en\/wp-json\/wp\/v2\/product_tag?post=3235"}],"curies":[{"name":"wp","href":"https:\/\/api.w.org\/{rel}","templated":true}]}}