{"id":3232,"date":"2025-06-27T12:00:04","date_gmt":"2025-06-27T12:00:04","guid":{"rendered":"https:\/\/www.strzelnica-magnum.pl\/?post_type=product&#038;p=3232"},"modified":"2025-06-27T12:00:04","modified_gmt":"2025-06-27T12:00:04","slug":"cz-scorpion-evo-3-a1-full-auto","status":"publish","type":"product","link":"https:\/\/www.strzelnica-magnum.pl\/en\/uzbrojenie\/bron-dluga\/cz-scorpion-evo-3-a1-full-auto\/","title":{"rendered":"CZ Scorpion EVO 3 A1 Full Auto"},"content":{"rendered":"<p><strong>CZ Scorpion EVO 3 A1 Full Auto<\/strong> to ultranowoczesny pistolet maszynowy XXI wieku, zaprojektowany od podstaw, aby sprosta\u0107 wymaganiom wsp\u00f3\u0142czesnego pola walki i operacji taktycznych. To bro\u0144, kt\u00f3ra \u0142\u0105czy w sobie nisk\u0105 mas\u0119, doskona\u0142\u0105 ergonomi\u0119, niezawodno\u015b\u0107 i pot\u0119\u017cn\u0105 si\u0142\u0119 ognia, stanowi\u0105c idealne narz\u0119dzie pracy dla profesjonalist\u00f3w ze s\u0142u\u017cb mundurowych i si\u0142 specjalnych.<\/p>\n<p>CZ Scorpion EVO 3 A1 dzia\u0142a na zasadzie odrzutu zamka swobodnego, co przek\u0142ada si\u0119 na prostot\u0119 konstrukcji i wysok\u0105 niezawodno\u015b\u0107 w trudnych warunkach. Tr\u00f3jpozycyjny prze\u0142\u0105cznik rodzaju ognia pozwala operatorowi na b\u0142yskawiczny wyb\u00f3r trybu. Dzi\u0119ki swojej konstrukcji pistolet jest niezwykle stabilny i \u0142atwy do kontrolowania nawet podczas prowadzenia ognia ci\u0105g\u0142ego, pozwalaj\u0105c na precyzyjne pokrycie celu ogniem zaporowym.<\/p>\n<p>CZ Scorpion EVO 3 A1 to sprawdzona w boju platforma, wybrana przez si\u0142y zbrojne i jednostki policyjne na ca\u0142ym \u015bwiecie. Stanowi ona doskona\u0142e rozwi\u0105zanie jako podstawowa bro\u0144 d\u0142uga dla patroli, zespo\u0142\u00f3w realizacyjnych, oddzia\u0142\u00f3w antyterrorystycznych (SWAT\/AT), a tak\u017ce jako bro\u0144 obrony osobistej (PDW) dla za\u0142\u00f3g pojazd\u00f3w i personelu wojskowego.<\/p>\n<p><strong>Cena 6 850 z\u0142<\/strong> <\/p>\n<p><em>Bro\u0144 palna, amunicja i istotne elementy broni nie s\u0105 sprzedawane on-line. Mo\u017cna je naby\u0107 osobi\u015bcie w naszym sklepie. Warunkiem nabycia broni jest przed\u0142o\u017cenie aktualnego za\u015bwiadczenia (promesy) uprawniaj\u0105cej do zakupu broni oraz dowodu osobistego. Niniejsz\u0105 ofert\u0119 zamieszczamy w celu pogl\u0105dowym. Przed zakupem broni prosimy o kontakt telefoniczny.<\/em><\/p>\n","protected":false},"excerpt":{"rendered":"<p>CZ Scorpion EVO 3 A1 Full Auto to ultranowoczesny pistolet maszynowy XXI wieku, zaprojektowany od podstaw, aby sprosta\u0107 wymaganiom wsp\u00f3\u0142czesnego pola walki i operacji taktycznych. To<span class=\"excerpt-hellip\"> [\u2026]<\/span><\/p>\n","protected":false},"featured_media":3233,"comment_status":"closed","ping_status":"closed","template":"","meta":[],"product_cat":[43,50],"product_tag":[],"class_list":{"0":"post-3232","1":"product","2":"type-product","3":"status-publish","4":"has-post-thumbnail","6":"product_cat-bron-dluga","7":"product_cat-cz-2","9":"first","10":"instock","11":"shipping-taxable","12":"product-type-simple"},"_links":{"self":[{"href":"https:\/\/www.strzelnica-magnum.pl\/en\/wp-json\/wp\/v2\/product\/3232","targetHints":{"allow":["GET"]}}],"collection":[{"href":"https:\/\/www.strzelnica-magnum.pl\/en\/wp-json\/wp\/v2\/product"}],"about":[{"href":"https:\/\/www.strzelnica-magnum.pl\/en\/wp-json\/wp\/v2\/types\/product"}],"replies":[{"embeddable":true,"href":"https:\/\/www.strzelnica-magnum.pl\/en\/wp-json\/wp\/v2\/comments?post=3232"}],"wp:featuredmedia":[{"embeddable":true,"href":"https:\/\/www.strzelnica-magnum.pl\/en\/wp-json\/wp\/v2\/media\/3233"}],"wp:attachment":[{"href":"https:\/\/www.strzelnica-magnum.pl\/en\/wp-json\/wp\/v2\/media?parent=3232"}],"wp:term":[{"taxonomy":"product_cat","embeddable":true,"href":"https:\/\/www.strzelnica-magnum.pl\/en\/wp-json\/wp\/v2\/product_cat?post=3232"},{"taxonomy":"product_tag","embeddable":true,"href":"https:\/\/www.strzelnica-magnum.pl\/en\/wp-json\/wp\/v2\/product_tag?post=3232"}],"curies":[{"name":"wp","href":"https:\/\/api.w.org\/{rel}","templated":true}]}}