{"id":3229,"date":"2025-06-27T11:55:11","date_gmt":"2025-06-27T11:55:11","guid":{"rendered":"https:\/\/www.strzelnica-magnum.pl\/?post_type=product&#038;p=3229"},"modified":"2025-06-27T11:55:11","modified_gmt":"2025-06-27T11:55:11","slug":"cz-457-woox-furiosa","status":"publish","type":"product","link":"https:\/\/www.strzelnica-magnum.pl\/en\/uzbrojenie\/bron-dluga\/cz-457-woox-furiosa\/","title":{"rendered":"CZ 457 WOOX Furiosa"},"content":{"rendered":"<p><strong>CZ 457 WOOX Furiosa<\/strong> &#8211; karabinek, kt\u00f3ry jest dzie\u0142em sztuki u\u017cytkowej \u2013 CZ 457 w zjawiskowej, hybrydowej osadzie WOOX Furiosa. To wyj\u0105tkowe po\u0142\u0105czenie legendarnej czeskiej in\u017cynierii z w\u0142oskim, rzemie\u015blniczym designem. Stworzony dla strzelc\u00f3w, kt\u00f3rzy ceni\u0105 sobie nie tylko najwy\u017csze osi\u0105gi, ale tak\u017ce niepowtarzalny styl i pi\u0119kno naturalnych materia\u0142\u00f3w.<\/p>\n<p>CZ 457 w osadzie WOOX Furiosa to bro\u0144 dla konesera. To idealny wyb\u00f3r dla strzelca precyzyjnego, kt\u00f3ry chce wyr\u00f3\u017cni\u0107 si\u0119 na strzelnicy i posiada\u0107 karabinek, kt\u00f3ry jest r\u00f3wnie pi\u0119kny, co celny. To funkcjonalne dzie\u0142o sztuki, kt\u00f3re dostarcza niezapomnianych wra\u017ce\u0144 z ka\u017cdego poci\u0105gni\u0119cia za spust.<\/p>\n<p><strong>Cena 10 850 z\u0142<\/strong> <\/p>\n<p><em>Bro\u0144 palna, amunicja i istotne elementy broni nie s\u0105 sprzedawane on-line. Mo\u017cna je naby\u0107 osobi\u015bcie w naszym sklepie. Warunkiem nabycia broni jest przed\u0142o\u017cenie aktualnego za\u015bwiadczenia (promesy) uprawniaj\u0105cej do zakupu broni oraz dowodu osobistego. Niniejsz\u0105 ofert\u0119 zamieszczamy w celu pogl\u0105dowym. Przed zakupem broni prosimy o kontakt telefoniczny.<\/em><\/p>\n","protected":false},"excerpt":{"rendered":"<p>CZ 457 WOOX Furiosa &#8211; karabinek, kt\u00f3ry jest dzie\u0142em sztuki u\u017cytkowej \u2013 CZ 457 w zjawiskowej, hybrydowej osadzie WOOX Furiosa. To wyj\u0105tkowe po\u0142\u0105czenie legendarnej czeskiej in\u017cynierii<span class=\"excerpt-hellip\"> [\u2026]<\/span><\/p>\n","protected":false},"featured_media":3230,"comment_status":"closed","ping_status":"closed","template":"","meta":[],"product_cat":[43,50],"product_tag":[],"class_list":{"0":"post-3229","1":"product","2":"type-product","3":"status-publish","4":"has-post-thumbnail","6":"product_cat-bron-dluga","7":"product_cat-cz-2","9":"first","10":"instock","11":"shipping-taxable","12":"product-type-simple"},"_links":{"self":[{"href":"https:\/\/www.strzelnica-magnum.pl\/en\/wp-json\/wp\/v2\/product\/3229","targetHints":{"allow":["GET"]}}],"collection":[{"href":"https:\/\/www.strzelnica-magnum.pl\/en\/wp-json\/wp\/v2\/product"}],"about":[{"href":"https:\/\/www.strzelnica-magnum.pl\/en\/wp-json\/wp\/v2\/types\/product"}],"replies":[{"embeddable":true,"href":"https:\/\/www.strzelnica-magnum.pl\/en\/wp-json\/wp\/v2\/comments?post=3229"}],"wp:featuredmedia":[{"embeddable":true,"href":"https:\/\/www.strzelnica-magnum.pl\/en\/wp-json\/wp\/v2\/media\/3230"}],"wp:attachment":[{"href":"https:\/\/www.strzelnica-magnum.pl\/en\/wp-json\/wp\/v2\/media?parent=3229"}],"wp:term":[{"taxonomy":"product_cat","embeddable":true,"href":"https:\/\/www.strzelnica-magnum.pl\/en\/wp-json\/wp\/v2\/product_cat?post=3229"},{"taxonomy":"product_tag","embeddable":true,"href":"https:\/\/www.strzelnica-magnum.pl\/en\/wp-json\/wp\/v2\/product_tag?post=3229"}],"curies":[{"name":"wp","href":"https:\/\/api.w.org\/{rel}","templated":true}]}}