{"id":3226,"date":"2025-06-27T11:52:02","date_gmt":"2025-06-27T11:52:02","guid":{"rendered":"https:\/\/www.strzelnica-magnum.pl\/?post_type=product&#038;p=3226"},"modified":"2025-06-27T11:52:02","modified_gmt":"2025-06-27T11:52:02","slug":"cz-457-mdt-chassis","status":"publish","type":"product","link":"https:\/\/www.strzelnica-magnum.pl\/en\/uzbrojenie\/bron-dluga\/cz-457-mdt-chassis\/","title":{"rendered":"CZ 457 MDT Chassis"},"content":{"rendered":"<p><strong>CZ 457 MDT Chassis<\/strong> &#8211; karabinek, kt\u00f3ry jest gotow\u0105 odpowiedzi\u0105 na potrzeby nowoczesnego strzelectwa precyzyjnego \u2013 CZ 457 MDT Chassis. To bezkompromisowe po\u0142\u0105czenie legendarnej, celnej akcji CZ 457 z najwy\u017cszej klasy aluminiow\u0105 osad\u0105 (chassis) od \u015bwiatowego lidera w tej dziedzinie, firmy Modular Driven Technologies (MDT). To bro\u0144 stworzona, by wygrywa\u0107 zawody i przesuwa\u0107 granice mo\u017cliwo\u015bci w kalibrze .22 LR.<\/p>\n<p>Sercem karabinka, kt\u00f3re wyr\u00f3\u017cnia go na tle konkurencji, jest specjalnie zaprojektowana dla CZ osada MDT. Wykonana z jednego bloku lotniczego aluminium, zapewnia absolutn\u0105 sztywno\u015b\u0107 i stabilno\u015b\u0107, co jest kluczowe dla osi\u0105gni\u0119cia powtarzalnych wynik\u00f3w na najwy\u017cszym poziomie.<\/p>\n<p>CZ 457 MDT Chassis to karabinek stworzony do dominacji w dynamicznie rozwijaj\u0105cych si\u0119 konkurencjach strzelectwa precyzyjnego w kalibrze .22 LR, takich jak PRS Rimfire czy NRL22. Sztywna osada, wyj\u0105tkowa celno\u015b\u0107 fabryczna i pe\u0142na modu\u0142owo\u015b\u0107 sprawiaj\u0105, \u017ce jest to gotowe rozwi\u0105zanie prosto z pude\u0142ka, kt\u00f3re mo\u017ce konkurowa\u0107 z drogimi, customowymi konstrukcjami.<\/p>\n<p>CZ 457 MDT Chassis to nie jest zwyk\u0142y karabinek bocznego zap\u0142onu. To zaawansowane narz\u0119dzie dla ambitnych strzelc\u00f3w, kt\u00f3rzy oczekuj\u0105 najwy\u017cszej precyzji, niezawodno\u015bci i nieograniczonych mo\u017cliwo\u015bci personalizacji.<\/p>\n<p><strong>Cena 7 200 z\u0142<\/strong> <\/p>\n<p><em>Bro\u0144 palna, amunicja i istotne elementy broni nie s\u0105 sprzedawane on-line. Mo\u017cna je naby\u0107 osobi\u015bcie w naszym sklepie. Warunkiem nabycia broni jest przed\u0142o\u017cenie aktualnego za\u015bwiadczenia (promesy) uprawniaj\u0105cej do zakupu broni oraz dowodu osobistego. Niniejsz\u0105 ofert\u0119 zamieszczamy w celu pogl\u0105dowym. Przed zakupem broni prosimy o kontakt telefoniczny.<\/em><\/p>\n","protected":false},"excerpt":{"rendered":"<p>CZ 457 MDT Chassis &#8211; karabinek, kt\u00f3ry jest gotow\u0105 odpowiedzi\u0105 na potrzeby nowoczesnego strzelectwa precyzyjnego \u2013 CZ 457 MDT Chassis. To bezkompromisowe po\u0142\u0105czenie legendarnej, celnej akcji<span class=\"excerpt-hellip\"> [\u2026]<\/span><\/p>\n","protected":false},"featured_media":3227,"comment_status":"closed","ping_status":"closed","template":"","meta":[],"product_cat":[43,50],"product_tag":[],"class_list":{"0":"post-3226","1":"product","2":"type-product","3":"status-publish","4":"has-post-thumbnail","6":"product_cat-bron-dluga","7":"product_cat-cz-2","9":"first","10":"instock","11":"shipping-taxable","12":"product-type-simple"},"_links":{"self":[{"href":"https:\/\/www.strzelnica-magnum.pl\/en\/wp-json\/wp\/v2\/product\/3226","targetHints":{"allow":["GET"]}}],"collection":[{"href":"https:\/\/www.strzelnica-magnum.pl\/en\/wp-json\/wp\/v2\/product"}],"about":[{"href":"https:\/\/www.strzelnica-magnum.pl\/en\/wp-json\/wp\/v2\/types\/product"}],"replies":[{"embeddable":true,"href":"https:\/\/www.strzelnica-magnum.pl\/en\/wp-json\/wp\/v2\/comments?post=3226"}],"wp:featuredmedia":[{"embeddable":true,"href":"https:\/\/www.strzelnica-magnum.pl\/en\/wp-json\/wp\/v2\/media\/3227"}],"wp:attachment":[{"href":"https:\/\/www.strzelnica-magnum.pl\/en\/wp-json\/wp\/v2\/media?parent=3226"}],"wp:term":[{"taxonomy":"product_cat","embeddable":true,"href":"https:\/\/www.strzelnica-magnum.pl\/en\/wp-json\/wp\/v2\/product_cat?post=3226"},{"taxonomy":"product_tag","embeddable":true,"href":"https:\/\/www.strzelnica-magnum.pl\/en\/wp-json\/wp\/v2\/product_tag?post=3226"}],"curies":[{"name":"wp","href":"https:\/\/api.w.org\/{rel}","templated":true}]}}