{"id":3223,"date":"2025-06-27T11:40:42","date_gmt":"2025-06-27T11:40:42","guid":{"rendered":"https:\/\/www.strzelnica-magnum.pl\/?post_type=product&#038;p=3223"},"modified":"2025-06-27T11:40:42","modified_gmt":"2025-06-27T11:40:42","slug":"cz-shadow-2-carry","status":"publish","type":"product","link":"https:\/\/www.strzelnica-magnum.pl\/en\/uzbrojenie\/bron-krotka\/cz-shadow-2-carry\/","title":{"rendered":"CZ Shadow 2 Carry"},"content":{"rendered":"<p><strong>CZ Shadow 2 Carry<\/strong> na nowo definiuje kategori\u0119 pistolet\u00f3w premium do skrytego noszenia. Ten rewolucyjny model po raz pierwszy w historii \u0142\u0105czy niezr\u00f3wnane, sportowe DNA legendarnej platformy Shadow 2 z cechami zoptymalizowanymi pod k\u0105tem maksymalnego bezpiecze\u0144stwa i funkcjonalno\u015bci w codziennym u\u017cytkowaniu (EDC).<\/p>\n<p>U podstaw CZ Shadow 2 Carry le\u017cy ta sama in\u017cynieria, kt\u00f3ra zapewni\u0142a jego pe\u0142nowymiarowemu przodkowi dominacj\u0119 na strzelnicach ca\u0142ego \u015bwiata. <\/p>\n<p>CZ Shadow 2 Carry to odpowied\u017a na potrzeby najbardziej wymagaj\u0105cych u\u017cytkownik\u00f3w, kt\u00f3rzy do tej pory musieli wybiera\u0107 mi\u0119dzy wyczynowymi osi\u0105gami a praktyczno\u015bci\u0105 broni do noszenia. To ju\u017c przesz\u0142o\u015b\u0107. To pistolet, kt\u00f3ry nie akceptuje kompromis\u00f3w.<\/p>\n<p><strong>Cena 6 350 z\u0142<\/strong> <\/p>\n<p><em>Bro\u0144 palna, amunicja i istotne elementy broni nie s\u0105 sprzedawane on-line. Mo\u017cna je naby\u0107 osobi\u015bcie w naszym sklepie. Warunkiem nabycia broni jest przed\u0142o\u017cenie aktualnego za\u015bwiadczenia (promesy) uprawniaj\u0105cej do zakupu broni oraz dowodu osobistego. Niniejsz\u0105 ofert\u0119 zamieszczamy w celu pogl\u0105dowym. Przed zakupem broni prosimy o kontakt telefoniczny.<\/em><\/p>\n","protected":false},"excerpt":{"rendered":"<p>CZ Shadow 2 Carry na nowo definiuje kategori\u0119 pistolet\u00f3w premium do skrytego noszenia. Ten rewolucyjny model po raz pierwszy w historii \u0142\u0105czy niezr\u00f3wnane, sportowe DNA legendarnej<span class=\"excerpt-hellip\"> [\u2026]<\/span><\/p>\n","protected":false},"featured_media":3224,"comment_status":"closed","ping_status":"closed","template":"","meta":[],"product_cat":[42,49],"product_tag":[],"class_list":{"0":"post-3223","1":"product","2":"type-product","3":"status-publish","4":"has-post-thumbnail","6":"product_cat-bron-krotka","7":"product_cat-cz","9":"first","10":"instock","11":"shipping-taxable","12":"product-type-simple"},"_links":{"self":[{"href":"https:\/\/www.strzelnica-magnum.pl\/en\/wp-json\/wp\/v2\/product\/3223","targetHints":{"allow":["GET"]}}],"collection":[{"href":"https:\/\/www.strzelnica-magnum.pl\/en\/wp-json\/wp\/v2\/product"}],"about":[{"href":"https:\/\/www.strzelnica-magnum.pl\/en\/wp-json\/wp\/v2\/types\/product"}],"replies":[{"embeddable":true,"href":"https:\/\/www.strzelnica-magnum.pl\/en\/wp-json\/wp\/v2\/comments?post=3223"}],"wp:featuredmedia":[{"embeddable":true,"href":"https:\/\/www.strzelnica-magnum.pl\/en\/wp-json\/wp\/v2\/media\/3224"}],"wp:attachment":[{"href":"https:\/\/www.strzelnica-magnum.pl\/en\/wp-json\/wp\/v2\/media?parent=3223"}],"wp:term":[{"taxonomy":"product_cat","embeddable":true,"href":"https:\/\/www.strzelnica-magnum.pl\/en\/wp-json\/wp\/v2\/product_cat?post=3223"},{"taxonomy":"product_tag","embeddable":true,"href":"https:\/\/www.strzelnica-magnum.pl\/en\/wp-json\/wp\/v2\/product_tag?post=3223"}],"curies":[{"name":"wp","href":"https:\/\/api.w.org\/{rel}","templated":true}]}}