{"id":3220,"date":"2025-06-27T11:36:46","date_gmt":"2025-06-27T11:36:46","guid":{"rendered":"https:\/\/www.strzelnica-magnum.pl\/?post_type=product&#038;p=3220"},"modified":"2025-06-27T11:37:00","modified_gmt":"2025-06-27T11:37:00","slug":"cz-shadow-2-compact-industrial","status":"publish","type":"product","link":"https:\/\/www.strzelnica-magnum.pl\/en\/uzbrojenie\/bron-krotka\/cz-shadow-2-compact-industrial\/","title":{"rendered":"CZ Shadow 2 Compact Industrial"},"content":{"rendered":"<p><strong>CZ Shadow 2 Compact Industrial<\/strong> <\/p>\n<p>Wersja &#8220;Industrial&#8221; wyr\u00f3\u017cnia si\u0119 specjaln\u0105, matow\u0105 pow\u0142ok\u0105 w odcieniu industrialnej szaro\u015bci, kt\u00f3ra nadaje broni surowy, a zarazem niezwykle nowoczesny wygl\u0105d. To nie jest standardowe malowanie \u2013 to wyko\u0144czenie, kt\u00f3re czerpie inspiracj\u0119 z precyzyjnych narz\u0119dzi i prototyp\u00f3w, gdzie forma pod\u0105\u017ca za funkcj\u0105.<br \/>\nPod unikaln\u0105 pow\u0142ok\u0105 kryje si\u0119 ten sam, \u015bwiatowej klasy pistolet, kt\u00f3ry zdefiniowa\u0142 na nowo kategori\u0119 kompakt\u00f3w premium.<\/p>\n<p>CZ Shadow 2 Compact Industrial to propozycja dla strzelca, kt\u00f3ry ceni sobie nie tylko najwy\u017csze osi\u0105gi, ale tak\u017ce unikalny, odwa\u017cny styl. To po\u0142\u0105czenie wyczynowej in\u017cynierii z minimalistyczn\u0105 estetyk\u0105, kt\u00f3re wyr\u00f3\u017cni si\u0119 na ka\u017cdej strzelnicy i w ka\u017cdej kolekcji.<\/p>\n<p><strong>Cena 7 360 z\u0142<\/strong> <\/p>\n<p><em>Bro\u0144 palna, amunicja i istotne elementy broni nie s\u0105 sprzedawane on-line. Mo\u017cna je naby\u0107 osobi\u015bcie w naszym sklepie. Warunkiem nabycia broni jest przed\u0142o\u017cenie aktualnego za\u015bwiadczenia (promesy) uprawniaj\u0105cej do zakupu broni oraz dowodu osobistego. Niniejsz\u0105 ofert\u0119 zamieszczamy w celu pogl\u0105dowym. Przed zakupem broni prosimy o kontakt telefoniczny.<\/em><\/p>\n","protected":false},"excerpt":{"rendered":"<p>CZ Shadow 2 Compact Industrial Wersja &#8220;Industrial&#8221; wyr\u00f3\u017cnia si\u0119 specjaln\u0105, matow\u0105 pow\u0142ok\u0105 w odcieniu industrialnej szaro\u015bci, kt\u00f3ra nadaje broni surowy, a zarazem niezwykle nowoczesny wygl\u0105d. To<span class=\"excerpt-hellip\"> [\u2026]<\/span><\/p>\n","protected":false},"featured_media":3221,"comment_status":"closed","ping_status":"closed","template":"","meta":[],"product_cat":[42,49],"product_tag":[],"class_list":{"0":"post-3220","1":"product","2":"type-product","3":"status-publish","4":"has-post-thumbnail","6":"product_cat-bron-krotka","7":"product_cat-cz","9":"first","10":"instock","11":"shipping-taxable","12":"product-type-simple"},"_links":{"self":[{"href":"https:\/\/www.strzelnica-magnum.pl\/en\/wp-json\/wp\/v2\/product\/3220","targetHints":{"allow":["GET"]}}],"collection":[{"href":"https:\/\/www.strzelnica-magnum.pl\/en\/wp-json\/wp\/v2\/product"}],"about":[{"href":"https:\/\/www.strzelnica-magnum.pl\/en\/wp-json\/wp\/v2\/types\/product"}],"replies":[{"embeddable":true,"href":"https:\/\/www.strzelnica-magnum.pl\/en\/wp-json\/wp\/v2\/comments?post=3220"}],"wp:featuredmedia":[{"embeddable":true,"href":"https:\/\/www.strzelnica-magnum.pl\/en\/wp-json\/wp\/v2\/media\/3221"}],"wp:attachment":[{"href":"https:\/\/www.strzelnica-magnum.pl\/en\/wp-json\/wp\/v2\/media?parent=3220"}],"wp:term":[{"taxonomy":"product_cat","embeddable":true,"href":"https:\/\/www.strzelnica-magnum.pl\/en\/wp-json\/wp\/v2\/product_cat?post=3220"},{"taxonomy":"product_tag","embeddable":true,"href":"https:\/\/www.strzelnica-magnum.pl\/en\/wp-json\/wp\/v2\/product_tag?post=3220"}],"curies":[{"name":"wp","href":"https:\/\/api.w.org\/{rel}","templated":true}]}}