{"id":3217,"date":"2025-06-27T11:24:12","date_gmt":"2025-06-27T11:24:12","guid":{"rendered":"https:\/\/www.strzelnica-magnum.pl\/?post_type=product&#038;p=3217"},"modified":"2025-06-27T11:24:13","modified_gmt":"2025-06-27T11:24:13","slug":"cz-shadow-2-compact-holosun","status":"publish","type":"product","link":"https:\/\/www.strzelnica-magnum.pl\/en\/uzbrojenie\/bron-krotka\/cz-shadow-2-compact-holosun\/","title":{"rendered":"CZ Shadow 2 Compact Holosun"},"content":{"rendered":"<p><strong>CZ Shadow 2 Compact Holosun<\/strong> <\/p>\n<p>Gotowy do dzia\u0142ania zestaw, na kt\u00f3ry czeka\u0142 ca\u0142y \u015bwiat strzelecki: legendarny CZ Shadow 2 Compact w komplecie z najwy\u017cszej klasy celownikiem kolimatorowym Holosun. To bezkompromisowe po\u0142\u0105czenie sportowego DNA mistrzowskiej serii Shadow 2 ze skrytymi wymiarami i nowoczesn\u0105 optyk\u0105, tworz\u0105c idealny pistolet do codziennego noszenia (EDC) dla najbardziej wymagaj\u0105cych u\u017cytkownik\u00f3w.<\/p>\n<p>CZ Shadow 2 Compact z kolimatorem Holosun to pakiet dla tych, kt\u00f3rzy nie akceptuj\u0105 kompromis\u00f3w. To wyczynowe osi\u0105gi, niezawodno\u015b\u0107 i najnowsza technologia, zamkni\u0119te w formie idealnej do noszenia. Bro\u0144 jest gotowa do wyj\u0119cia z pude\u0142ka i wygrywania \u2013 na strzelnicy i w ka\u017cdej sytuacji.<\/p>\n<p><strong>Cena 8 100 z\u0142<\/strong> <\/p>\n<p><em>Bro\u0144 palna, amunicja i istotne elementy broni nie s\u0105 sprzedawane on-line. Mo\u017cna je naby\u0107 osobi\u015bcie w naszym sklepie. Warunkiem nabycia broni jest przed\u0142o\u017cenie aktualnego za\u015bwiadczenia (promesy) uprawniaj\u0105cej do zakupu broni oraz dowodu osobistego. Niniejsz\u0105 ofert\u0119 zamieszczamy w celu pogl\u0105dowym. Przed zakupem broni prosimy o kontakt telefoniczny.<\/em><\/p>\n","protected":false},"excerpt":{"rendered":"<p>CZ Shadow 2 Compact Holosun Gotowy do dzia\u0142ania zestaw, na kt\u00f3ry czeka\u0142 ca\u0142y \u015bwiat strzelecki: legendarny CZ Shadow 2 Compact w komplecie z najwy\u017cszej klasy celownikiem<span class=\"excerpt-hellip\"> [\u2026]<\/span><\/p>\n","protected":false},"featured_media":3218,"comment_status":"closed","ping_status":"closed","template":"","meta":[],"product_cat":[42,49],"product_tag":[],"class_list":{"0":"post-3217","1":"product","2":"type-product","3":"status-publish","4":"has-post-thumbnail","6":"product_cat-bron-krotka","7":"product_cat-cz","9":"first","10":"instock","11":"shipping-taxable","12":"product-type-simple"},"_links":{"self":[{"href":"https:\/\/www.strzelnica-magnum.pl\/en\/wp-json\/wp\/v2\/product\/3217","targetHints":{"allow":["GET"]}}],"collection":[{"href":"https:\/\/www.strzelnica-magnum.pl\/en\/wp-json\/wp\/v2\/product"}],"about":[{"href":"https:\/\/www.strzelnica-magnum.pl\/en\/wp-json\/wp\/v2\/types\/product"}],"replies":[{"embeddable":true,"href":"https:\/\/www.strzelnica-magnum.pl\/en\/wp-json\/wp\/v2\/comments?post=3217"}],"wp:featuredmedia":[{"embeddable":true,"href":"https:\/\/www.strzelnica-magnum.pl\/en\/wp-json\/wp\/v2\/media\/3218"}],"wp:attachment":[{"href":"https:\/\/www.strzelnica-magnum.pl\/en\/wp-json\/wp\/v2\/media?parent=3217"}],"wp:term":[{"taxonomy":"product_cat","embeddable":true,"href":"https:\/\/www.strzelnica-magnum.pl\/en\/wp-json\/wp\/v2\/product_cat?post=3217"},{"taxonomy":"product_tag","embeddable":true,"href":"https:\/\/www.strzelnica-magnum.pl\/en\/wp-json\/wp\/v2\/product_tag?post=3217"}],"curies":[{"name":"wp","href":"https:\/\/api.w.org\/{rel}","templated":true}]}}