{"id":3214,"date":"2025-06-27T11:20:42","date_gmt":"2025-06-27T11:20:42","guid":{"rendered":"https:\/\/www.strzelnica-magnum.pl\/?post_type=product&#038;p=3214"},"modified":"2025-06-27T11:20:42","modified_gmt":"2025-06-27T11:20:42","slug":"cz-p-10-f-fde","status":"publish","type":"product","link":"https:\/\/www.strzelnica-magnum.pl\/en\/uzbrojenie\/bron-krotka\/cz-p-10-f-fde\/","title":{"rendered":"CZ P-10 F FDE"},"content":{"rendered":"<p><strong>CZ P-10 F FDE<\/strong> <\/p>\n<p>Wersja FDE wyr\u00f3\u017cnia si\u0119 polimerowym szkieletem w popularnym, pustynnym kolorze, kt\u00f3ry doskonale komponuje si\u0119 z czarnym zamkiem, tworz\u0105c atrakcyjny, dwukolorowy design. Pod stylowym wygl\u0105dem kryje si\u0119 niezawodna i ceniona na ca\u0142ym \u015bwiecie platforma P-10.<\/p>\n<p>CZ P-10 F FDE to bro\u0144 dla tych, kt\u00f3rzy nie uznaj\u0105 kompromis\u00f3w. To pot\u0119\u017cne, celne i niezawodne narz\u0119dzie, kt\u00f3re dzi\u0119ki pe\u0142nowymiarowej konstrukcji i nowoczesnej estetyce doskonale sprawdzi si\u0119 w r\u0119kach funkcjonariuszy s\u0142u\u017cb mundurowych, sportowc\u00f3w i \u015bwiadomych u\u017cytkownik\u00f3w cywilnych.<\/p>\n<p><strong>Cena 2 250 z\u0142<\/strong> <\/p>\n<p><em>Bro\u0144 palna, amunicja i istotne elementy broni nie s\u0105 sprzedawane on-line. Mo\u017cna je naby\u0107 osobi\u015bcie w naszym sklepie. Warunkiem nabycia broni jest przed\u0142o\u017cenie aktualnego za\u015bwiadczenia (promesy) uprawniaj\u0105cej do zakupu broni oraz dowodu osobistego. Niniejsz\u0105 ofert\u0119 zamieszczamy w celu pogl\u0105dowym. Przed zakupem broni prosimy o kontakt telefoniczny.<\/em><\/p>\n","protected":false},"excerpt":{"rendered":"<p>CZ P-10 F FDE Wersja FDE wyr\u00f3\u017cnia si\u0119 polimerowym szkieletem w popularnym, pustynnym kolorze, kt\u00f3ry doskonale komponuje si\u0119 z czarnym zamkiem, tworz\u0105c atrakcyjny, dwukolorowy design. Pod<span class=\"excerpt-hellip\"> [\u2026]<\/span><\/p>\n","protected":false},"featured_media":3215,"comment_status":"closed","ping_status":"closed","template":"","meta":[],"product_cat":[42,49],"product_tag":[],"class_list":{"0":"post-3214","1":"product","2":"type-product","3":"status-publish","4":"has-post-thumbnail","6":"product_cat-bron-krotka","7":"product_cat-cz","9":"first","10":"instock","11":"shipping-taxable","12":"product-type-simple"},"_links":{"self":[{"href":"https:\/\/www.strzelnica-magnum.pl\/en\/wp-json\/wp\/v2\/product\/3214","targetHints":{"allow":["GET"]}}],"collection":[{"href":"https:\/\/www.strzelnica-magnum.pl\/en\/wp-json\/wp\/v2\/product"}],"about":[{"href":"https:\/\/www.strzelnica-magnum.pl\/en\/wp-json\/wp\/v2\/types\/product"}],"replies":[{"embeddable":true,"href":"https:\/\/www.strzelnica-magnum.pl\/en\/wp-json\/wp\/v2\/comments?post=3214"}],"wp:featuredmedia":[{"embeddable":true,"href":"https:\/\/www.strzelnica-magnum.pl\/en\/wp-json\/wp\/v2\/media\/3215"}],"wp:attachment":[{"href":"https:\/\/www.strzelnica-magnum.pl\/en\/wp-json\/wp\/v2\/media?parent=3214"}],"wp:term":[{"taxonomy":"product_cat","embeddable":true,"href":"https:\/\/www.strzelnica-magnum.pl\/en\/wp-json\/wp\/v2\/product_cat?post=3214"},{"taxonomy":"product_tag","embeddable":true,"href":"https:\/\/www.strzelnica-magnum.pl\/en\/wp-json\/wp\/v2\/product_tag?post=3214"}],"curies":[{"name":"wp","href":"https:\/\/api.w.org\/{rel}","templated":true}]}}