{"id":3211,"date":"2025-06-27T11:16:16","date_gmt":"2025-06-27T11:16:16","guid":{"rendered":"https:\/\/www.strzelnica-magnum.pl\/?post_type=product&#038;p=3211"},"modified":"2025-06-27T11:16:16","modified_gmt":"2025-06-27T11:16:16","slug":"cz-p-10-c-or-fde-cerakote","status":"publish","type":"product","link":"https:\/\/www.strzelnica-magnum.pl\/en\/uzbrojenie\/bron-krotka\/cz-p-10-c-or-fde-cerakote\/","title":{"rendered":"CZ P-10 C OR FDE Cerakote"},"content":{"rendered":"<p><strong>CZ P-10 C OR FDE Cerakote<\/strong> <\/p>\n<p>Tym, co wyr\u00f3\u017cnia ten model, jest fabryczna pow\u0142oka Cerakote w kolorze Flat Dark Earth. To zaawansowane, polimerowo-ceramiczne wyko\u0144czenie jest znane na ca\u0142ym \u015bwiecie ze swoich wyj\u0105tkowych w\u0142a\u015bciwo\u015bci.<\/p>\n<p>Pod wytrzyma\u0142\u0105 pow\u0142ok\u0105 kryje si\u0119 sprawdzona i nowoczesna platforma P-10 C w wersji Optics-Ready (OR). Fabrycznie frezowany zamek z systemem wymiennych p\u0142ytek monta\u017cowych pozwala na solidne i niskie osadzenie szerokiej gamy celownik\u00f3w kolimatorowych, co jest dzi\u015b standardem w nowoczesnej broni kr\u00f3tkiej.<\/p>\n<p>CZ P-10 C OR FDE Cerakote to idealny wyb\u00f3r dla strzelca, kt\u00f3ry nie chce wybiera\u0107 mi\u0119dzy wydajno\u015bci\u0105 a wygl\u0105dem. To niezawodne narz\u0119dzie pracy, treningu i ochrony osobistej, kt\u00f3re dzi\u0119ki pow\u0142oce Cerakote jest gotowe na najci\u0119\u017csze wyzwania i z pewno\u015bci\u0105 przyci\u0105gnie spojrzenia na ka\u017cdej strzelnicy.<\/p>\n<p><strong>Cena 3 300 z\u0142<\/strong> <\/p>\n<p><em>Bro\u0144 palna, amunicja i istotne elementy broni nie s\u0105 sprzedawane on-line. Mo\u017cna je naby\u0107 osobi\u015bcie w naszym sklepie. Warunkiem nabycia broni jest przed\u0142o\u017cenie aktualnego za\u015bwiadczenia (promesy) uprawniaj\u0105cej do zakupu broni oraz dowodu osobistego. Niniejsz\u0105 ofert\u0119 zamieszczamy w celu pogl\u0105dowym. Przed zakupem broni prosimy o kontakt telefoniczny.<\/em><\/p>\n","protected":false},"excerpt":{"rendered":"<p>CZ P-10 C OR FDE Cerakote Tym, co wyr\u00f3\u017cnia ten model, jest fabryczna pow\u0142oka Cerakote w kolorze Flat Dark Earth. To zaawansowane, polimerowo-ceramiczne wyko\u0144czenie jest znane<span class=\"excerpt-hellip\"> [\u2026]<\/span><\/p>\n","protected":false},"featured_media":3212,"comment_status":"closed","ping_status":"closed","template":"","meta":[],"product_cat":[42,49],"product_tag":[],"class_list":{"0":"post-3211","1":"product","2":"type-product","3":"status-publish","4":"has-post-thumbnail","6":"product_cat-bron-krotka","7":"product_cat-cz","9":"first","10":"instock","11":"shipping-taxable","12":"product-type-simple"},"_links":{"self":[{"href":"https:\/\/www.strzelnica-magnum.pl\/en\/wp-json\/wp\/v2\/product\/3211","targetHints":{"allow":["GET"]}}],"collection":[{"href":"https:\/\/www.strzelnica-magnum.pl\/en\/wp-json\/wp\/v2\/product"}],"about":[{"href":"https:\/\/www.strzelnica-magnum.pl\/en\/wp-json\/wp\/v2\/types\/product"}],"replies":[{"embeddable":true,"href":"https:\/\/www.strzelnica-magnum.pl\/en\/wp-json\/wp\/v2\/comments?post=3211"}],"wp:featuredmedia":[{"embeddable":true,"href":"https:\/\/www.strzelnica-magnum.pl\/en\/wp-json\/wp\/v2\/media\/3212"}],"wp:attachment":[{"href":"https:\/\/www.strzelnica-magnum.pl\/en\/wp-json\/wp\/v2\/media?parent=3211"}],"wp:term":[{"taxonomy":"product_cat","embeddable":true,"href":"https:\/\/www.strzelnica-magnum.pl\/en\/wp-json\/wp\/v2\/product_cat?post=3211"},{"taxonomy":"product_tag","embeddable":true,"href":"https:\/\/www.strzelnica-magnum.pl\/en\/wp-json\/wp\/v2\/product_tag?post=3211"}],"curies":[{"name":"wp","href":"https:\/\/api.w.org\/{rel}","templated":true}]}}