{"id":3208,"date":"2025-06-27T11:12:51","date_gmt":"2025-06-27T11:12:51","guid":{"rendered":"https:\/\/www.strzelnica-magnum.pl\/?post_type=product&#038;p=3208"},"modified":"2025-06-27T11:12:52","modified_gmt":"2025-06-27T11:12:52","slug":"cz-p-10-c-or-ported","status":"publish","type":"product","link":"https:\/\/www.strzelnica-magnum.pl\/en\/uzbrojenie\/bron-krotka\/cz-p-10-c-or-ported\/","title":{"rendered":"CZ P-10 C OR Ported"},"content":{"rendered":"<p><strong>CZ P-10 C OR Ported<\/strong> <\/p>\n<p>Kluczow\u0105 innowacj\u0105 modelu jest zintegrowany system portowania. Precyzyjnie wykonane otwory w lufie i zamku kieruj\u0105 cz\u0119\u015b\u0107 gaz\u00f3w prochowych ku g\u00f3rze, co tworzy si\u0142\u0119 dociskaj\u0105c\u0105 i radykalnie redukuje podrzut lufy.<\/p>\n<p>Model P-10 C OR Ported jest w pe\u0142ni przygotowany na monta\u017c nowoczesnych celownik\u00f3w. Fabrycznie frezowany zamek (OR &#8211; Optics-Ready) z systemem wymiennych p\u0142ytek monta\u017cowych pozwala na solidne i niskie osadzenie szerokiej gamy popularnych kolimator\u00f3w. Wysokiej jako\u015bci, metalowe przyrz\u0105dy celownicze s\u0105 doskonale widoczne i mog\u0105 s\u0142u\u017cy\u0107 jako system zapasowy (co-witness) z wieloma modelami celownik\u00f3w.<\/p>\n<p>CZ P-10 C OR Ported to idealny wyb\u00f3r dla strzelc\u00f3w sportowych startuj\u0105cych w konkurencjach dynamicznych, a tak\u017ce dla ka\u017cdego entuzjasty, kt\u00f3ry poszukuje pistoletu oferuj\u0105cego przewag\u0119 technologiczn\u0105 i wyj\u0105tkow\u0105 przyjemno\u015b\u0107 ze strzelania. Poczuj r\u00f3\u017cnic\u0119, jak\u0105 daje pe\u0142na kontrola.<\/p>\n<p><strong>Cena 3 350 z\u0142<\/strong> <\/p>\n<p><em>Bro\u0144 palna, amunicja i istotne elementy broni nie s\u0105 sprzedawane on-line. Mo\u017cna je naby\u0107 osobi\u015bcie w naszym sklepie. Warunkiem nabycia broni jest przed\u0142o\u017cenie aktualnego za\u015bwiadczenia (promesy) uprawniaj\u0105cej do zakupu broni oraz dowodu osobistego. Niniejsz\u0105 ofert\u0119 zamieszczamy w celu pogl\u0105dowym. Przed zakupem broni prosimy o kontakt telefoniczny.<\/em><\/p>\n","protected":false},"excerpt":{"rendered":"<p>CZ P-10 C OR Ported Kluczow\u0105 innowacj\u0105 modelu jest zintegrowany system portowania. Precyzyjnie wykonane otwory w lufie i zamku kieruj\u0105 cz\u0119\u015b\u0107 gaz\u00f3w prochowych ku g\u00f3rze, co<span class=\"excerpt-hellip\"> [\u2026]<\/span><\/p>\n","protected":false},"featured_media":3209,"comment_status":"closed","ping_status":"closed","template":"","meta":[],"product_cat":[42,49],"product_tag":[],"class_list":{"0":"post-3208","1":"product","2":"type-product","3":"status-publish","4":"has-post-thumbnail","6":"product_cat-bron-krotka","7":"product_cat-cz","9":"first","10":"instock","11":"shipping-taxable","12":"product-type-simple"},"_links":{"self":[{"href":"https:\/\/www.strzelnica-magnum.pl\/en\/wp-json\/wp\/v2\/product\/3208","targetHints":{"allow":["GET"]}}],"collection":[{"href":"https:\/\/www.strzelnica-magnum.pl\/en\/wp-json\/wp\/v2\/product"}],"about":[{"href":"https:\/\/www.strzelnica-magnum.pl\/en\/wp-json\/wp\/v2\/types\/product"}],"replies":[{"embeddable":true,"href":"https:\/\/www.strzelnica-magnum.pl\/en\/wp-json\/wp\/v2\/comments?post=3208"}],"wp:featuredmedia":[{"embeddable":true,"href":"https:\/\/www.strzelnica-magnum.pl\/en\/wp-json\/wp\/v2\/media\/3209"}],"wp:attachment":[{"href":"https:\/\/www.strzelnica-magnum.pl\/en\/wp-json\/wp\/v2\/media?parent=3208"}],"wp:term":[{"taxonomy":"product_cat","embeddable":true,"href":"https:\/\/www.strzelnica-magnum.pl\/en\/wp-json\/wp\/v2\/product_cat?post=3208"},{"taxonomy":"product_tag","embeddable":true,"href":"https:\/\/www.strzelnica-magnum.pl\/en\/wp-json\/wp\/v2\/product_tag?post=3208"}],"curies":[{"name":"wp","href":"https:\/\/api.w.org\/{rel}","templated":true}]}}