{"id":3205,"date":"2025-06-27T11:08:07","date_gmt":"2025-06-27T11:08:07","guid":{"rendered":"https:\/\/www.strzelnica-magnum.pl\/?post_type=product&#038;p=3205"},"modified":"2025-06-27T11:08:07","modified_gmt":"2025-06-27T11:08:07","slug":"cz-p-09-f-nocturne-sr","status":"publish","type":"product","link":"https:\/\/www.strzelnica-magnum.pl\/en\/uzbrojenie\/bron-krotka\/cz-p-09-f-nocturne-sr\/","title":{"rendered":"CZ P-09 F Nocturne SR"},"content":{"rendered":"<p><strong>CZ P-09 F Nocturne SR<\/strong> <\/p>\n<p>Jako pistolet pe\u0142nowymiarowy, CZ P-09 F Nocturne SR wykorzystuje swoje wymiary do osi\u0105gni\u0119cia maksymalnej precyzji i komfortu strzelania. D\u0142u\u017csza lufa i linia celownicza przek\u0142adaj\u0105 si\u0119 na doskona\u0142e skupienie, a wi\u0119kszy, pe\u0142ny chwyt gwarantuje niezr\u00f3wnan\u0105 kontrol\u0119 nad odrzutem. To idealna platforma dla strzelc\u00f3w sportowych startuj\u0105cych w konkurencjach dynamicznych oraz dla ka\u017cdego, kto poszukuje broni o najwy\u017cszych parametrach do ochrony i rekreacji.<\/p>\n<p>Sercem pistoletu jest niezawodny mechanizm spustowy OMEGA SA\/DA, kt\u00f3ry pozwala u\u017cytkownikowi dostosowa\u0107 tryb pracy do w\u0142asnych preferencji (w zestawie znajduje si\u0119 wymienny zwalniacz kurka \u2013 decocker). Szary, polimerowy szkielet wzmocniony w\u0142\u00f3knem szklanym posiada agresywn\u0105 tekstur\u0119, zapewniaj\u0105c pewny chwyt w ka\u017cdych warunkach. Dwukolorowe wyko\u0144czenie z charakterystycznymi dla serii naci\u0119ciami na zamku nadaje broni unikalny, profesjonalny wygl\u0105d.<\/p>\n<p>CZ P-09 F Nocturne SR to wi\u0119cej ni\u017c pistolet \u2013 to kompletny, zaawansowany system bojowy. Stworzony dla tych, kt\u00f3rzy nie uznaj\u0105 kompromis\u00f3w i poszukuj\u0105 pe\u0142nowymiarowej broni oferuj\u0105cej maksymaln\u0105 celno\u015b\u0107, pojemno\u015b\u0107 i pe\u0142n\u0105 kompatybilno\u015b\u0107 z najnowszymi akcesoriami taktycznymi.<\/p>\n<p><strong>Cena 3 370 z\u0142<\/strong> <\/p>\n<p><em>Bro\u0144 palna, amunicja i istotne elementy broni nie s\u0105 sprzedawane on-line. Mo\u017cna je naby\u0107 osobi\u015bcie w naszym sklepie. Warunkiem nabycia broni jest przed\u0142o\u017cenie aktualnego za\u015bwiadczenia (promesy) uprawniaj\u0105cej do zakupu broni oraz dowodu osobistego. Niniejsz\u0105 ofert\u0119 zamieszczamy w celu pogl\u0105dowym. Przed zakupem broni prosimy o kontakt telefoniczny.<\/em><\/p>\n","protected":false},"excerpt":{"rendered":"<p>CZ P-09 F Nocturne SR Jako pistolet pe\u0142nowymiarowy, CZ P-09 F Nocturne SR wykorzystuje swoje wymiary do osi\u0105gni\u0119cia maksymalnej precyzji i komfortu strzelania. D\u0142u\u017csza lufa i<span class=\"excerpt-hellip\"> [\u2026]<\/span><\/p>\n","protected":false},"featured_media":3206,"comment_status":"closed","ping_status":"closed","template":"","meta":[],"product_cat":[42,49],"product_tag":[],"class_list":{"0":"post-3205","1":"product","2":"type-product","3":"status-publish","4":"has-post-thumbnail","6":"product_cat-bron-krotka","7":"product_cat-cz","9":"first","10":"instock","11":"shipping-taxable","12":"product-type-simple"},"_links":{"self":[{"href":"https:\/\/www.strzelnica-magnum.pl\/en\/wp-json\/wp\/v2\/product\/3205","targetHints":{"allow":["GET"]}}],"collection":[{"href":"https:\/\/www.strzelnica-magnum.pl\/en\/wp-json\/wp\/v2\/product"}],"about":[{"href":"https:\/\/www.strzelnica-magnum.pl\/en\/wp-json\/wp\/v2\/types\/product"}],"replies":[{"embeddable":true,"href":"https:\/\/www.strzelnica-magnum.pl\/en\/wp-json\/wp\/v2\/comments?post=3205"}],"wp:featuredmedia":[{"embeddable":true,"href":"https:\/\/www.strzelnica-magnum.pl\/en\/wp-json\/wp\/v2\/media\/3206"}],"wp:attachment":[{"href":"https:\/\/www.strzelnica-magnum.pl\/en\/wp-json\/wp\/v2\/media?parent=3205"}],"wp:term":[{"taxonomy":"product_cat","embeddable":true,"href":"https:\/\/www.strzelnica-magnum.pl\/en\/wp-json\/wp\/v2\/product_cat?post=3205"},{"taxonomy":"product_tag","embeddable":true,"href":"https:\/\/www.strzelnica-magnum.pl\/en\/wp-json\/wp\/v2\/product_tag?post=3205"}],"curies":[{"name":"wp","href":"https:\/\/api.w.org\/{rel}","templated":true}]}}