{"id":3202,"date":"2025-06-27T11:03:43","date_gmt":"2025-06-27T11:03:43","guid":{"rendered":"https:\/\/www.strzelnica-magnum.pl\/?post_type=product&#038;p=3202"},"modified":"2025-06-27T11:03:43","modified_gmt":"2025-06-27T11:03:43","slug":"cz-p-09-compact-nocturne","status":"publish","type":"product","link":"https:\/\/www.strzelnica-magnum.pl\/en\/uzbrojenie\/bron-krotka\/cz-p-09-compact-nocturne\/","title":{"rendered":"CZ P-09 Compact Nocturne"},"content":{"rendered":"<p><strong>CZ P-09 Compact Nocturne <\/strong> zosta\u0142 zaprojektowany z my\u015bl\u0105 o wsp\u00f3\u0142czesnym strzelcu. Jego kluczow\u0105 cech\u0105 jest fabrycznie frezowany zamek (Optics-Ready), kt\u00f3ry pozwala na bezpo\u015bredni i niski monta\u017c popularnych celownik\u00f3w mikrokolimatorowych, takich jak Shield RMS czy Holosun K. Takie rozwi\u0105zanie znacz\u0105co przyspiesza proces celowania i poprawia precyzj\u0119 strza\u0142u.<\/p>\n<p>Standardowo pistolet wyposa\u017cony jest w wysokiej jako\u015bci trytowe lub luminescencyjne przyrz\u0105dy celownicze, kt\u00f3re gwarantuj\u0105 wyra\u017any i kontrastowy obraz celu nawet w ca\u0142kowitej ciemno\u015bci, zapewniaj\u0105c gotowo\u015b\u0107 do dzia\u0142ania o ka\u017cdej porze.<\/p>\n<p>CZ P-09 Compact Nocturne to idealny balans mi\u0119dzy kompaktowymi wymiarami do wygodnego, skrytego noszenia a pe\u0142nym pakietem nowoczesnych ulepsze\u0144. To bro\u0144 stworzona dla tych, kt\u00f3rzy oczekuj\u0105 maksymalnej funkcjonalno\u015bci i niezawodno\u015bci w por\u0119cznej formie.<\/p>\n<p><strong>Cena 3 060 z\u0142<\/strong> <\/p>\n<p><em>Bro\u0144 palna, amunicja i istotne elementy broni nie s\u0105 sprzedawane on-line. Mo\u017cna je naby\u0107 osobi\u015bcie w naszym sklepie. Warunkiem nabycia broni jest przed\u0142o\u017cenie aktualnego za\u015bwiadczenia (promesy) uprawniaj\u0105cej do zakupu broni oraz dowodu osobistego. Niniejsz\u0105 ofert\u0119 zamieszczamy w celu pogl\u0105dowym. Przed zakupem broni prosimy o kontakt telefoniczny.<\/em><\/p>\n","protected":false},"excerpt":{"rendered":"<p>CZ P-09 Compact Nocturne zosta\u0142 zaprojektowany z my\u015bl\u0105 o wsp\u00f3\u0142czesnym strzelcu. Jego kluczow\u0105 cech\u0105 jest fabrycznie frezowany zamek (Optics-Ready), kt\u00f3ry pozwala na bezpo\u015bredni i niski monta\u017c<span class=\"excerpt-hellip\"> [\u2026]<\/span><\/p>\n","protected":false},"featured_media":3203,"comment_status":"closed","ping_status":"closed","template":"","meta":[],"product_cat":[42,49],"product_tag":[],"class_list":{"0":"post-3202","1":"product","2":"type-product","3":"status-publish","4":"has-post-thumbnail","6":"product_cat-bron-krotka","7":"product_cat-cz","9":"first","10":"instock","11":"shipping-taxable","12":"product-type-simple"},"_links":{"self":[{"href":"https:\/\/www.strzelnica-magnum.pl\/en\/wp-json\/wp\/v2\/product\/3202","targetHints":{"allow":["GET"]}}],"collection":[{"href":"https:\/\/www.strzelnica-magnum.pl\/en\/wp-json\/wp\/v2\/product"}],"about":[{"href":"https:\/\/www.strzelnica-magnum.pl\/en\/wp-json\/wp\/v2\/types\/product"}],"replies":[{"embeddable":true,"href":"https:\/\/www.strzelnica-magnum.pl\/en\/wp-json\/wp\/v2\/comments?post=3202"}],"wp:featuredmedia":[{"embeddable":true,"href":"https:\/\/www.strzelnica-magnum.pl\/en\/wp-json\/wp\/v2\/media\/3203"}],"wp:attachment":[{"href":"https:\/\/www.strzelnica-magnum.pl\/en\/wp-json\/wp\/v2\/media?parent=3202"}],"wp:term":[{"taxonomy":"product_cat","embeddable":true,"href":"https:\/\/www.strzelnica-magnum.pl\/en\/wp-json\/wp\/v2\/product_cat?post=3202"},{"taxonomy":"product_tag","embeddable":true,"href":"https:\/\/www.strzelnica-magnum.pl\/en\/wp-json\/wp\/v2\/product_tag?post=3202"}],"curies":[{"name":"wp","href":"https:\/\/api.w.org\/{rel}","templated":true}]}}