{"id":3199,"date":"2025-06-27T10:57:40","date_gmt":"2025-06-27T10:57:40","guid":{"rendered":"https:\/\/www.strzelnica-magnum.pl\/?post_type=product&#038;p=3199"},"modified":"2025-06-27T10:57:40","modified_gmt":"2025-06-27T10:57:40","slug":"cz-p-09-c-nocturne-sr","status":"publish","type":"product","link":"https:\/\/www.strzelnica-magnum.pl\/en\/uzbrojenie\/bron-krotka\/cz-p-09-c-nocturne-sr\/","title":{"rendered":"CZ P-09 C Nocturne SR"},"content":{"rendered":"<p><strong>CZ P-09 C Nocturne SR<\/strong> zachowuje wszystkie kluczowe cechy swojego pe\u0142nowymiarowego odpowiednika, ale w bardziej por\u0119cznym i \u0142atwiejszym do ukrycia formacie. Kr\u00f3tszy zamek i chwyt sprawiaj\u0105, \u017ce pistolet doskonale nadaje si\u0119 do codziennego noszenia, nie trac\u0105c przy tym nic ze swojej ergonomii i potencja\u0142u bojowego.<\/p>\n<p>Sercem pistoletu jest niezawodny mechanizm OMEGA SA\/DA, kt\u00f3ry pozwala strzelcowi dostosowa\u0107 tryb pracy spustu do w\u0142asnych preferencji (w zestawie znajduje si\u0119 wymienny zwalniacz kurka \u2013 decocker). Szary, polimerowy szkielet wzmocniony w\u0142\u00f3knem szklanym posiada agresywn\u0105 tekstur\u0119, zapewniaj\u0105c pewny chwyt w ka\u017cdych warunkach. Dwukolorowe wyko\u0144czenie z charakterystycznymi dla serii naci\u0119ciami na zamku nadaje broni unikalny, nowoczesny wygl\u0105d.<\/p>\n<p>CZ P-09 C Nocturne SR to bro\u0144, kt\u00f3ra nie uznaje kompromis\u00f3w. Oferuje idealny balans mi\u0119dzy kompaktowymi wymiarami do skrytego noszenia a pe\u0142nym pakietem taktycznych ulepsze\u0144, pozwalaj\u0105c Ci dominowa\u0107 w ka\u017cdych warunkach \u2013 w dzie\u0144 i w nocy.<\/p>\n<p><strong>Cena 3 370 z\u0142<\/strong> <\/p>\n<p><em>Bro\u0144 palna, amunicja i istotne elementy broni nie s\u0105 sprzedawane on-line. Mo\u017cna je naby\u0107 osobi\u015bcie w naszym sklepie. Warunkiem nabycia broni jest przed\u0142o\u017cenie aktualnego za\u015bwiadczenia (promesy) uprawniaj\u0105cej do zakupu broni oraz dowodu osobistego. Niniejsz\u0105 ofert\u0119 zamieszczamy w celu pogl\u0105dowym. Przed zakupem broni prosimy o kontakt telefoniczny.<\/em><\/p>\n","protected":false},"excerpt":{"rendered":"<p>CZ P-09 C Nocturne SR zachowuje wszystkie kluczowe cechy swojego pe\u0142nowymiarowego odpowiednika, ale w bardziej por\u0119cznym i \u0142atwiejszym do ukrycia formacie. Kr\u00f3tszy zamek i chwyt sprawiaj\u0105,<span class=\"excerpt-hellip\"> [\u2026]<\/span><\/p>\n","protected":false},"featured_media":3200,"comment_status":"closed","ping_status":"closed","template":"","meta":[],"product_cat":[42,49],"product_tag":[],"class_list":{"0":"post-3199","1":"product","2":"type-product","3":"status-publish","4":"has-post-thumbnail","6":"product_cat-bron-krotka","7":"product_cat-cz","9":"first","10":"instock","11":"shipping-taxable","12":"product-type-simple"},"_links":{"self":[{"href":"https:\/\/www.strzelnica-magnum.pl\/en\/wp-json\/wp\/v2\/product\/3199","targetHints":{"allow":["GET"]}}],"collection":[{"href":"https:\/\/www.strzelnica-magnum.pl\/en\/wp-json\/wp\/v2\/product"}],"about":[{"href":"https:\/\/www.strzelnica-magnum.pl\/en\/wp-json\/wp\/v2\/types\/product"}],"replies":[{"embeddable":true,"href":"https:\/\/www.strzelnica-magnum.pl\/en\/wp-json\/wp\/v2\/comments?post=3199"}],"wp:featuredmedia":[{"embeddable":true,"href":"https:\/\/www.strzelnica-magnum.pl\/en\/wp-json\/wp\/v2\/media\/3200"}],"wp:attachment":[{"href":"https:\/\/www.strzelnica-magnum.pl\/en\/wp-json\/wp\/v2\/media?parent=3199"}],"wp:term":[{"taxonomy":"product_cat","embeddable":true,"href":"https:\/\/www.strzelnica-magnum.pl\/en\/wp-json\/wp\/v2\/product_cat?post=3199"},{"taxonomy":"product_tag","embeddable":true,"href":"https:\/\/www.strzelnica-magnum.pl\/en\/wp-json\/wp\/v2\/product_tag?post=3199"}],"curies":[{"name":"wp","href":"https:\/\/api.w.org\/{rel}","templated":true}]}}