{"id":3196,"date":"2025-06-27T10:54:52","date_gmt":"2025-06-27T10:54:52","guid":{"rendered":"https:\/\/www.strzelnica-magnum.pl\/?post_type=product&#038;p=3196"},"modified":"2025-06-27T10:54:52","modified_gmt":"2025-06-27T10:54:52","slug":"cz-p-09-nocturne","status":"publish","type":"product","link":"https:\/\/www.strzelnica-magnum.pl\/en\/uzbrojenie\/bron-krotka\/cz-p-09-nocturne\/","title":{"rendered":"CZ P-09 Nocturne"},"content":{"rendered":"<p><strong>CZ P-09 Nocturne<\/strong> <\/p>\n<p>Najwa\u017cniejsz\u0105 cech\u0105 modelu Nocturne jest jego pe\u0142na adaptacja do nowoczesnych celownik\u00f3w. Fabrycznie frezowany zamek Optics-Ready pozwala na bezpo\u015bredni, niski monta\u017c popularnych mikrokolimator\u00f3w (m.in. Shield RMS i Holosun K) bez potrzeby stosowania dodatkowych p\u0142ytek. Daje to strzelcowi przewag\u0119 w postaci szybszego namierzania celu i zachowania osi celowania zbli\u017conej do osi lufy.<\/p>\n<p>Standardowo pistolet wyposa\u017cony jest w wysokiej jako\u015bci trytowe lub luminescencyjne przyrz\u0105dy celownicze, kt\u00f3re gwarantuj\u0105 wyra\u017any i kontrastowy obraz celu nawet w ca\u0142kowitej ciemno\u015bci, zapewniaj\u0105c gotowo\u015b\u0107 do strza\u0142u o ka\u017cdej porze.<\/p>\n<p><strong>Cena 3 060 z\u0142<\/strong> <\/p>\n<p><em>Bro\u0144 palna, amunicja i istotne elementy broni nie s\u0105 sprzedawane on-line. Mo\u017cna je naby\u0107 osobi\u015bcie w naszym sklepie. Warunkiem nabycia broni jest przed\u0142o\u017cenie aktualnego za\u015bwiadczenia (promesy) uprawniaj\u0105cej do zakupu broni oraz dowodu osobistego. Niniejsz\u0105 ofert\u0119 zamieszczamy w celu pogl\u0105dowym. Przed zakupem broni prosimy o kontakt telefoniczny.<\/em><\/p>\n","protected":false},"excerpt":{"rendered":"<p>CZ P-09 Nocturne Najwa\u017cniejsz\u0105 cech\u0105 modelu Nocturne jest jego pe\u0142na adaptacja do nowoczesnych celownik\u00f3w. Fabrycznie frezowany zamek Optics-Ready pozwala na bezpo\u015bredni, niski monta\u017c popularnych mikrokolimator\u00f3w (m.in.<span class=\"excerpt-hellip\"> [\u2026]<\/span><\/p>\n","protected":false},"featured_media":3197,"comment_status":"closed","ping_status":"closed","template":"","meta":[],"product_cat":[42,49],"product_tag":[],"class_list":{"0":"post-3196","1":"product","2":"type-product","3":"status-publish","4":"has-post-thumbnail","6":"product_cat-bron-krotka","7":"product_cat-cz","9":"first","10":"instock","11":"shipping-taxable","12":"product-type-simple"},"_links":{"self":[{"href":"https:\/\/www.strzelnica-magnum.pl\/en\/wp-json\/wp\/v2\/product\/3196","targetHints":{"allow":["GET"]}}],"collection":[{"href":"https:\/\/www.strzelnica-magnum.pl\/en\/wp-json\/wp\/v2\/product"}],"about":[{"href":"https:\/\/www.strzelnica-magnum.pl\/en\/wp-json\/wp\/v2\/types\/product"}],"replies":[{"embeddable":true,"href":"https:\/\/www.strzelnica-magnum.pl\/en\/wp-json\/wp\/v2\/comments?post=3196"}],"wp:featuredmedia":[{"embeddable":true,"href":"https:\/\/www.strzelnica-magnum.pl\/en\/wp-json\/wp\/v2\/media\/3197"}],"wp:attachment":[{"href":"https:\/\/www.strzelnica-magnum.pl\/en\/wp-json\/wp\/v2\/media?parent=3196"}],"wp:term":[{"taxonomy":"product_cat","embeddable":true,"href":"https:\/\/www.strzelnica-magnum.pl\/en\/wp-json\/wp\/v2\/product_cat?post=3196"},{"taxonomy":"product_tag","embeddable":true,"href":"https:\/\/www.strzelnica-magnum.pl\/en\/wp-json\/wp\/v2\/product_tag?post=3196"}],"curies":[{"name":"wp","href":"https:\/\/api.w.org\/{rel}","templated":true}]}}