{"id":3193,"date":"2025-06-27T10:50:26","date_gmt":"2025-06-27T10:50:26","guid":{"rendered":"https:\/\/www.strzelnica-magnum.pl\/?post_type=product&#038;p=3193"},"modified":"2025-06-27T10:50:26","modified_gmt":"2025-06-27T10:50:26","slug":"cz-600-mdt-chassis-grey","status":"publish","type":"product","link":"https:\/\/www.strzelnica-magnum.pl\/en\/uzbrojenie\/bron-dluga\/cz-600-mdt-chassis-grey\/","title":{"rendered":"CZ 600 MDT Chassis Grey"},"content":{"rendered":"<p><strong>CZ 600 MDT Chassis Grey<\/strong> <\/p>\n<p>Wyj\u0105tkowa, sportowa wersja specjalna, kt\u00f3ra \u0142\u0105czy nowoczesn\u0105 platform\u0119 CZ 600 z zaawansowanym chassis od \u015bwiatowej s\u0142awy marki MDT. Ta konstrukcja premium z wyko\u0144czeniem Cerakote w kolorze Deep Bronze posiada regulowany chwyt pistoletowy MDT Premier Vertical, szkieletow\u0105 kolb\u0119 MDT SRS z regulowan\u0105 na wysoko\u015b\u0107 bak\u0105 policzkow\u0105 oraz stopk\u0105 regulowan\u0105 na wysoko\u015b\u0107 i w osi, a tak\u017ce skuteczny, tr\u00f3jportowy hamulec wylotowy. Oczywi\u015bcie karabin jest r\u00f3wnie\u017c wyposa\u017cony w szyn\u0119 Picatinny, punkty monta\u017cowe M-LOK oraz szyn\u0119 Arca Swiss. Powi\u0119kszony bezpiecznik po jednej stronie broni s\u0142u\u017cy r\u00f3wnie\u017c jako p\u00f3\u0142ka pod kciuk.<\/p>\n<p>Specjalnie zaprojektowany, 10-nabojowy magazynek MDT AICS, wyposa\u017cony w autorski podajnik CZ, zapewnia w pe\u0142ni niezawodne podawanie naboju. Dzi\u0119ki zaawansowanej ergonomii, ci\u0119\u017ckiej, kutej na zimno lufie oraz innowacyjnemu, jednostopniowemu mechanizmowi spustowemu z \u0142atw\u0105 regulacj\u0105, CZ gwarantuje celno\u015b\u0107 poni\u017cej 0,75 MOA (dla pi\u0119ciostrza\u0142owych grup na 100 metr\u00f3w przy u\u017cyciu fabrycznej amunicji sportowej typu match-grade).<\/p>\n<p>Dost\u0119pny w wersjach:<br \/>\n&#8211; 6mm Creedmoor<br \/>\n&#8211; 308 Win.<br \/>\n<strong>Cena 11 300 z\u0142<\/strong> <\/p>\n<p><em>Bro\u0144 palna, amunicja i istotne elementy broni nie s\u0105 sprzedawane on-line. Mo\u017cna je naby\u0107 osobi\u015bcie w naszym sklepie. Warunkiem nabycia broni jest przed\u0142o\u017cenie aktualnego za\u015bwiadczenia (promesy) uprawniaj\u0105cej do zakupu broni oraz dowodu osobistego. Niniejsz\u0105 ofert\u0119 zamieszczamy w celu pogl\u0105dowym. Przed zakupem broni prosimy o kontakt telefoniczny.<\/em><\/p>\n","protected":false},"excerpt":{"rendered":"<p>CZ 600 MDT Chassis Grey Wyj\u0105tkowa, sportowa wersja specjalna, kt\u00f3ra \u0142\u0105czy nowoczesn\u0105 platform\u0119 CZ 600 z zaawansowanym chassis od \u015bwiatowej s\u0142awy marki MDT. Ta konstrukcja premium<span class=\"excerpt-hellip\"> [\u2026]<\/span><\/p>\n","protected":false},"featured_media":3194,"comment_status":"closed","ping_status":"closed","template":"","meta":[],"product_cat":[43,50],"product_tag":[],"class_list":{"0":"post-3193","1":"product","2":"type-product","3":"status-publish","4":"has-post-thumbnail","6":"product_cat-bron-dluga","7":"product_cat-cz-2","9":"first","10":"instock","11":"shipping-taxable","12":"product-type-simple"},"_links":{"self":[{"href":"https:\/\/www.strzelnica-magnum.pl\/en\/wp-json\/wp\/v2\/product\/3193","targetHints":{"allow":["GET"]}}],"collection":[{"href":"https:\/\/www.strzelnica-magnum.pl\/en\/wp-json\/wp\/v2\/product"}],"about":[{"href":"https:\/\/www.strzelnica-magnum.pl\/en\/wp-json\/wp\/v2\/types\/product"}],"replies":[{"embeddable":true,"href":"https:\/\/www.strzelnica-magnum.pl\/en\/wp-json\/wp\/v2\/comments?post=3193"}],"wp:featuredmedia":[{"embeddable":true,"href":"https:\/\/www.strzelnica-magnum.pl\/en\/wp-json\/wp\/v2\/media\/3194"}],"wp:attachment":[{"href":"https:\/\/www.strzelnica-magnum.pl\/en\/wp-json\/wp\/v2\/media?parent=3193"}],"wp:term":[{"taxonomy":"product_cat","embeddable":true,"href":"https:\/\/www.strzelnica-magnum.pl\/en\/wp-json\/wp\/v2\/product_cat?post=3193"},{"taxonomy":"product_tag","embeddable":true,"href":"https:\/\/www.strzelnica-magnum.pl\/en\/wp-json\/wp\/v2\/product_tag?post=3193"}],"curies":[{"name":"wp","href":"https:\/\/api.w.org\/{rel}","templated":true}]}}