{"id":3187,"date":"2025-06-27T10:42:33","date_gmt":"2025-06-27T10:42:33","guid":{"rendered":"https:\/\/www.strzelnica-magnum.pl\/?post_type=product&#038;p=3187"},"modified":"2025-06-27T10:42:33","modified_gmt":"2025-06-27T10:42:33","slug":"cz-600-ergo-dh","status":"publish","type":"product","link":"https:\/\/www.strzelnica-magnum.pl\/en\/uzbrojenie\/bron-dluga\/cz-600-ergo-dh\/","title":{"rendered":"CZ 600 Ergo DH"},"content":{"rendered":"<p><strong>CZ 600 Ergo DH<\/strong> <\/p>\n<p>Sercem modelu ERGO DH jest jego wyj\u0105tkowa, polimerowa kolba typu &#8220;thumbhole&#8221; (DH). Specjalnie zaprojektowany otw\u00f3r na kciuk zapewnia niezr\u00f3wnanie pewny i naturalny chwyt, co przek\u0142ada si\u0119 na doskona\u0142\u0105 kontrol\u0119 nad broni\u0105 i stabilno\u015b\u0107 podczas oddawania strza\u0142u. Ta innowacyjna konstrukcja minimalizuje zm\u0119czenie d\u0142oni i nadgarstka, pozwalaj\u0105c na d\u0142u\u017csz\u0105 koncentracj\u0119 i oddawanie bardziej precyzyjnych strza\u0142\u00f3w, zar\u00f3wno z postawy stoj\u0105cej, jak i le\u017c\u0105cej.<\/p>\n<p>Kolba wykonana jest z wytrzyma\u0142ego polimeru wzmocnionego w\u0142\u00f3knem szklanym, co gwarantuje jej odporno\u015b\u0107 na trudne warunki atmosferyczne i uszkodzenia mechaniczne. Mi\u0119kkie w dotyku, antypo\u015blizgowe wstawki na chwycie pistoletowym i cz\u00f3\u0142enku dodatkowo zwi\u0119kszaj\u0105 komfort i pewno\u015b\u0107 chwytu.<\/p>\n<p>Model CZ 600 ERGO DH, podobnie jak ca\u0142a rodzina karabin\u00f3w serii 600, s\u0142ynie z wyj\u0105tkowej celno\u015bci. Producent gwarantuje fabryczne skupienie poni\u017cej 1 MOA na 100 metr\u00f3w (dla 3-strza\u0142owej grupy przy u\u017cyciu amunicji fabrycznej typu match-grade). Jest to zas\u0142uga precyzyjnie wykonanej, kutej na zimno lufy o lekkim profilu (semi-heavy) oraz zaawansowanego systemu zamka.<\/p>\n<p>System ten, z kr\u00f3tkim k\u0105tem otwarcia (60 stopni), pozwala na szybkie i p\u0142ynne prze\u0142adowanie, a kontrolowane podawanie naboju (controlled feed) zapewnia niezawodno\u015b\u0107 dzia\u0142ania w ka\u017cdej sytuacji. Opatentowany, jednoodporowy mechanizm spustowy z czterostopniow\u0105 regulacj\u0105 oporu (600-1350 g) umo\u017cliwia idealne dopasowanie charakterystyki jego pracy do preferencji strzelca.<\/p>\n<p><strong>Cena 5 700 z\u0142<\/strong> <\/p>\n<p><em>Bro\u0144 palna, amunicja i istotne elementy broni nie s\u0105 sprzedawane on-line. Mo\u017cna je naby\u0107 osobi\u015bcie w naszym sklepie. Warunkiem nabycia broni jest przed\u0142o\u017cenie aktualnego za\u015bwiadczenia (promesy) uprawniaj\u0105cej do zakupu broni oraz dowodu osobistego. Niniejsz\u0105 ofert\u0119 zamieszczamy w celu pogl\u0105dowym. Przed zakupem broni prosimy o kontakt telefoniczny.<\/em><\/p>\n","protected":false},"excerpt":{"rendered":"<p>CZ 600 Ergo DH Sercem modelu ERGO DH jest jego wyj\u0105tkowa, polimerowa kolba typu &#8220;thumbhole&#8221; (DH). Specjalnie zaprojektowany otw\u00f3r na kciuk zapewnia niezr\u00f3wnanie pewny i naturalny<span class=\"excerpt-hellip\"> [\u2026]<\/span><\/p>\n","protected":false},"featured_media":3188,"comment_status":"closed","ping_status":"closed","template":"","meta":[],"product_cat":[43,50],"product_tag":[],"class_list":{"0":"post-3187","1":"product","2":"type-product","3":"status-publish","4":"has-post-thumbnail","6":"product_cat-bron-dluga","7":"product_cat-cz-2","9":"first","10":"instock","11":"shipping-taxable","12":"product-type-simple"},"_links":{"self":[{"href":"https:\/\/www.strzelnica-magnum.pl\/en\/wp-json\/wp\/v2\/product\/3187","targetHints":{"allow":["GET"]}}],"collection":[{"href":"https:\/\/www.strzelnica-magnum.pl\/en\/wp-json\/wp\/v2\/product"}],"about":[{"href":"https:\/\/www.strzelnica-magnum.pl\/en\/wp-json\/wp\/v2\/types\/product"}],"replies":[{"embeddable":true,"href":"https:\/\/www.strzelnica-magnum.pl\/en\/wp-json\/wp\/v2\/comments?post=3187"}],"wp:featuredmedia":[{"embeddable":true,"href":"https:\/\/www.strzelnica-magnum.pl\/en\/wp-json\/wp\/v2\/media\/3188"}],"wp:attachment":[{"href":"https:\/\/www.strzelnica-magnum.pl\/en\/wp-json\/wp\/v2\/media?parent=3187"}],"wp:term":[{"taxonomy":"product_cat","embeddable":true,"href":"https:\/\/www.strzelnica-magnum.pl\/en\/wp-json\/wp\/v2\/product_cat?post=3187"},{"taxonomy":"product_tag","embeddable":true,"href":"https:\/\/www.strzelnica-magnum.pl\/en\/wp-json\/wp\/v2\/product_tag?post=3187"}],"curies":[{"name":"wp","href":"https:\/\/api.w.org\/{rel}","templated":true}]}}