{"id":3184,"date":"2025-06-27T10:32:00","date_gmt":"2025-06-27T10:32:00","guid":{"rendered":"https:\/\/www.strzelnica-magnum.pl\/?post_type=product&#038;p=3184"},"modified":"2025-06-27T10:32:00","modified_gmt":"2025-06-27T10:32:00","slug":"p322-coyote-tacpac","status":"publish","type":"product","link":"https:\/\/www.strzelnica-magnum.pl\/en\/uzbrojenie\/bron-krotka\/p322-coyote-tacpac\/","title":{"rendered":"P322 Coyote Tacpac"},"content":{"rendered":"<p><strong>P322 Coyote Tacpac<\/strong> zosta\u0142 w ca\u0142o\u015bci zaprojektowany i wyprodukowany przez SIG SAUER w New Hampshire i jest wyposa\u017cony w szereg funkcji premium, w tym zdejmowan\u0105 p\u0142ytk\u0119 monta\u017cow\u0105 w miejscu szczerbinki, kt\u00f3ra umo\u017cliwia bezpo\u015bredni monta\u017c kolimatora ROMEOZero Elite. P322 jest r\u00f3wnie\u017c dostarczany z adapterem do gwintu na lufie, dzi\u0119ki czemu jest gotowy do monta\u017cu t\u0142umika od razu po wyj\u0119ciu z pude\u0142ka. Dodatkowe cechy to obustronne manipulatory, wymienne j\u0119zyki spustowe (p\u0142aski i zakrzywiony) oraz \u015bwiat\u0142owodowe przyrz\u0105dy celownicze z przodu i z ty\u0142u.<\/p>\n<p><strong>Cena 3 900 z\u0142<\/strong> <\/p>\n<p><em>Bro\u0144 palna, amunicja i istotne elementy broni nie s\u0105 sprzedawane on-line. Mo\u017cna je naby\u0107 osobi\u015bcie w naszym sklepie. Warunkiem nabycia broni jest przed\u0142o\u017cenie aktualnego za\u015bwiadczenia (promesy) uprawniaj\u0105cej do zakupu broni oraz dowodu osobistego. Niniejsz\u0105 ofert\u0119 zamieszczamy w celu pogl\u0105dowym. Przed zakupem broni prosimy o kontakt telefoniczny.<\/em><\/p>\n","protected":false},"excerpt":{"rendered":"<p>P322 Coyote Tacpac zosta\u0142 w ca\u0142o\u015bci zaprojektowany i wyprodukowany przez SIG SAUER w New Hampshire i jest wyposa\u017cony w szereg funkcji premium, w tym zdejmowan\u0105 p\u0142ytk\u0119<span class=\"excerpt-hellip\"> [\u2026]<\/span><\/p>\n","protected":false},"featured_media":3185,"comment_status":"closed","ping_status":"closed","template":"","meta":[],"product_cat":[42,151],"product_tag":[],"class_list":{"0":"post-3184","1":"product","2":"type-product","3":"status-publish","4":"has-post-thumbnail","6":"product_cat-bron-krotka","7":"product_cat-sig-sauer","9":"first","10":"instock","11":"shipping-taxable","12":"product-type-simple"},"_links":{"self":[{"href":"https:\/\/www.strzelnica-magnum.pl\/en\/wp-json\/wp\/v2\/product\/3184","targetHints":{"allow":["GET"]}}],"collection":[{"href":"https:\/\/www.strzelnica-magnum.pl\/en\/wp-json\/wp\/v2\/product"}],"about":[{"href":"https:\/\/www.strzelnica-magnum.pl\/en\/wp-json\/wp\/v2\/types\/product"}],"replies":[{"embeddable":true,"href":"https:\/\/www.strzelnica-magnum.pl\/en\/wp-json\/wp\/v2\/comments?post=3184"}],"wp:featuredmedia":[{"embeddable":true,"href":"https:\/\/www.strzelnica-magnum.pl\/en\/wp-json\/wp\/v2\/media\/3185"}],"wp:attachment":[{"href":"https:\/\/www.strzelnica-magnum.pl\/en\/wp-json\/wp\/v2\/media?parent=3184"}],"wp:term":[{"taxonomy":"product_cat","embeddable":true,"href":"https:\/\/www.strzelnica-magnum.pl\/en\/wp-json\/wp\/v2\/product_cat?post=3184"},{"taxonomy":"product_tag","embeddable":true,"href":"https:\/\/www.strzelnica-magnum.pl\/en\/wp-json\/wp\/v2\/product_tag?post=3184"}],"curies":[{"name":"wp","href":"https:\/\/api.w.org\/{rel}","templated":true}]}}