{"id":3181,"date":"2025-06-27T10:27:36","date_gmt":"2025-06-27T10:27:36","guid":{"rendered":"https:\/\/www.strzelnica-magnum.pl\/?post_type=product&#038;p=3181"},"modified":"2025-06-27T10:27:36","modified_gmt":"2025-06-27T10:27:36","slug":"sig-sauer-p322-compact-22lr","status":"publish","type":"product","link":"https:\/\/www.strzelnica-magnum.pl\/en\/uzbrojenie\/bron-krotka\/sig-sauer-p322-compact-22lr\/","title":{"rendered":"Sig Sauer P322 Compact .22LR"},"content":{"rendered":"<p><strong>P322 Compact .22LR<\/strong> &#8211; pistolet, kt\u00f3ry na nowo definiuje oczekiwania wobec broni sportowej w kalibrze .22LR. \u0141\u0105cz\u0105c w sobie niezr\u00f3wnan\u0105 niezawodno\u015b\u0107, wyj\u0105tkow\u0105 ergonomi\u0119 i niespotykan\u0105 w tej klasie pojemno\u015b\u0107 magazynka, P322 jest idealnym wyborem zar\u00f3wno dla pocz\u0105tkuj\u0105cych strzelc\u00f3w, jak i do\u015bwiadczonych weteran\u00f3w poszukuj\u0105cych wszechstronnej i ekonomicznej w treningu broni.<\/p>\n<p><strong>Cena 3 500 z\u0142<\/strong> <\/p>\n<p><em>Bro\u0144 palna, amunicja i istotne elementy broni nie s\u0105 sprzedawane on-line. Mo\u017cna je naby\u0107 osobi\u015bcie w naszym sklepie. Warunkiem nabycia broni jest przed\u0142o\u017cenie aktualnego za\u015bwiadczenia (promesy) uprawniaj\u0105cej do zakupu broni oraz dowodu osobistego. Niniejsz\u0105 ofert\u0119 zamieszczamy w celu pogl\u0105dowym. Przed zakupem broni prosimy o kontakt telefoniczny.<\/em><\/p>\n","protected":false},"excerpt":{"rendered":"<p>P322 Compact .22LR &#8211; pistolet, kt\u00f3ry na nowo definiuje oczekiwania wobec broni sportowej w kalibrze .22LR. \u0141\u0105cz\u0105c w sobie niezr\u00f3wnan\u0105 niezawodno\u015b\u0107, wyj\u0105tkow\u0105 ergonomi\u0119 i niespotykan\u0105 w<span class=\"excerpt-hellip\"> [\u2026]<\/span><\/p>\n","protected":false},"featured_media":3182,"comment_status":"closed","ping_status":"closed","template":"","meta":[],"product_cat":[42,151],"product_tag":[],"class_list":{"0":"post-3181","1":"product","2":"type-product","3":"status-publish","4":"has-post-thumbnail","6":"product_cat-bron-krotka","7":"product_cat-sig-sauer","9":"first","10":"instock","11":"shipping-taxable","12":"product-type-simple"},"_links":{"self":[{"href":"https:\/\/www.strzelnica-magnum.pl\/en\/wp-json\/wp\/v2\/product\/3181","targetHints":{"allow":["GET"]}}],"collection":[{"href":"https:\/\/www.strzelnica-magnum.pl\/en\/wp-json\/wp\/v2\/product"}],"about":[{"href":"https:\/\/www.strzelnica-magnum.pl\/en\/wp-json\/wp\/v2\/types\/product"}],"replies":[{"embeddable":true,"href":"https:\/\/www.strzelnica-magnum.pl\/en\/wp-json\/wp\/v2\/comments?post=3181"}],"wp:featuredmedia":[{"embeddable":true,"href":"https:\/\/www.strzelnica-magnum.pl\/en\/wp-json\/wp\/v2\/media\/3182"}],"wp:attachment":[{"href":"https:\/\/www.strzelnica-magnum.pl\/en\/wp-json\/wp\/v2\/media?parent=3181"}],"wp:term":[{"taxonomy":"product_cat","embeddable":true,"href":"https:\/\/www.strzelnica-magnum.pl\/en\/wp-json\/wp\/v2\/product_cat?post=3181"},{"taxonomy":"product_tag","embeddable":true,"href":"https:\/\/www.strzelnica-magnum.pl\/en\/wp-json\/wp\/v2\/product_tag?post=3181"}],"curies":[{"name":"wp","href":"https:\/\/api.w.org\/{rel}","templated":true}]}}