{"id":3172,"date":"2025-06-26T14:40:45","date_gmt":"2025-06-26T14:40:45","guid":{"rendered":"https:\/\/www.strzelnica-magnum.pl\/?post_type=product&#038;p=3172"},"modified":"2025-06-26T14:44:15","modified_gmt":"2025-06-26T14:44:15","slug":"cz-bren-2-ms-carbine-223-rem","status":"publish","type":"product","link":"https:\/\/www.strzelnica-magnum.pl\/en\/uzbrojenie\/bron-dluga\/cz-bren-2-ms-carbine-223-rem\/","title":{"rendered":"CZ BREN 2 Ms Carbine .223Rem"},"content":{"rendered":"<p><strong>CZ BREN 2 Ms Carbine 223 Rem<\/strong> <\/p>\n<p>Karabinek samopowtarzalny CZ BREN 2 Ms jest zasilany popularnym nabojem 223 Rem. Wyposa\u017cony jest w d\u0142ugie, wymienne cz\u00f3\u0142enko (\u0142o\u017ce), luf\u0119 o d\u0142ugo\u015bci 425 mm oraz przed\u0142u\u017con\u0105, sk\u0142adan\u0105\/teleskopow\u0105 kolb\u0119 z podwy\u017cszon\u0105 bak\u0105 policzkow\u0105. Jego konstrukcja jest zoptymalizowana pod k\u0105tem celnego strzelania, nawet na wi\u0119kszych dystansach. Standardowe wyposa\u017cenie obejmuje 10-nabojowy magazynek oraz mechaniczne przyrz\u0105dy celownicze.<\/p>\n<p>Dost\u0119pne wersje:<br \/>\n&#8211; 16,5&#8243;<br \/>\n&#8211; 11&#8243;<br \/>\nCena <strong>10 900 z\u0142<\/strong><\/p>\n<p><em>Bro\u0144 palna, amunicja i istotne elementy broni nie s\u0105 sprzedawane on-line. Mo\u017cna je naby\u0107 osobi\u015bcie w naszym sklepie. Warunkiem nabycia broni jest przed\u0142o\u017cenie aktualnego za\u015bwiadczenia (promesy) uprawniaj\u0105cej do zakupu broni oraz dowodu osobistego. Niniejsz\u0105 ofert\u0119 zamieszczamy w celu pogl\u0105dowym. Przed zakupem broni prosimy o kontakt telefoniczny.<\/em><\/p>\n","protected":false},"excerpt":{"rendered":"<p>CZ BREN 2 Ms Carbine 223 Rem Karabinek samopowtarzalny CZ BREN 2 Ms jest zasilany popularnym nabojem 223 Rem. Wyposa\u017cony jest w d\u0142ugie, wymienne cz\u00f3\u0142enko (\u0142o\u017ce),<span class=\"excerpt-hellip\"> [\u2026]<\/span><\/p>\n","protected":false},"featured_media":3175,"comment_status":"closed","ping_status":"closed","template":"","meta":[],"product_cat":[43,50],"product_tag":[],"class_list":{"0":"post-3172","1":"product","2":"type-product","3":"status-publish","4":"has-post-thumbnail","6":"product_cat-bron-dluga","7":"product_cat-cz-2","9":"first","10":"instock","11":"shipping-taxable","12":"product-type-simple"},"_links":{"self":[{"href":"https:\/\/www.strzelnica-magnum.pl\/en\/wp-json\/wp\/v2\/product\/3172","targetHints":{"allow":["GET"]}}],"collection":[{"href":"https:\/\/www.strzelnica-magnum.pl\/en\/wp-json\/wp\/v2\/product"}],"about":[{"href":"https:\/\/www.strzelnica-magnum.pl\/en\/wp-json\/wp\/v2\/types\/product"}],"replies":[{"embeddable":true,"href":"https:\/\/www.strzelnica-magnum.pl\/en\/wp-json\/wp\/v2\/comments?post=3172"}],"wp:featuredmedia":[{"embeddable":true,"href":"https:\/\/www.strzelnica-magnum.pl\/en\/wp-json\/wp\/v2\/media\/3175"}],"wp:attachment":[{"href":"https:\/\/www.strzelnica-magnum.pl\/en\/wp-json\/wp\/v2\/media?parent=3172"}],"wp:term":[{"taxonomy":"product_cat","embeddable":true,"href":"https:\/\/www.strzelnica-magnum.pl\/en\/wp-json\/wp\/v2\/product_cat?post=3172"},{"taxonomy":"product_tag","embeddable":true,"href":"https:\/\/www.strzelnica-magnum.pl\/en\/wp-json\/wp\/v2\/product_tag?post=3172"}],"curies":[{"name":"wp","href":"https:\/\/api.w.org\/{rel}","templated":true}]}}