{"id":3166,"date":"2025-06-26T14:33:46","date_gmt":"2025-06-26T14:33:46","guid":{"rendered":"https:\/\/www.strzelnica-magnum.pl\/?post_type=product&#038;p=3166"},"modified":"2025-06-26T14:33:46","modified_gmt":"2025-06-26T14:33:46","slug":"cz-scorpion-evo-3-s1-22lr","status":"publish","type":"product","link":"https:\/\/www.strzelnica-magnum.pl\/en\/uzbrojenie\/bron-dluga\/cz-scorpion-evo-3-s1-22lr\/","title":{"rendered":"CZ Scorpion EVO 3 S1 .22LR"},"content":{"rendered":"<p><strong>CZ Scorpion EVO 3 S1 .22LR<\/strong> <\/p>\n<p>Ekskluzywny, samopowtarzalny model do strzelectwa sportowego na amunicj\u0119 22 LR. Zachowuje wszystkie zalety popularnej na ca\u0142ym \u015bwiecie serii CZ SCORPION EVO 3 S1, takie jak niska waga, zaawansowana ergonomia, wysoka celno\u015b\u0107, komfortowa obs\u0142uga, niezr\u00f3wnana \u0142atwo\u015b\u0107 demonta\u017cu, ekstremalna niezawodno\u015b\u0107 i niezwykle szybkie prze\u0142adowanie, a dodatkowo minimalny odrzut i praktycznie zerowe zu\u017cycie lufy. Jego dynamiczny zamek jest zoptymalizowany pod k\u0105tem niezawodnej pracy ze wszystkimi rodzajami naboj\u00f3w. Wersja z luf\u0105 8&#8243; (200 mm) jest wyposa\u017cona w t\u0142umik p\u0142omienia. Model ten posiada sk\u0142adan\u0105\/teleskopow\u0105 kolb\u0119, regulowane przyrz\u0105dy celownicze oraz 10-nabojowy polimerowy magazynek.<\/p>\n<p>Cena <strong>5 700 z\u0142<\/strong><\/p>\n<p><em>Bro\u0144 palna, amunicja i istotne elementy broni nie s\u0105 sprzedawane on-line. Mo\u017cna je naby\u0107 osobi\u015bcie w naszym sklepie. Warunkiem nabycia broni jest przed\u0142o\u017cenie aktualnego za\u015bwiadczenia (promesy) uprawniaj\u0105cej do zakupu broni oraz dowodu osobistego. Niniejsz\u0105 ofert\u0119 zamieszczamy w celu pogl\u0105dowym. Przed zakupem broni prosimy o kontakt telefoniczny.<\/em><\/p>\n","protected":false},"excerpt":{"rendered":"<p>CZ Scorpion EVO 3 S1 .22LR Ekskluzywny, samopowtarzalny model do strzelectwa sportowego na amunicj\u0119 22 LR. Zachowuje wszystkie zalety popularnej na ca\u0142ym \u015bwiecie serii CZ SCORPION<span class=\"excerpt-hellip\"> [\u2026]<\/span><\/p>\n","protected":false},"featured_media":3167,"comment_status":"closed","ping_status":"closed","template":"","meta":[],"product_cat":[43,50],"product_tag":[],"class_list":{"0":"post-3166","1":"product","2":"type-product","3":"status-publish","4":"has-post-thumbnail","6":"product_cat-bron-dluga","7":"product_cat-cz-2","9":"first","10":"instock","11":"shipping-taxable","12":"product-type-simple"},"_links":{"self":[{"href":"https:\/\/www.strzelnica-magnum.pl\/en\/wp-json\/wp\/v2\/product\/3166","targetHints":{"allow":["GET"]}}],"collection":[{"href":"https:\/\/www.strzelnica-magnum.pl\/en\/wp-json\/wp\/v2\/product"}],"about":[{"href":"https:\/\/www.strzelnica-magnum.pl\/en\/wp-json\/wp\/v2\/types\/product"}],"replies":[{"embeddable":true,"href":"https:\/\/www.strzelnica-magnum.pl\/en\/wp-json\/wp\/v2\/comments?post=3166"}],"wp:featuredmedia":[{"embeddable":true,"href":"https:\/\/www.strzelnica-magnum.pl\/en\/wp-json\/wp\/v2\/media\/3167"}],"wp:attachment":[{"href":"https:\/\/www.strzelnica-magnum.pl\/en\/wp-json\/wp\/v2\/media?parent=3166"}],"wp:term":[{"taxonomy":"product_cat","embeddable":true,"href":"https:\/\/www.strzelnica-magnum.pl\/en\/wp-json\/wp\/v2\/product_cat?post=3166"},{"taxonomy":"product_tag","embeddable":true,"href":"https:\/\/www.strzelnica-magnum.pl\/en\/wp-json\/wp\/v2\/product_tag?post=3166"}],"curies":[{"name":"wp","href":"https:\/\/api.w.org\/{rel}","templated":true}]}}