{"id":3163,"date":"2025-06-26T14:25:19","date_gmt":"2025-06-26T14:25:19","guid":{"rendered":"https:\/\/www.strzelnica-magnum.pl\/?post_type=product&#038;p=3163"},"modified":"2025-06-26T14:25:19","modified_gmt":"2025-06-26T14:25:19","slug":"cz-scorpion-evo-3-s2-micro","status":"publish","type":"product","link":"https:\/\/www.strzelnica-magnum.pl\/en\/uzbrojenie\/bron-dluga\/cz-scorpion-evo-3-s2-micro\/","title":{"rendered":"CZ Scorpion EVO 3 S2 Micro"},"content":{"rendered":"<p><strong>CZ Scorpion EVO 3 S2 Micro<\/strong> <\/p>\n<p>Wysoce kompaktowa, samopowtarzalna bro\u0144 palna kalibru 9&#215;19, oparta na popularnej na ca\u0142ym \u015bwiecie platformie serii CZ SCORPION EVO 3 w kategorii karabink\u00f3w na amunicj\u0119 pistoletow\u0105 (Pistol Caliber Carbine).<\/p>\n<p>Pomimo lufy o d\u0142ugo\u015bci zaledwie 140 mm (5,5 cala), bro\u0144 nadal strzela z imponuj\u0105c\u0105 celno\u015bci\u0105. Efektywny, spiralny tr\u00f3jramienny t\u0142umik p\u0142omienia przyczynia si\u0119 do zwi\u0119kszonego komfortu strzelania. Dla zapewnienia pewnego i bezpiecznego chwytu zastosowano kr\u00f3tkie cz\u00f3\u0142enko (\u0142o\u017ce) wykonane z bardzo wytrzyma\u0142ego stopu aluminium, z zamontowan\u0105 na dolnej cz\u0119\u015bci os\u0142on\u0105 d\u0142oni (hand stop). U\u017cytkownicy maj\u0105 do dyspozycji obszerne interfejsy monta\u017cowe Picatinny oraz M-LOK.<\/p>\n<p>Cena <strong>6 000 z\u0142<\/strong><\/p>\n<p><em>Bro\u0144 palna, amunicja i istotne elementy broni nie s\u0105 sprzedawane on-line. Mo\u017cna je naby\u0107 osobi\u015bcie w naszym sklepie. Warunkiem nabycia broni jest przed\u0142o\u017cenie aktualnego za\u015bwiadczenia (promesy) uprawniaj\u0105cej do zakupu broni oraz dowodu osobistego. Niniejsz\u0105 ofert\u0119 zamieszczamy w celu pogl\u0105dowym. Przed zakupem broni prosimy o kontakt telefoniczny.<\/em><\/p>\n","protected":false},"excerpt":{"rendered":"<p>CZ Scorpion EVO 3 S2 Micro Wysoce kompaktowa, samopowtarzalna bro\u0144 palna kalibru 9&#215;19, oparta na popularnej na ca\u0142ym \u015bwiecie platformie serii CZ SCORPION EVO 3 w<span class=\"excerpt-hellip\"> [\u2026]<\/span><\/p>\n","protected":false},"featured_media":3164,"comment_status":"closed","ping_status":"closed","template":"","meta":[],"product_cat":[43,50],"product_tag":[],"class_list":{"0":"post-3163","1":"product","2":"type-product","3":"status-publish","4":"has-post-thumbnail","6":"product_cat-bron-dluga","7":"product_cat-cz-2","9":"first","10":"instock","11":"shipping-taxable","12":"product-type-simple"},"_links":{"self":[{"href":"https:\/\/www.strzelnica-magnum.pl\/en\/wp-json\/wp\/v2\/product\/3163","targetHints":{"allow":["GET"]}}],"collection":[{"href":"https:\/\/www.strzelnica-magnum.pl\/en\/wp-json\/wp\/v2\/product"}],"about":[{"href":"https:\/\/www.strzelnica-magnum.pl\/en\/wp-json\/wp\/v2\/types\/product"}],"replies":[{"embeddable":true,"href":"https:\/\/www.strzelnica-magnum.pl\/en\/wp-json\/wp\/v2\/comments?post=3163"}],"wp:featuredmedia":[{"embeddable":true,"href":"https:\/\/www.strzelnica-magnum.pl\/en\/wp-json\/wp\/v2\/media\/3164"}],"wp:attachment":[{"href":"https:\/\/www.strzelnica-magnum.pl\/en\/wp-json\/wp\/v2\/media?parent=3163"}],"wp:term":[{"taxonomy":"product_cat","embeddable":true,"href":"https:\/\/www.strzelnica-magnum.pl\/en\/wp-json\/wp\/v2\/product_cat?post=3163"},{"taxonomy":"product_tag","embeddable":true,"href":"https:\/\/www.strzelnica-magnum.pl\/en\/wp-json\/wp\/v2\/product_tag?post=3163"}],"curies":[{"name":"wp","href":"https:\/\/api.w.org\/{rel}","templated":true}]}}